{"id":101,"date":"2014-08-13T17:45:44","date_gmt":"2014-08-13T15:45:44","guid":{"rendered":"http:\/\/teka.de\/?page_id=101"},"modified":"2022-09-30T12:29:32","modified_gmt":"2022-09-30T16:29:32","slug":"werksbeton","status":"publish","type":"page","link":"https:\/\/tekamixers.com\/de\/mischanlagen\/werksbeton\/","title":{"rendered":"Werksbeton"},"content":{"rendered":"\n<style type=\"text\/css\" data-created_by=\"avia_inline_auto\" id=\"style-css-av-jyo4yk01-e19c03396c510e0190347f63c9caa738\">\n.avia-section.av-jyo4yk01-e19c03396c510e0190347f63c9caa738{\nbackground-repeat:no-repeat;\nbackground-image:url(https:\/\/tekamixers.com\/wp-content\/uploads\/2019\/08\/Mischanlage-Banner.jpg);\nbackground-position:50% 50%;\nbackground-attachment:scroll;\n}\n<\/style>\n<div id='av_section_1'  class='avia-section av-jyo4yk01-e19c03396c510e0190347f63c9caa738 main_color avia-section-default avia-no-border-styling  avia-builder-el-0  el_before_av_one_half  avia-builder-el-first  avia-full-stretch avia-bg-style-scroll av-minimum-height av-minimum-height-50 av-height-50  container_wrap fullsize'  data-section-bg-repeat='stretch' data-av_minimum_height_pc='50' data-av_min_height_opt='50'><div class='container av-section-cont-open' ><main  role=\"main\" itemprop=\"mainContentOfPage\"  class='template-page content  av-content-full alpha units'><div class='post-entry post-entry-type-page post-entry-101'><div class='entry-content-wrapper clearfix'><\/div><\/div><\/main><!-- close content main element --><\/div><\/div><div id='after_section_1'  class='main_color av_default_container_wrap container_wrap fullsize'  ><div class='container av-section-cont-open' ><div class='template-page content  av-content-full alpha units'><div class='post-entry post-entry-type-page post-entry-101'><div class='entry-content-wrapper clearfix'>\n<div class='flex_column_table av-5qxs0-b3d2eec0d5d9015b27cc979d01af1e51 sc-av_one_half av-equal-height-column-flextable'>\n<style type=\"text\/css\" data-created_by=\"avia_inline_auto\" id=\"style-css-av-5qxs0-b3d2eec0d5d9015b27cc979d01af1e51\">\n#top .flex_column_table.av-equal-height-column-flextable.av-5qxs0-b3d2eec0d5d9015b27cc979d01af1e51{\nmargin-top:-117px;\nmargin-bottom:0px;\n}\n.flex_column.av-5qxs0-b3d2eec0d5d9015b27cc979d01af1e51{\nborder-radius:0px 0px 0px 0px;\npadding:10px 10px 10px 10px;\nbackground-color:#f38431;\n}\n<\/style>\n<div  class='flex_column av-5qxs0-b3d2eec0d5d9015b27cc979d01af1e51 av_one_half  avia-builder-el-1  el_after_av_section  el_before_av_one_half  avia-builder-el-first  first flex_column_table_cell av-equal-height-column av-align-top  '     ><style type=\"text\/css\" data-created_by=\"avia_inline_auto\" id=\"style-css-av-jypjs6rb-9268d8002c95d3373f75d18678bc4ad3\">\n#top .av-special-heading.av-jypjs6rb-9268d8002c95d3373f75d18678bc4ad3{\npadding-bottom:10px;\ncolor:#ffffff;\n}\nbody .av-special-heading.av-jypjs6rb-9268d8002c95d3373f75d18678bc4ad3 .av-special-heading-tag .heading-char{\nfont-size:25px;\n}\n.av-special-heading.av-jypjs6rb-9268d8002c95d3373f75d18678bc4ad3 .special-heading-inner-border{\nborder-color:#ffffff;\n}\n.av-special-heading.av-jypjs6rb-9268d8002c95d3373f75d18678bc4ad3 .av-subheading{\nfont-size:15px;\n}\n<\/style>\n<div  class='av-special-heading av-jypjs6rb-9268d8002c95d3373f75d18678bc4ad3 av-special-heading-h1 custom-color-heading blockquote modern-quote  avia-builder-el-2  avia-builder-el-no-sibling '><h1 class='av-special-heading-tag '  itemprop=\"headline\"  >Werksbeton<\/h1><div class=\"special-heading-border\"><div class=\"special-heading-inner-border\"><\/div><\/div><\/div><\/div>\n<div class='av-flex-placeholder'><\/div>\n<style type=\"text\/css\" data-created_by=\"avia_inline_auto\" id=\"style-css-av-96ukl-ff8509bb50a8785382ca7db86cc4d562\">\n#top .flex_column_table.av-equal-height-column-flextable.av-96ukl-ff8509bb50a8785382ca7db86cc4d562{\nmargin-top:-117px;\nmargin-bottom:0px;\n}\n.flex_column.av-96ukl-ff8509bb50a8785382ca7db86cc4d562{\nborder-radius:0px 0px 0px 0px;\npadding:0px 0px 0px 0px;\n}\n<\/style>\n<div  class='flex_column av-96ukl-ff8509bb50a8785382ca7db86cc4d562 av_one_half  avia-builder-el-3  el_after_av_one_half  el_before_av_one_half  flex_column_table_cell av-equal-height-column av-align-top av-zero-column-padding  '     ><\/div><\/div><!--close column table wrapper. Autoclose: 1 -->\n<div  class='flex_column av-pdna5-20f664c1fce1b1ee2896684f5c6242e1 av_one_half  avia-builder-el-4  el_after_av_one_half  el_before_av_one_fourth  first flex_column_div  column-top-margin'     ><p><section  class='av_textblock_section av-2d7z9-04b7f93081a74f60a80d5d2caef2f99e '   itemscope=\"itemscope\" itemtype=\"https:\/\/schema.org\/CreativeWork\" ><div class='avia_textblock'  itemprop=\"text\" ><p>TEKA plant, konstruiert, fertigt und montiert Verwiege- und Mischanlagen nach den Bed\u00fcrfnissen der Kunden und bietet ma\u00dfgeschneiderte L\u00f6sungen nach modernstem technischem Standard. \u00dcber Jahrzehnte wurden vielf\u00e4ltige Anlagenkonzepte unter anderem in Fertigteil-, Betonwaren \u2013 und Betonelementwerken, etc. verwirklicht.<\/p>\n<p>Diese Anlagen mit TEKA Ringtrog- oder TEKA Planetenmischer gelten heute als Referenzen f\u00fcr moderne Misch- und Anlagentechnik auf h\u00f6chstem Niveau.<\/p>\n<\/div><\/section><br \/>\n<section  class='av_textblock_section av-72w05-827f1af33977382432559a796303c104 '   itemscope=\"itemscope\" itemtype=\"https:\/\/schema.org\/CreativeWork\" ><div class='avia_textblock'  itemprop=\"text\" ><ul>\n<li>Enorme Vielfalt an unterschiedlichen Mischanlagen<\/li>\n<li>Praxisnahe L\u00f6sungen<\/li>\n<li>Hohe Bedienerfreundlichkeit<\/li>\n<li>Optimale Zug\u00e4nglichkeit zu s\u00e4mtlichen Anlagenkomponenten<\/li>\n<\/ul>\n<\/div><\/section><\/p><\/div>\n\n<style type=\"text\/css\" data-created_by=\"avia_inline_auto\" id=\"style-css-av-11to9-8c1b5e712290613b94898ab4b771d23d\">\n.flex_column.av-11to9-8c1b5e712290613b94898ab4b771d23d{\nborder-radius:0px 0px 0px 0px;\npadding:0px 0px 0px 0px;\n}\n<\/style>\n<div  class='flex_column av-11to9-8c1b5e712290613b94898ab4b771d23d av_one_fourth  avia-builder-el-7  el_after_av_one_half  el_before_av_one_fourth  flex_column_div av-zero-column-padding  column-top-margin'     ><section  class='av_textblock_section av-1ciml-02e64e248ad1ba28e7f002e97012eff4 '   itemscope=\"itemscope\" itemtype=\"https:\/\/schema.org\/CreativeWork\" ><div class='avia_textblock'  itemprop=\"text\" ><p><img loading=\"lazy\" decoding=\"async\" class=\"size-full wp-image-4658 alignnone\" src=\"https:\/\/tekamixers.com\/wp-content\/uploads\/2019\/07\/pdf-download.png\" alt=\"\" width=\"74\" height=\"100\" \/><br \/>\nLaden Sie sich die <a href=\"https:\/\/tekamixers.com\/wp-content\/uploads\/2015\/11\/2015-Verwiege_Mischanlagen.pdf\" target=\"_blank\" rel=\"noopener noreferrer\">Produkt Brosch\u00fcre<\/a> als PDF-Datei.<\/p>\n<\/div><\/section><\/div>\n\n<style type=\"text\/css\" data-created_by=\"avia_inline_auto\" id=\"style-css-av-11to9-8c1b5e712290613b94898ab4b771d23d\">\n.flex_column.av-11to9-8c1b5e712290613b94898ab4b771d23d{\nborder-radius:0px 0px 0px 0px;\npadding:0px 0px 0px 0px;\n}\n<\/style>\n<div  class='flex_column av-11to9-8c1b5e712290613b94898ab4b771d23d av_one_fourth  avia-builder-el-9  el_after_av_one_fourth  avia-builder-el-last  flex_column_div av-zero-column-padding  column-top-margin'     ><\/div>\n","protected":false},"excerpt":{"rendered":"","protected":false},"author":7,"featured_media":0,"parent":99,"menu_order":0,"comment_status":"closed","ping_status":"closed","template":"","meta":{"footnotes":""},"class_list":["post-101","page","type-page","status-publish","hentry"],"_links":{"self":[{"href":"https:\/\/tekamixers.com\/de\/wp-json\/wp\/v2\/pages\/101","targetHints":{"allow":["GET"]}}],"collection":[{"href":"https:\/\/tekamixers.com\/de\/wp-json\/wp\/v2\/pages"}],"about":[{"href":"https:\/\/tekamixers.com\/de\/wp-json\/wp\/v2\/types\/page"}],"author":[{"embeddable":true,"href":"https:\/\/tekamixers.com\/de\/wp-json\/wp\/v2\/users\/7"}],"replies":[{"embeddable":true,"href":"https:\/\/tekamixers.com\/de\/wp-json\/wp\/v2\/comments?post=101"}],"version-history":[{"count":10,"href":"https:\/\/tekamixers.com\/de\/wp-json\/wp\/v2\/pages\/101\/revisions"}],"predecessor-version":[{"id":4881,"href":"https:\/\/tekamixers.com\/de\/wp-json\/wp\/v2\/pages\/101\/revisions\/4881"}],"up":[{"embeddable":true,"href":"https:\/\/tekamixers.com\/de\/wp-json\/wp\/v2\/pages\/99"}],"wp:attachment":[{"href":"https:\/\/tekamixers.com\/de\/wp-json\/wp\/v2\/media?parent=101"}],"curies":[{"name":"wp","href":"https:\/\/api.w.org\/{rel}","templated":true}]}}