{"id":112,"date":"2014-08-13T20:36:03","date_gmt":"2014-08-13T18:36:03","guid":{"rendered":"http:\/\/teka.de\/?page_id=112"},"modified":"2022-09-30T12:29:47","modified_gmt":"2022-09-30T16:29:47","slug":"schrappgeraet-tsths","status":"publish","type":"page","link":"https:\/\/tekamixers.com\/de\/schrapper\/schrappgeraet-tsths\/","title":{"rendered":"Schrappger\u00e4t \u2013 TS\/THS"},"content":{"rendered":"\n<style type=\"text\/css\" data-created_by=\"avia_inline_auto\" id=\"style-css-av-jyo4yk01-6f1e1371ef43b9f486995d3f8cbb87e9\">\n.avia-section.av-jyo4yk01-6f1e1371ef43b9f486995d3f8cbb87e9{\nbackground-repeat:no-repeat;\nbackground-image:url(https:\/\/tekamixers.com\/wp-content\/uploads\/2019\/08\/Transportbeton.jpg);\nbackground-position:50% 50%;\nbackground-attachment:scroll;\n}\n<\/style>\n<div id='av_section_1'  class='avia-section av-jyo4yk01-6f1e1371ef43b9f486995d3f8cbb87e9 main_color avia-section-default avia-no-border-styling  avia-builder-el-0  el_before_av_one_half  avia-builder-el-first  avia-full-stretch avia-bg-style-scroll av-minimum-height av-minimum-height-50 av-height-50  container_wrap fullsize'  data-section-bg-repeat='stretch' data-av_minimum_height_pc='50' data-av_min_height_opt='50'><div class='container av-section-cont-open' ><main  role=\"main\" itemprop=\"mainContentOfPage\"  class='template-page content  av-content-full alpha units'><div class='post-entry post-entry-type-page post-entry-112'><div class='entry-content-wrapper clearfix'><\/div><\/div><\/main><!-- close content main element --><\/div><\/div><div id='after_section_1'  class='main_color av_default_container_wrap container_wrap fullsize'  ><div class='container av-section-cont-open' ><div class='template-page content  av-content-full alpha units'><div class='post-entry post-entry-type-page post-entry-112'><div class='entry-content-wrapper clearfix'>\n<div class='flex_column_table av-5qxs0-b3d2eec0d5d9015b27cc979d01af1e51 sc-av_one_half av-equal-height-column-flextable'>\n<style type=\"text\/css\" data-created_by=\"avia_inline_auto\" id=\"style-css-av-5qxs0-b3d2eec0d5d9015b27cc979d01af1e51\">\n#top .flex_column_table.av-equal-height-column-flextable.av-5qxs0-b3d2eec0d5d9015b27cc979d01af1e51{\nmargin-top:-117px;\nmargin-bottom:0px;\n}\n.flex_column.av-5qxs0-b3d2eec0d5d9015b27cc979d01af1e51{\nborder-radius:0px 0px 0px 0px;\npadding:10px 10px 10px 10px;\nbackground-color:#f38431;\n}\n<\/style>\n<div  class='flex_column av-5qxs0-b3d2eec0d5d9015b27cc979d01af1e51 av_one_half  avia-builder-el-1  el_after_av_section  el_before_av_one_half  avia-builder-el-first  first flex_column_table_cell av-equal-height-column av-align-top  '     ><style type=\"text\/css\" data-created_by=\"avia_inline_auto\" id=\"style-css-av-jypjaq6p-ba30eceda8f78f5d16e27ee06e655e47\">\n#top .av-special-heading.av-jypjaq6p-ba30eceda8f78f5d16e27ee06e655e47{\npadding-bottom:10px;\ncolor:#ffffff;\n}\nbody .av-special-heading.av-jypjaq6p-ba30eceda8f78f5d16e27ee06e655e47 .av-special-heading-tag .heading-char{\nfont-size:25px;\n}\n.av-special-heading.av-jypjaq6p-ba30eceda8f78f5d16e27ee06e655e47 .special-heading-inner-border{\nborder-color:#ffffff;\n}\n.av-special-heading.av-jypjaq6p-ba30eceda8f78f5d16e27ee06e655e47 .av-subheading{\nfont-size:15px;\n}\n<\/style>\n<div  class='av-special-heading av-jypjaq6p-ba30eceda8f78f5d16e27ee06e655e47 av-special-heading-h1 custom-color-heading blockquote modern-quote  avia-builder-el-2  avia-builder-el-no-sibling '><h1 class='av-special-heading-tag '  itemprop=\"headline\"  >Schrappger\u00e4t\u2013TS\/THS<\/h1><div class=\"special-heading-border\"><div class=\"special-heading-inner-border\"><\/div><\/div><\/div><\/div>\n<div class='av-flex-placeholder'><\/div>\n<style type=\"text\/css\" data-created_by=\"avia_inline_auto\" id=\"style-css-av-8qn8w-9fa87aca8ad13e1ab5b9685241b7c6c4\">\n#top .flex_column_table.av-equal-height-column-flextable.av-8qn8w-9fa87aca8ad13e1ab5b9685241b7c6c4{\nmargin-top:-117px;\nmargin-bottom:0px;\n}\n.flex_column.av-8qn8w-9fa87aca8ad13e1ab5b9685241b7c6c4{\nborder-radius:0px 0px 0px 0px;\npadding:0px 0px 0px 0px;\n}\n<\/style>\n<div  class='flex_column av-8qn8w-9fa87aca8ad13e1ab5b9685241b7c6c4 av_one_half  avia-builder-el-3  el_after_av_one_half  el_before_av_one_half  flex_column_table_cell av-equal-height-column av-align-top av-zero-column-padding  '     ><\/div><\/div><!--close column table wrapper. Autoclose: 1 -->\n<div  class='flex_column av-zg3wg-0382e0606bd3325cdf87e2b4cd1cfe04 av_one_half  avia-builder-el-4  el_after_av_one_half  el_before_av_one_fourth  first flex_column_div  column-top-margin'     ><p><section  class='av_textblock_section av-2n60g-267029d2eb87371595285963f0d2e7b8 '   itemscope=\"itemscope\" itemtype=\"https:\/\/schema.org\/CreativeWork\" ><div class='avia_textblock'  itemprop=\"text\" ><p>Erg\u00e4nzend zu unserem Programm bieten wir manuelle, halbautomatische sowie vollautomatische TEKA Hochleistungs-Schrappger\u00e4te TS \/ THS an. Diese Schrappger\u00e4te besitzen eine zuverl\u00e4ssige Technik mit einer einfachen Bedienung und Wartung f\u00fcr hohe Dauerleistungen. TEKA Schrappger\u00e4te gibt es in Leistungsklassen von 40 \u2013 160 m\u00b3\/h lose Masse mit unterschiedlichen Auslegerl\u00e4ngen bis zu maximal 22 m.<\/p>\n<\/div><\/section><br \/>\n<section  class='av_textblock_section av-ctm54-cee309377aa48b1ac547d135baa1545f '   itemscope=\"itemscope\" itemtype=\"https:\/\/schema.org\/CreativeWork\" ><div class='avia_textblock'  itemprop=\"text\" ><ul>\n<li>Weltweit im Einsatz<\/li>\n<li>Ausgereifte und zuverl\u00e4ssige Technik f\u00fcr den Dauereinsatz<\/li>\n<\/ul>\n<\/div><\/section><\/p><\/div>\n\n<style type=\"text\/css\" data-created_by=\"avia_inline_auto\" id=\"style-css-av-11to9-8c1b5e712290613b94898ab4b771d23d\">\n.flex_column.av-11to9-8c1b5e712290613b94898ab4b771d23d{\nborder-radius:0px 0px 0px 0px;\npadding:0px 0px 0px 0px;\n}\n<\/style>\n<div  class='flex_column av-11to9-8c1b5e712290613b94898ab4b771d23d av_one_fourth  avia-builder-el-7  el_after_av_one_half  el_before_av_one_fourth  flex_column_div av-zero-column-padding  column-top-margin'     ><section  class='av_textblock_section av-1ciml-8f68447407e06ec0608051ef0de7ea98 '   itemscope=\"itemscope\" itemtype=\"https:\/\/schema.org\/CreativeWork\" ><div class='avia_textblock'  itemprop=\"text\" ><p style=\"text-align: left;\"><a href=\"https:\/\/tekamixers.com\/wp-content\/uploads\/2022\/07\/22_0299_Flyer-Schrapper_DIN_A4_Lay5.pdf\" target=\"_blank\" rel=\"noopener\">Laden Sie sich die Produkt Brosch\u00fcre als PDF-Datei.<\/a><img loading=\"lazy\" decoding=\"async\" class=\"size-full wp-image-4658 alignleft\" src=\"https:\/\/tekamixers.com\/wp-content\/uploads\/2019\/07\/pdf-download.png\" alt=\"\" width=\"74\" height=\"100\" \/><\/p>\n<\/div><\/section><\/div>\n<style type=\"text\/css\" data-created_by=\"avia_inline_auto\" id=\"style-css-av-11to9-8c1b5e712290613b94898ab4b771d23d\">\n.flex_column.av-11to9-8c1b5e712290613b94898ab4b771d23d{\nborder-radius:0px 0px 0px 0px;\npadding:0px 0px 0px 0px;\n}\n<\/style>\n<div  class='flex_column av-11to9-8c1b5e712290613b94898ab4b771d23d av_one_fourth  avia-builder-el-9  el_after_av_one_fourth  el_before_av_gallery  flex_column_div av-zero-column-padding  column-top-margin'     ><\/div><\/p>\n\n<style type=\"text\/css\" data-created_by=\"avia_inline_auto\" id=\"style-css-av-rs34-16044539eab4b46eaab120b0b4e1cecf\">\n#top .avia-gallery.av-rs34-16044539eab4b46eaab120b0b4e1cecf .avia-gallery-thumb a{\nwidth:33.3333%;\n}\n<\/style>\n<div  class='avia-gallery av-rs34-16044539eab4b46eaab120b0b4e1cecf avia_animate_when_visible  avia-builder-el-10  el_after_av_one_fourth  avia-builder-el-last  avia_lazyload avia-gallery-animate avia-gallery-1'  itemprop=\"image\" itemscope=\"itemscope\" itemtype=\"https:\/\/schema.org\/ImageObject\" ><meta itemprop=\"contentURL\" content=\"https:\/\/tekamixers.com\/de\/schrapper\/schrappgeraet-tsths\/\"><div class='avia-gallery-thumb'><a href=\"https:\/\/tekamixers.com\/wp-content\/uploads\/2014\/08\/Schrapper-1030x772.jpg\" data-srcset=\"https:\/\/tekamixers.com\/wp-content\/uploads\/2014\/08\/Schrapper-1030x772.jpg 1030w, https:\/\/tekamixers.com\/wp-content\/uploads\/2014\/08\/Schrapper-300x225.jpg 300w, https:\/\/tekamixers.com\/wp-content\/uploads\/2014\/08\/Schrapper-705x528.jpg 705w, https:\/\/tekamixers.com\/wp-content\/uploads\/2014\/08\/Schrapper-450x337.jpg 450w, https:\/\/tekamixers.com\/wp-content\/uploads\/2014\/08\/Schrapper.jpg 1200w\" data-sizes=\"(max-width: 1030px) 100vw, 1030px\" data-rel='gallery-1' data-prev-img='https:\/\/tekamixers.com\/wp-content\/uploads\/2014\/08\/Schrapper-495x400.jpg' class='first_thumb lightbox ' data-onclick='1' title='Schrapper'  itemprop=\"thumbnailUrl\"  ><img decoding=\"async\" fetchpriority=\"high\" class=\"wp-image-385 avia-img-lazy-loading-not-385\"   src=\"https:\/\/tekamixers.com\/wp-content\/uploads\/2014\/08\/Schrapper-495x400.jpg\" width=\"495\" height=\"400\"  title='Schrapper' alt='' srcset=\"https:\/\/tekamixers.com\/wp-content\/uploads\/2014\/08\/Schrapper-495x400.jpg 495w, https:\/\/tekamixers.com\/wp-content\/uploads\/2014\/08\/Schrapper-710x575.jpg 710w\" sizes=\"(max-width: 495px) 100vw, 495px\" \/><div class='big-prev-fake'><img decoding=\"async\" loading=\"lazy\" class=\"wp-image-385 avia-img-lazy-loading-385\"  width=\"495\" height=\"400\" src=\"https:\/\/tekamixers.com\/wp-content\/uploads\/2014\/08\/Schrapper-495x400.jpg\" title='Schrapper' alt='' srcset=\"https:\/\/tekamixers.com\/wp-content\/uploads\/2014\/08\/Schrapper-495x400.jpg 495w, https:\/\/tekamixers.com\/wp-content\/uploads\/2014\/08\/Schrapper-710x575.jpg 710w\" sizes=\"auto, (max-width: 495px) 100vw, 495px\" \/><\/div><\/a><a href=\"https:\/\/tekamixers.com\/wp-content\/uploads\/2014\/08\/Schrapper-THS-Erlangen-1030x712.jpg\" data-srcset=\"https:\/\/tekamixers.com\/wp-content\/uploads\/2014\/08\/Schrapper-THS-Erlangen-1030x712.jpg 1030w, https:\/\/tekamixers.com\/wp-content\/uploads\/2014\/08\/Schrapper-THS-Erlangen-300x207.jpg 300w, https:\/\/tekamixers.com\/wp-content\/uploads\/2014\/08\/Schrapper-THS-Erlangen-705x487.jpg 705w, https:\/\/tekamixers.com\/wp-content\/uploads\/2014\/08\/Schrapper-THS-Erlangen-450x311.jpg 450w, https:\/\/tekamixers.com\/wp-content\/uploads\/2014\/08\/Schrapper-THS-Erlangen.jpg 1200w\" data-sizes=\"(max-width: 1030px) 100vw, 1030px\" data-rel='gallery-1' data-prev-img='https:\/\/tekamixers.com\/wp-content\/uploads\/2014\/08\/Schrapper-THS-Erlangen-495x400.jpg' class='lightbox ' data-onclick='2' title='Schrapper-THS-Erlangen'  itemprop=\"thumbnailUrl\"  ><img decoding=\"async\" fetchpriority=\"high\" class=\"wp-image-384 avia-img-lazy-loading-not-384\"   src=\"https:\/\/tekamixers.com\/wp-content\/uploads\/2014\/08\/Schrapper-THS-Erlangen-495x400.jpg\" width=\"495\" height=\"400\"  title='Schrapper-THS-Erlangen' alt='' srcset=\"https:\/\/tekamixers.com\/wp-content\/uploads\/2014\/08\/Schrapper-THS-Erlangen-495x400.jpg 495w, https:\/\/tekamixers.com\/wp-content\/uploads\/2014\/08\/Schrapper-THS-Erlangen-710x575.jpg 710w\" sizes=\"(max-width: 495px) 100vw, 495px\" \/><div class='big-prev-fake'><img decoding=\"async\" loading=\"lazy\" class=\"wp-image-384 avia-img-lazy-loading-384\"  width=\"495\" height=\"400\" src=\"https:\/\/tekamixers.com\/wp-content\/uploads\/2014\/08\/Schrapper-THS-Erlangen-495x400.jpg\" title='Schrapper-THS-Erlangen' alt='' srcset=\"https:\/\/tekamixers.com\/wp-content\/uploads\/2014\/08\/Schrapper-THS-Erlangen-495x400.jpg 495w, https:\/\/tekamixers.com\/wp-content\/uploads\/2014\/08\/Schrapper-THS-Erlangen-710x575.jpg 710w\" sizes=\"auto, (max-width: 495px) 100vw, 495px\" \/><\/div><\/a><a href=\"https:\/\/tekamixers.com\/wp-content\/uploads\/2014\/08\/Schrapper-THS-Erlangen-2-1030x946.jpg\" data-srcset=\"https:\/\/tekamixers.com\/wp-content\/uploads\/2014\/08\/Schrapper-THS-Erlangen-2-1030x946.jpg 1030w, https:\/\/tekamixers.com\/wp-content\/uploads\/2014\/08\/Schrapper-THS-Erlangen-2-300x275.jpg 300w, https:\/\/tekamixers.com\/wp-content\/uploads\/2014\/08\/Schrapper-THS-Erlangen-2-705x648.jpg 705w, https:\/\/tekamixers.com\/wp-content\/uploads\/2014\/08\/Schrapper-THS-Erlangen-2-450x413.jpg 450w, https:\/\/tekamixers.com\/wp-content\/uploads\/2014\/08\/Schrapper-THS-Erlangen-2.jpg 1200w\" data-sizes=\"(max-width: 1030px) 100vw, 1030px\" data-rel='gallery-1' data-prev-img='https:\/\/tekamixers.com\/wp-content\/uploads\/2014\/08\/Schrapper-THS-Erlangen-2-495x400.jpg' class='lightbox ' data-onclick='3' title='Schrapper-THS-Erlangen-2'  itemprop=\"thumbnailUrl\"  ><img decoding=\"async\" fetchpriority=\"high\" class=\"wp-image-383 avia-img-lazy-loading-not-383\"   src=\"https:\/\/tekamixers.com\/wp-content\/uploads\/2014\/08\/Schrapper-THS-Erlangen-2-495x400.jpg\" width=\"495\" height=\"400\"  title='Schrapper-THS-Erlangen-2' alt='' srcset=\"https:\/\/tekamixers.com\/wp-content\/uploads\/2014\/08\/Schrapper-THS-Erlangen-2-495x400.jpg 495w, https:\/\/tekamixers.com\/wp-content\/uploads\/2014\/08\/Schrapper-THS-Erlangen-2-710x575.jpg 710w\" sizes=\"(max-width: 495px) 100vw, 495px\" \/><div class='big-prev-fake'><img decoding=\"async\" loading=\"lazy\" class=\"wp-image-383 avia-img-lazy-loading-383\"  width=\"495\" height=\"400\" src=\"https:\/\/tekamixers.com\/wp-content\/uploads\/2014\/08\/Schrapper-THS-Erlangen-2-495x400.jpg\" title='Schrapper-THS-Erlangen-2' alt='' srcset=\"https:\/\/tekamixers.com\/wp-content\/uploads\/2014\/08\/Schrapper-THS-Erlangen-2-495x400.jpg 495w, https:\/\/tekamixers.com\/wp-content\/uploads\/2014\/08\/Schrapper-THS-Erlangen-2-710x575.jpg 710w\" sizes=\"auto, (max-width: 495px) 100vw, 495px\" \/><\/div><\/a><a href=\"https:\/\/tekamixers.com\/wp-content\/uploads\/2014\/08\/Schrapper-THS-Berger-Oschatz-1030x667.jpg\" data-srcset=\"https:\/\/tekamixers.com\/wp-content\/uploads\/2014\/08\/Schrapper-THS-Berger-Oschatz-1030x667.jpg 1030w, https:\/\/tekamixers.com\/wp-content\/uploads\/2014\/08\/Schrapper-THS-Berger-Oschatz-300x194.jpg 300w, https:\/\/tekamixers.com\/wp-content\/uploads\/2014\/08\/Schrapper-THS-Berger-Oschatz-705x457.jpg 705w, https:\/\/tekamixers.com\/wp-content\/uploads\/2014\/08\/Schrapper-THS-Berger-Oschatz-450x291.jpg 450w, https:\/\/tekamixers.com\/wp-content\/uploads\/2014\/08\/Schrapper-THS-Berger-Oschatz.jpg 1200w\" data-sizes=\"(max-width: 1030px) 100vw, 1030px\" data-rel='gallery-1' data-prev-img='https:\/\/tekamixers.com\/wp-content\/uploads\/2014\/08\/Schrapper-THS-Berger-Oschatz-495x400.jpg' class='first_thumb lightbox ' data-onclick='4' title='Schrapper-THS-Berger-Oschatz'  itemprop=\"thumbnailUrl\"  ><img decoding=\"async\" fetchpriority=\"high\" class=\"wp-image-382 avia-img-lazy-loading-not-382\"   src=\"https:\/\/tekamixers.com\/wp-content\/uploads\/2014\/08\/Schrapper-THS-Berger-Oschatz-495x400.jpg\" width=\"495\" height=\"400\"  title='Schrapper-THS-Berger-Oschatz' alt='' srcset=\"https:\/\/tekamixers.com\/wp-content\/uploads\/2014\/08\/Schrapper-THS-Berger-Oschatz-495x400.jpg 495w, https:\/\/tekamixers.com\/wp-content\/uploads\/2014\/08\/Schrapper-THS-Berger-Oschatz-710x575.jpg 710w\" sizes=\"(max-width: 495px) 100vw, 495px\" \/><div class='big-prev-fake'><img decoding=\"async\" loading=\"lazy\" class=\"wp-image-382 avia-img-lazy-loading-382\"  width=\"495\" height=\"400\" src=\"https:\/\/tekamixers.com\/wp-content\/uploads\/2014\/08\/Schrapper-THS-Berger-Oschatz-495x400.jpg\" title='Schrapper-THS-Berger-Oschatz' alt='' srcset=\"https:\/\/tekamixers.com\/wp-content\/uploads\/2014\/08\/Schrapper-THS-Berger-Oschatz-495x400.jpg 495w, https:\/\/tekamixers.com\/wp-content\/uploads\/2014\/08\/Schrapper-THS-Berger-Oschatz-710x575.jpg 710w\" sizes=\"auto, (max-width: 495px) 100vw, 495px\" \/><\/div><\/a><a href=\"https:\/\/tekamixers.com\/wp-content\/uploads\/2014\/08\/Schrapper-THS-Berger-Eggenf-1030x778.jpg\" data-srcset=\"https:\/\/tekamixers.com\/wp-content\/uploads\/2014\/08\/Schrapper-THS-Berger-Eggenf-1030x778.jpg 1030w, https:\/\/tekamixers.com\/wp-content\/uploads\/2014\/08\/Schrapper-THS-Berger-Eggenf-300x226.jpg 300w, https:\/\/tekamixers.com\/wp-content\/uploads\/2014\/08\/Schrapper-THS-Berger-Eggenf-705x532.jpg 705w, https:\/\/tekamixers.com\/wp-content\/uploads\/2014\/08\/Schrapper-THS-Berger-Eggenf-450x340.jpg 450w, https:\/\/tekamixers.com\/wp-content\/uploads\/2014\/08\/Schrapper-THS-Berger-Eggenf.jpg 1200w\" data-sizes=\"(max-width: 1030px) 100vw, 1030px\" data-rel='gallery-1' data-prev-img='https:\/\/tekamixers.com\/wp-content\/uploads\/2014\/08\/Schrapper-THS-Berger-Eggenf-495x400.jpg' class='lightbox ' data-onclick='5' title='Schrapper-THS-Berger-Eggenf'  itemprop=\"thumbnailUrl\"  ><img decoding=\"async\" fetchpriority=\"high\" class=\"wp-image-381 avia-img-lazy-loading-not-381\"   src=\"https:\/\/tekamixers.com\/wp-content\/uploads\/2014\/08\/Schrapper-THS-Berger-Eggenf-495x400.jpg\" width=\"495\" height=\"400\"  title='Schrapper-THS-Berger-Eggenf' alt='' srcset=\"https:\/\/tekamixers.com\/wp-content\/uploads\/2014\/08\/Schrapper-THS-Berger-Eggenf-495x400.jpg 495w, https:\/\/tekamixers.com\/wp-content\/uploads\/2014\/08\/Schrapper-THS-Berger-Eggenf-710x575.jpg 710w\" sizes=\"(max-width: 495px) 100vw, 495px\" \/><div class='big-prev-fake'><img decoding=\"async\" loading=\"lazy\" class=\"wp-image-381 avia-img-lazy-loading-381\"  width=\"495\" height=\"400\" src=\"https:\/\/tekamixers.com\/wp-content\/uploads\/2014\/08\/Schrapper-THS-Berger-Eggenf-495x400.jpg\" title='Schrapper-THS-Berger-Eggenf' alt='' srcset=\"https:\/\/tekamixers.com\/wp-content\/uploads\/2014\/08\/Schrapper-THS-Berger-Eggenf-495x400.jpg 495w, https:\/\/tekamixers.com\/wp-content\/uploads\/2014\/08\/Schrapper-THS-Berger-Eggenf-710x575.jpg 710w\" sizes=\"auto, (max-width: 495px) 100vw, 495px\" \/><\/div><\/a><a href=\"https:\/\/tekamixers.com\/wp-content\/uploads\/2014\/08\/Schrapper-THS-Amberg-1030x706.jpg\" data-srcset=\"https:\/\/tekamixers.com\/wp-content\/uploads\/2014\/08\/Schrapper-THS-Amberg-1030x706.jpg 1030w, https:\/\/tekamixers.com\/wp-content\/uploads\/2014\/08\/Schrapper-THS-Amberg-300x205.jpg 300w, https:\/\/tekamixers.com\/wp-content\/uploads\/2014\/08\/Schrapper-THS-Amberg-705x483.jpg 705w, https:\/\/tekamixers.com\/wp-content\/uploads\/2014\/08\/Schrapper-THS-Amberg-450x308.jpg 450w, https:\/\/tekamixers.com\/wp-content\/uploads\/2014\/08\/Schrapper-THS-Amberg.jpg 1200w\" data-sizes=\"(max-width: 1030px) 100vw, 1030px\" data-rel='gallery-1' data-prev-img='https:\/\/tekamixers.com\/wp-content\/uploads\/2014\/08\/Schrapper-THS-Amberg-495x400.jpg' class='lightbox ' data-onclick='6' title='Schrapper-THS-Amberg'  itemprop=\"thumbnailUrl\"  ><img decoding=\"async\" fetchpriority=\"high\" class=\"wp-image-380 avia-img-lazy-loading-not-380\"   src=\"https:\/\/tekamixers.com\/wp-content\/uploads\/2014\/08\/Schrapper-THS-Amberg-495x400.jpg\" width=\"495\" height=\"400\"  title='Schrapper-THS-Amberg' alt='' srcset=\"https:\/\/tekamixers.com\/wp-content\/uploads\/2014\/08\/Schrapper-THS-Amberg-495x400.jpg 495w, https:\/\/tekamixers.com\/wp-content\/uploads\/2014\/08\/Schrapper-THS-Amberg-710x575.jpg 710w\" sizes=\"(max-width: 495px) 100vw, 495px\" \/><div class='big-prev-fake'><img decoding=\"async\" loading=\"lazy\" class=\"wp-image-380 avia-img-lazy-loading-380\"  width=\"495\" height=\"400\" src=\"https:\/\/tekamixers.com\/wp-content\/uploads\/2014\/08\/Schrapper-THS-Amberg-495x400.jpg\" title='Schrapper-THS-Amberg' alt='' srcset=\"https:\/\/tekamixers.com\/wp-content\/uploads\/2014\/08\/Schrapper-THS-Amberg-495x400.jpg 495w, https:\/\/tekamixers.com\/wp-content\/uploads\/2014\/08\/Schrapper-THS-Amberg-710x575.jpg 710w\" sizes=\"auto, (max-width: 495px) 100vw, 495px\" \/><\/div><\/a><\/div><\/div>\n","protected":false},"excerpt":{"rendered":"","protected":false},"author":7,"featured_media":0,"parent":130,"menu_order":0,"comment_status":"closed","ping_status":"closed","template":"","meta":{"footnotes":""},"class_list":["post-112","page","type-page","status-publish","hentry"],"_links":{"self":[{"href":"https:\/\/tekamixers.com\/de\/wp-json\/wp\/v2\/pages\/112","targetHints":{"allow":["GET"]}}],"collection":[{"href":"https:\/\/tekamixers.com\/de\/wp-json\/wp\/v2\/pages"}],"about":[{"href":"https:\/\/tekamixers.com\/de\/wp-json\/wp\/v2\/types\/page"}],"author":[{"embeddable":true,"href":"https:\/\/tekamixers.com\/de\/wp-json\/wp\/v2\/users\/7"}],"replies":[{"embeddable":true,"href":"https:\/\/tekamixers.com\/de\/wp-json\/wp\/v2\/comments?post=112"}],"version-history":[{"count":11,"href":"https:\/\/tekamixers.com\/de\/wp-json\/wp\/v2\/pages\/112\/revisions"}],"predecessor-version":[{"id":5865,"href":"https:\/\/tekamixers.com\/de\/wp-json\/wp\/v2\/pages\/112\/revisions\/5865"}],"up":[{"embeddable":true,"href":"https:\/\/tekamixers.com\/de\/wp-json\/wp\/v2\/pages\/130"}],"wp:attachment":[{"href":"https:\/\/tekamixers.com\/de\/wp-json\/wp\/v2\/media?parent=112"}],"curies":[{"name":"wp","href":"https:\/\/api.w.org\/{rel}","templated":true}]}}