{"id":161,"date":"2014-08-14T11:43:48","date_gmt":"2014-08-14T09:43:48","guid":{"rendered":"http:\/\/teka.de\/?page_id=161"},"modified":"2022-09-30T12:29:29","modified_gmt":"2022-09-30T16:29:29","slug":"impressum","status":"publish","type":"page","link":"https:\/\/tekamixers.com\/de\/impressum\/","title":{"rendered":"Impressum"},"content":{"rendered":"\n<style type=\"text\/css\" data-created_by=\"avia_inline_auto\" id=\"style-css-av-jyo4yk01-f95d0691dba7ceaf7cb7f03b869c248c\">\n.avia-section.av-jyo4yk01-f95d0691dba7ceaf7cb7f03b869c248c{\nbackground-repeat:no-repeat;\nbackground-image:url(https:\/\/tekamixers.com\/wp-content\/uploads\/2019\/07\/Startbild-1.jpg);\nbackground-position:50% 50%;\nbackground-attachment:scroll;\n}\n<\/style>\n<div id='av_section_1'  class='avia-section av-jyo4yk01-f95d0691dba7ceaf7cb7f03b869c248c main_color avia-section-default avia-no-border-styling  avia-builder-el-0  el_before_av_one_half  avia-builder-el-first  avia-full-stretch avia-bg-style-scroll av-minimum-height av-minimum-height-50 av-height-50  container_wrap fullsize'  data-section-bg-repeat='stretch' data-av_minimum_height_pc='50' data-av_min_height_opt='50'><div class='container av-section-cont-open' ><main  role=\"main\" itemprop=\"mainContentOfPage\"  class='template-page content  av-content-full alpha units'><div class='post-entry post-entry-type-page post-entry-161'><div class='entry-content-wrapper clearfix'><\/div><\/div><\/main><!-- close content main element --><\/div><\/div><div id='after_section_1'  class='main_color av_default_container_wrap container_wrap fullsize'  ><div class='container av-section-cont-open' ><div class='template-page content  av-content-full alpha units'><div class='post-entry post-entry-type-page post-entry-161'><div class='entry-content-wrapper clearfix'>\n<div class='flex_column_table av-5qxs0-b3d2eec0d5d9015b27cc979d01af1e51 sc-av_one_half av-equal-height-column-flextable'>\n<style type=\"text\/css\" data-created_by=\"avia_inline_auto\" id=\"style-css-av-5qxs0-b3d2eec0d5d9015b27cc979d01af1e51\">\n#top .flex_column_table.av-equal-height-column-flextable.av-5qxs0-b3d2eec0d5d9015b27cc979d01af1e51{\nmargin-top:-117px;\nmargin-bottom:0px;\n}\n.flex_column.av-5qxs0-b3d2eec0d5d9015b27cc979d01af1e51{\nborder-radius:0px 0px 0px 0px;\npadding:10px 10px 10px 10px;\nbackground-color:#f38431;\n}\n<\/style>\n<div  class='flex_column av-5qxs0-b3d2eec0d5d9015b27cc979d01af1e51 av_one_half  avia-builder-el-1  el_after_av_section  el_before_av_one_half  avia-builder-el-first  first flex_column_table_cell av-equal-height-column av-align-top  '     ><style type=\"text\/css\" data-created_by=\"avia_inline_auto\" id=\"style-css-av-jypjkjh7-4dcdbcd8a66bb8b1cbca5746511ce134\">\n#top .av-special-heading.av-jypjkjh7-4dcdbcd8a66bb8b1cbca5746511ce134{\npadding-bottom:10px;\ncolor:#ffffff;\n}\nbody .av-special-heading.av-jypjkjh7-4dcdbcd8a66bb8b1cbca5746511ce134 .av-special-heading-tag .heading-char{\nfont-size:25px;\n}\n.av-special-heading.av-jypjkjh7-4dcdbcd8a66bb8b1cbca5746511ce134 .special-heading-inner-border{\nborder-color:#ffffff;\n}\n.av-special-heading.av-jypjkjh7-4dcdbcd8a66bb8b1cbca5746511ce134 .av-subheading{\nfont-size:15px;\n}\n<\/style>\n<div  class='av-special-heading av-jypjkjh7-4dcdbcd8a66bb8b1cbca5746511ce134 av-special-heading-h1 custom-color-heading blockquote modern-quote  avia-builder-el-2  avia-builder-el-no-sibling '><h1 class='av-special-heading-tag '  itemprop=\"headline\"  >Impressum<\/h1><div class=\"special-heading-border\"><div class=\"special-heading-inner-border\"><\/div><\/div><\/div><\/div><div class='av-flex-placeholder'><\/div>\n<style type=\"text\/css\" data-created_by=\"avia_inline_auto\" id=\"style-css-av-y2z5-5ff823735a48c3c26abb5a57d02f382d\">\n#top .flex_column_table.av-equal-height-column-flextable.av-y2z5-5ff823735a48c3c26abb5a57d02f382d{\nmargin-top:-117px;\nmargin-bottom:0px;\n}\n.flex_column.av-y2z5-5ff823735a48c3c26abb5a57d02f382d{\nborder-radius:0px 0px 0px 0px;\npadding:0px 0px 0px 0px;\n}\n<\/style>\n<div  class='flex_column av-y2z5-5ff823735a48c3c26abb5a57d02f382d av_one_half  avia-builder-el-3  el_after_av_one_half  el_before_av_one_half  flex_column_table_cell av-equal-height-column av-align-top av-zero-column-padding  '     ><\/div><\/div><!--close column table wrapper. Autoclose: 1 --><\/p>\n<div  class='flex_column av-2r6c9-95cfb8006f49ee8bd9f70d59263e5d46 av_one_half  avia-builder-el-4  el_after_av_one_half  el_before_av_one_half  first flex_column_div  column-top-margin'     ><section  class='av_textblock_section av-noywx-d732cef213530de7a3c62399148a3c5a '   itemscope=\"itemscope\" itemtype=\"https:\/\/schema.org\/CreativeWork\" ><div class='avia_textblock'  itemprop=\"text\" ><h5>Angaben gem\u00e4\u00df \u00a7 5 TMG<\/h5>\n<p>TEKA Maschinenbau GmbH<br \/>\nIn den Seewiesen 2<br \/>\n67480 Edenkoben<\/p>\n<h5>Vertreten durch:<\/h5>\n<p>Markus Gartner MBA<br \/>\nThomas Gartner Dipl.-Ing.(FH)<\/p>\n<h5>Kontakt:<\/h5>\n<p>Tel.: ( 06323 ) 809 &#8211; 0<br \/>\nFax: ( 06323 ) 809 &#8211; 10<\/p>\n<p>E-Mail: <a href=\"mailto:info@teka-maschinenbau.de\">info(at)teka-maschinenbau.de<\/a><br \/>\nInternet: <a href=\"http:\/\/www.teka.de\">www.teka.de<\/a><\/p>\n<h5>Registereintrag:<\/h5>\n<p>Eintragung im Handelsregister.<br \/>\nRegistergericht: Handelsregister Landau<br \/>\nRegisternummer: B1 383<\/p>\n<h5>Umsatzsteuer-ID:<\/h5>\n<p>Umsatzsteuer-Identifikationsnummer gem\u00e4\u00df \u00a727 a Umsatzsteuergesetz:<br \/>\nDE 148930078<\/p>\n<h5>Verantwortlich f\u00fcr den Inhalt nach \u00a7 55 Abs. 2 RStV:<\/h5>\n<p>Markus Gartner MBA<br \/>\nThomas Gartner Dipl.-Ing.(FH)<\/p>\n<h5>Quellenangaben f\u00fcr die verwendeten Bilder und Grafiken:<\/h5>\n<p>Internet:\u00a0<a href=\"http:\/\/www.teka.de\">www.teka.de<\/a><\/p>\n<h5>Quelle:<\/h5>\n<p>http:\/\/www.e-recht24.de<\/p>\n<h5>Design und Programmierung:<\/h5>\n<p><a href=\"http:\/\/klicklabor.de\" target=\"_blank\" rel=\"noopener noreferrer\">Klicklabor<\/a><\/p>\n<\/div><\/section><\/div>\n<div  class='flex_column av-dtsnd-c8a5dcbfb47e8048bb5675878b54e6df av_one_half  avia-builder-el-6  el_after_av_one_half  avia-builder-el-last  flex_column_div  column-top-margin'     ><section  class='av_textblock_section av-7av35-50c6c436d0ecd1fd30cf49c5e798467c '   itemscope=\"itemscope\" itemtype=\"https:\/\/schema.org\/CreativeWork\" ><div class='avia_textblock'  itemprop=\"text\" ><h5>Haftung f\u00fcr Inhalte<\/h5>\n<p>Die Inhalte unserer Seiten wurden mit gr\u00f6\u00dfter Sorgfalt erstellt. F\u00fcr die Richtigkeit, Vollst\u00e4ndigkeit und Aktualit\u00e4t der Inhalte k\u00f6nnen wir jedoch keine Gew\u00e4hr \u00fcbernehmen. Als Diensteanbieter sind wir gem\u00e4\u00df \u00a7 7 Abs.1 TMG f\u00fcr eigene Inhalte auf diesen Seiten nach den allgemeinen Gesetzen verantwortlich. Nach \u00a7\u00a7 8 bis 10 TMG sind wir als Diensteanbieter jedoch nicht verpflichtet, \u00fcbermittelte oder gespeicherte fremde Informationen zu \u00fcberwachen oder nach Umst\u00e4nden zu forschen, die auf eine rechtswidrige T\u00e4tigkeit hinweisen. Verpflichtungen zur Entfernung oder Sperrung der Nutzung von Informationen nach den allgemeinen Gesetzen bleiben hiervon unber\u00fchrt. Eine diesbez\u00fcgliche Haftung ist jedoch erst ab dem Zeitpunkt der Kenntnis einer konkreten Rechtsverletzung m\u00f6glich. Bei Bekanntwerden von entsprechenden Rechtsverletzungen werden wir diese Inhalte umgehend entfernen.<\/p>\n<h5>Haftung f\u00fcr Links<\/h5>\n<p>Unser Angebot enth\u00e4lt Links zu externen Webseiten Dritter, auf deren Inhalte wir keinen Einfluss haben. Deshalb k\u00f6nnen wir f\u00fcr diese fremden Inhalte auch keine Gew\u00e4hr \u00fcbernehmen. F\u00fcr die Inhalte der verlinkten Seiten ist stets der jeweilige Anbieter oder Betreiber der Seiten verantwortlich. Die verlinkten Seiten wurden zum Zeitpunkt der Verlinkung auf m\u00f6gliche Rechtsverst\u00f6\u00dfe \u00fcberpr\u00fcft. Rechtswidrige Inhalte waren zum Zeitpunkt der Verlinkung nicht erkennbar. Eine permanente inhaltliche Kontrolle der verlinkten Seiten ist jedoch ohne konkrete Anhaltspunkte einer Rechtsverletzung nicht zumutbar. Bei Bekanntwerden von Rechtsverletzungen werden wir derartige Links umgehend entfernen.Eine Weiterverwendung der Bilder bedarf unserer Genehmigung bzw. den Verweis auf deren Quelle.<\/p>\n<h5>Urheberrecht<\/h5>\n<p>Die durch die Seitenbetreiber erstellten Inhalte und Werke auf diesen Seiten unterliegen dem deutschen Urheberrecht. Die Vervielf\u00e4ltigung, Bearbeitung, Verbreitung und jede Art der Verwertung au\u00dferhalb der Grenzen des Urheberrechtes bed\u00fcrfen der schriftlichen Zustimmung des jeweiligen Autors bzw. Erstellers. Downloads und Kopien dieser Seite sind nur f\u00fcr den privaten, nicht kommerziellen Gebrauch gestattet. Soweit die Inhalte auf dieser Seite nicht vom Betreiber erstellt wurden, werden die Urheberrechte Dritter beachtet. Insbesondere werden Inhalte Dritter als solche gekennzeichnet. Sollten Sie trotzdem auf eine Urheberrechtsverletzung aufmerksam werden, bitten wir um einen entsprechenden Hinweis. Bei Bekanntwerden von Rechtsverletzungen werden wir derartige Inhalte umgehend entfernen.<\/p>\n<h5>Datenschutz<\/h5>\n<p>Die Nutzung unserer Webseite ist in der Regel ohne Angabe personenbezogener Daten m\u00f6glich. Soweit auf unseren Seiten personenbezogene Daten (beispielsweise Name, Anschrift oder eMail-Adressen) erhoben werden, erfolgt dies, soweit m\u00f6glich, stets auf freiwilliger Basis. Diese Daten werden ohne Ihre ausdr\u00fcckliche Zustimmung nicht an Dritte weitergegeben.<\/p>\n<p>Wir weisen darauf hin, dass die Daten\u00fcbertragung im Internet (z.B. bei der Kommunikation per E-Mail) Sicherheitsl\u00fccken aufweisen kann. Ein l\u00fcckenloser Schutz der Daten vor dem Zugriff durch Dritte ist nicht m\u00f6glich.<\/p>\n<p>Der Nutzung von im Rahmen der Impressumspflicht ver\u00f6ffentlichten Kontaktdaten durch Dritte zur \u00dcbersendung von nicht ausdr\u00fccklich angeforderter Werbung und Informationsmaterialien wird hiermit ausdr\u00fccklich widersprochen. Die Betreiber der Seiten behalten sich ausdr\u00fccklich rechtliche Schritte im Falle der unverlangten Zusendung von Werbeinformationen, etwa durch Spam-Mails, vor.<\/p>\n<h5>Datenschutzerkl\u00e4rung f\u00fcr die Nutzung von Google Analytics<\/h5>\n<p>Diese Website benutzt Google Analytics, einen Webanalysedienst der Google Inc. (&#8222;Google&#8220;). Google Analytics verwendet sog. &#8222;Cookies&#8220;, Textdateien, die auf Ihrem Computer gespeichert werden und die eine Analyse der Benutzung der Website durch Sie erm\u00f6glichen. Die durch den Cookie erzeugten Informationen \u00fcber Ihre Benutzung dieser Website werden in der Regel an einen Server von Google in den USA \u00fcbertragen und dort gespeichert. Im Falle der Aktivierung der IP-Anonymisierung auf dieser Webseite wird Ihre IP-Adresse von Google jedoch innerhalb von Mitgliedstaaten der Europ\u00e4ischen Union oder in anderen Vertragsstaaten des Abkommens \u00fcber den Europ\u00e4ischen Wirtschaftsraum zuvor gek\u00fcrzt.<\/p>\n<p>Nur in Ausnahmef\u00e4llen wird die volle IP-Adresse an einen Server von Google in den USA \u00fcbertragen und dort gek\u00fcrzt. Im Auftrag des Betreibers dieser Website wird Google diese Informationen benutzen, um Ihre Nutzung der Website auszuwerten, um Reports \u00fcber die Websiteaktivit\u00e4ten zusammenzustellen und um weitere mit der Websitenutzung und der Internetnutzung verbundene Dienstleistungen gegen\u00fcber dem Websitebetreiber zu erbringen. Die im Rahmen von Google Analytics von Ihrem Browser \u00fcbermittelte IP-Adresse wird nicht mit anderen Daten von Google zusammengef\u00fchrt.<\/p>\n<p>Sie k\u00f6nnen die Speicherung der Cookies durch eine entsprechende Einstellung Ihrer Browser-Software verhindern; wir weisen Sie jedoch darauf hin, dass Sie in diesem Fall gegebenenfalls nicht s\u00e4mtliche Funktionen dieser Website vollumf\u00e4nglich werden nutzen k\u00f6nnen. Sie k\u00f6nnen dar\u00fcber hinaus die Erfassung der durch das Cookie erzeugten und auf Ihre Nutzung der Website bezogenen Daten (inkl. Ihrer IP-Adresse) an Google sowie die Verarbeitung dieser Daten durch Google verhindern, indem sie das unter dem folgenden Link verf\u00fcgbare Browser-Plugin herunterladen und installieren: tools.google.com\/dlpage\/gaoptout.<\/p>\n<\/div><\/section><\/div>\n","protected":false},"excerpt":{"rendered":"","protected":false},"author":7,"featured_media":0,"parent":0,"menu_order":0,"comment_status":"closed","ping_status":"closed","template":"","meta":{"footnotes":""},"class_list":["post-161","page","type-page","status-publish","hentry"],"_links":{"self":[{"href":"https:\/\/tekamixers.com\/de\/wp-json\/wp\/v2\/pages\/161","targetHints":{"allow":["GET"]}}],"collection":[{"href":"https:\/\/tekamixers.com\/de\/wp-json\/wp\/v2\/pages"}],"about":[{"href":"https:\/\/tekamixers.com\/de\/wp-json\/wp\/v2\/types\/page"}],"author":[{"embeddable":true,"href":"https:\/\/tekamixers.com\/de\/wp-json\/wp\/v2\/users\/7"}],"replies":[{"embeddable":true,"href":"https:\/\/tekamixers.com\/de\/wp-json\/wp\/v2\/comments?post=161"}],"version-history":[{"count":13,"href":"https:\/\/tekamixers.com\/de\/wp-json\/wp\/v2\/pages\/161\/revisions"}],"predecessor-version":[{"id":4806,"href":"https:\/\/tekamixers.com\/de\/wp-json\/wp\/v2\/pages\/161\/revisions\/4806"}],"wp:attachment":[{"href":"https:\/\/tekamixers.com\/de\/wp-json\/wp\/v2\/media?parent=161"}],"curies":[{"name":"wp","href":"https:\/\/api.w.org\/{rel}","templated":true}]}}