{"id":164,"date":"2019-11-13T15:20:51","date_gmt":"2019-11-13T13:20:51","guid":{"rendered":"http:\/\/teka.de\/?page_id=164"},"modified":"2022-09-30T12:29:28","modified_gmt":"2022-09-30T16:29:28","slug":"agb","status":"publish","type":"page","link":"https:\/\/tekamixers.com\/de\/agb\/","title":{"rendered":"AGB"},"content":{"rendered":"\n<style type=\"text\/css\" data-created_by=\"avia_inline_auto\" id=\"style-css-av-jyo4yk01-f95d0691dba7ceaf7cb7f03b869c248c\">\n.avia-section.av-jyo4yk01-f95d0691dba7ceaf7cb7f03b869c248c{\nbackground-repeat:no-repeat;\nbackground-image:url(https:\/\/tekamixers.com\/wp-content\/uploads\/2019\/07\/Startbild-1.jpg);\nbackground-position:50% 50%;\nbackground-attachment:scroll;\n}\n<\/style>\n<div id='av_section_1'  class='avia-section av-jyo4yk01-f95d0691dba7ceaf7cb7f03b869c248c main_color avia-section-default avia-no-border-styling  avia-builder-el-0  el_before_av_one_half  avia-builder-el-first  avia-full-stretch avia-bg-style-scroll av-minimum-height av-minimum-height-50 av-height-50  container_wrap fullsize'  data-section-bg-repeat='stretch' data-av_minimum_height_pc='50' data-av_min_height_opt='50'><div class='container av-section-cont-open' ><main  role=\"main\" itemprop=\"mainContentOfPage\"  class='template-page content  av-content-full alpha units'><div class='post-entry post-entry-type-page post-entry-164'><div class='entry-content-wrapper clearfix'><\/div><\/div><\/main><!-- close content main element --><\/div><\/div><div id='after_section_1'  class='main_color av_default_container_wrap container_wrap fullsize'  ><div class='container av-section-cont-open' ><div class='template-page content  av-content-full alpha units'><div class='post-entry post-entry-type-page post-entry-164'><div class='entry-content-wrapper clearfix'>\n<div class='flex_column_table av-5qxs0-b3d2eec0d5d9015b27cc979d01af1e51 sc-av_one_half av-equal-height-column-flextable'>\n<style type=\"text\/css\" data-created_by=\"avia_inline_auto\" id=\"style-css-av-5qxs0-b3d2eec0d5d9015b27cc979d01af1e51\">\n#top .flex_column_table.av-equal-height-column-flextable.av-5qxs0-b3d2eec0d5d9015b27cc979d01af1e51{\nmargin-top:-117px;\nmargin-bottom:0px;\n}\n.flex_column.av-5qxs0-b3d2eec0d5d9015b27cc979d01af1e51{\nborder-radius:0px 0px 0px 0px;\npadding:10px 10px 10px 10px;\nbackground-color:#f38431;\n}\n<\/style>\n<div  class='flex_column av-5qxs0-b3d2eec0d5d9015b27cc979d01af1e51 av_one_half  avia-builder-el-1  el_after_av_section  el_before_av_one_half  avia-builder-el-first  first flex_column_table_cell av-equal-height-column av-align-top  '     ><style type=\"text\/css\" data-created_by=\"avia_inline_auto\" id=\"style-css-av-jypjfld0-b6a7de65b51e690f369bff4be57b06ee\">\n#top .av-special-heading.av-jypjfld0-b6a7de65b51e690f369bff4be57b06ee{\npadding-bottom:10px;\ncolor:#ffffff;\n}\nbody .av-special-heading.av-jypjfld0-b6a7de65b51e690f369bff4be57b06ee .av-special-heading-tag .heading-char{\nfont-size:25px;\n}\n.av-special-heading.av-jypjfld0-b6a7de65b51e690f369bff4be57b06ee .special-heading-inner-border{\nborder-color:#ffffff;\n}\n.av-special-heading.av-jypjfld0-b6a7de65b51e690f369bff4be57b06ee .av-subheading{\nfont-size:15px;\n}\n<\/style>\n<div  class='av-special-heading av-jypjfld0-b6a7de65b51e690f369bff4be57b06ee av-special-heading-h1 custom-color-heading blockquote modern-quote  avia-builder-el-2  avia-builder-el-no-sibling '><h1 class='av-special-heading-tag '  itemprop=\"headline\"  >Allgemeine Gesch\u00e4ftsbedingungen<\/h1><div class=\"special-heading-border\"><div class=\"special-heading-inner-border\"><\/div><\/div><\/div><\/div>\n<div class='av-flex-placeholder'><\/div>\n<style type=\"text\/css\" data-created_by=\"avia_inline_auto\" id=\"style-css-av-8lp1o-2d290c0d7b155f5c68c42b19e215fdbf\">\n#top .flex_column_table.av-equal-height-column-flextable.av-8lp1o-2d290c0d7b155f5c68c42b19e215fdbf{\nmargin-top:-117px;\nmargin-bottom:0px;\n}\n.flex_column.av-8lp1o-2d290c0d7b155f5c68c42b19e215fdbf{\nborder-radius:0px 0px 0px 0px;\npadding:0px 0px 0px 0px;\n}\n<\/style>\n<div  class='flex_column av-8lp1o-2d290c0d7b155f5c68c42b19e215fdbf av_one_half  avia-builder-el-3  el_after_av_one_half  el_before_av_one_half  flex_column_table_cell av-equal-height-column av-align-top av-zero-column-padding  '     ><\/div><\/div><!--close column table wrapper. Autoclose: 1 -->\n<div  class='flex_column av-lspcs-7c6bedb37377628e04f4f386a25ef7ca av_one_half  avia-builder-el-4  el_after_av_one_half  el_before_av_one_half  first flex_column_div  column-top-margin'     ><section  class='av_textblock_section av-e8v38-7f5b3d228d063f15af78c8455d29bf64 '   itemscope=\"itemscope\" itemtype=\"https:\/\/schema.org\/CreativeWork\" ><div class='avia_textblock'  itemprop=\"text\" ><p>F\u00fcr unsere Leistungen gelten in erster Linie die nachstehenden Liefer- und Verkaufsbedingungen. Abweichungen bed\u00fcrfen der schriftlichen Vereinbarung. Entgegenstehende allgemeine Gesch\u00e4ftsbedingungen des Bestellers gelten nur, soweit sie von uns ausdr\u00fccklich anerkannt sind. Die Einschaltung von Nachunternehmen bleibt vorbehalten.<\/p>\n<p>Folgende Dokumente stehen als PDF-Datei zum herunterladen bereit:<\/p>\n<p><a href=\"https:\/\/tekamixers.com\/wp-content\/uploads\/2019\/09\/VDMA_LI_2019.pdf\" target=\"_blank\" rel=\"noopener noreferrer\">VDMA-Bedingungen Maschinenlieferungen f\u00fcr Inlandsgesch\u00e4fte<\/a><\/p>\n<p><a href=\"https:\/\/tekamixers.com\/wp-content\/uploads\/2019\/11\/Montagebedingungen-Beton.pdf\" target=\"_blank\" rel=\"noopener noreferrer\">TEKA Montagebedingungen &#8211; Beton<\/a><\/p>\n<p><a href=\"https:\/\/tekamixers.com\/wp-content\/uploads\/2019\/11\/Montagebedingungen-Glas.pdf\" target=\"_blank\" rel=\"noopener noreferrer\">TEKA Montagebedingungen &#8211; Glas<\/a><\/p>\n<p><a href=\"https:\/\/tekamixers.com\/wp-content\/uploads\/2018\/11\/Orgalime-SI14.pdf\" target=\"_blank\" rel=\"noopener noreferrer\">Orgalime SI14<\/a><\/p>\n<\/div><\/section><\/div><div  class='flex_column av-78kj0-744d1bf6f7ec021890c76d15ed0dd78b av_one_half  avia-builder-el-6  el_after_av_one_half  avia-builder-el-last  flex_column_div  column-top-margin'     ><\/div><\/p>\n","protected":false},"excerpt":{"rendered":"","protected":false},"author":7,"featured_media":0,"parent":0,"menu_order":0,"comment_status":"closed","ping_status":"closed","template":"","meta":{"footnotes":""},"class_list":["post-164","page","type-page","status-publish","hentry"],"_links":{"self":[{"href":"https:\/\/tekamixers.com\/de\/wp-json\/wp\/v2\/pages\/164","targetHints":{"allow":["GET"]}}],"collection":[{"href":"https:\/\/tekamixers.com\/de\/wp-json\/wp\/v2\/pages"}],"about":[{"href":"https:\/\/tekamixers.com\/de\/wp-json\/wp\/v2\/types\/page"}],"author":[{"embeddable":true,"href":"https:\/\/tekamixers.com\/de\/wp-json\/wp\/v2\/users\/7"}],"replies":[{"embeddable":true,"href":"https:\/\/tekamixers.com\/de\/wp-json\/wp\/v2\/comments?post=164"}],"version-history":[{"count":15,"href":"https:\/\/tekamixers.com\/de\/wp-json\/wp\/v2\/pages\/164\/revisions"}],"predecessor-version":[{"id":5346,"href":"https:\/\/tekamixers.com\/de\/wp-json\/wp\/v2\/pages\/164\/revisions\/5346"}],"wp:attachment":[{"href":"https:\/\/tekamixers.com\/de\/wp-json\/wp\/v2\/media?parent=164"}],"curies":[{"name":"wp","href":"https:\/\/api.w.org\/{rel}","templated":true}]}}