{"id":1887,"date":"2015-04-23T15:12:35","date_gmt":"2015-04-23T13:12:35","guid":{"rendered":"http:\/\/teka.de\/?page_id=1887"},"modified":"2022-11-21T16:51:03","modified_gmt":"2022-11-21T21:51:03","slug":"teka-service-leistungen","status":"publish","type":"page","link":"https:\/\/tekamixers.com\/de\/teka-service-leistungen\/","title":{"rendered":"TEKA Service-Leistungen"},"content":{"rendered":"\n<style type=\"text\/css\" data-created_by=\"avia_inline_auto\" id=\"style-css-av-jyo4yk01-3f460eb53036e5b6fe0a6264c3d76b53\">\n.avia-section.av-jyo4yk01-3f460eb53036e5b6fe0a6264c3d76b53{\nbackground-repeat:no-repeat;\nbackground-image:url(https:\/\/tekamixers.com\/wp-content\/uploads\/2019\/07\/Service.jpg);\nbackground-position:50% 50%;\nbackground-attachment:scroll;\n}\n<\/style>\n<div id='av_section_1'  class='avia-section av-jyo4yk01-3f460eb53036e5b6fe0a6264c3d76b53 main_color avia-section-default avia-no-border-styling  avia-builder-el-0  el_before_av_one_half  avia-builder-el-first  avia-full-stretch avia-bg-style-scroll av-minimum-height av-minimum-height-50 av-height-50  container_wrap fullsize'  data-section-bg-repeat='stretch' data-av_minimum_height_pc='50' data-av_min_height_opt='50'><div class='container av-section-cont-open' ><main  role=\"main\" itemprop=\"mainContentOfPage\"  class='template-page content  av-content-full alpha units'><div class='post-entry post-entry-type-page post-entry-1887'><div class='entry-content-wrapper clearfix'><\/div><\/div><\/main><!-- close content main element --><\/div><\/div><div id='after_section_1'  class='main_color av_default_container_wrap container_wrap fullsize'  ><div class='container av-section-cont-open' ><div class='template-page content  av-content-full alpha units'><div class='post-entry post-entry-type-page post-entry-1887'><div class='entry-content-wrapper clearfix'>\n<div class='flex_column_table av-5qxs0-b3d2eec0d5d9015b27cc979d01af1e51 sc-av_one_half av-equal-height-column-flextable'>\n<style type=\"text\/css\" data-created_by=\"avia_inline_auto\" id=\"style-css-av-5qxs0-b3d2eec0d5d9015b27cc979d01af1e51\">\n#top .flex_column_table.av-equal-height-column-flextable.av-5qxs0-b3d2eec0d5d9015b27cc979d01af1e51{\nmargin-top:-117px;\nmargin-bottom:0px;\n}\n.flex_column.av-5qxs0-b3d2eec0d5d9015b27cc979d01af1e51{\nborder-radius:0px 0px 0px 0px;\npadding:10px 10px 10px 10px;\nbackground-color:#f38431;\n}\n<\/style>\n<div  class='flex_column av-5qxs0-b3d2eec0d5d9015b27cc979d01af1e51 av_one_half  avia-builder-el-1  el_after_av_section  el_before_av_one_half  avia-builder-el-first  first flex_column_table_cell av-equal-height-column av-align-top  '     ><style type=\"text\/css\" data-created_by=\"avia_inline_auto\" id=\"style-css-av-jypezkgo-90dc4baeed66dbb931e237c2ef6ad826\">\n#top .av-special-heading.av-jypezkgo-90dc4baeed66dbb931e237c2ef6ad826{\npadding-bottom:10px;\ncolor:#ffffff;\n}\nbody .av-special-heading.av-jypezkgo-90dc4baeed66dbb931e237c2ef6ad826 .av-special-heading-tag .heading-char{\nfont-size:25px;\n}\n.av-special-heading.av-jypezkgo-90dc4baeed66dbb931e237c2ef6ad826 .special-heading-inner-border{\nborder-color:#ffffff;\n}\n.av-special-heading.av-jypezkgo-90dc4baeed66dbb931e237c2ef6ad826 .av-subheading{\nfont-size:15px;\n}\n<\/style>\n<div  class='av-special-heading av-jypezkgo-90dc4baeed66dbb931e237c2ef6ad826 av-special-heading-h1 custom-color-heading blockquote modern-quote  avia-builder-el-2  avia-builder-el-no-sibling '><h1 class='av-special-heading-tag '  itemprop=\"headline\"  >TEKA Service-Leistungen<\/h1><div class=\"special-heading-border\"><div class=\"special-heading-inner-border\"><\/div><\/div><\/div><\/div>\n<div class='av-flex-placeholder'><\/div>\n<style type=\"text\/css\" data-created_by=\"avia_inline_auto\" id=\"style-css-av-20nzu7-662af07ae6946ae75b6db73d6d6a9b62\">\n#top .flex_column_table.av-equal-height-column-flextable.av-20nzu7-662af07ae6946ae75b6db73d6d6a9b62{\nmargin-top:-117px;\nmargin-bottom:0px;\n}\n.flex_column.av-20nzu7-662af07ae6946ae75b6db73d6d6a9b62{\nborder-radius:0px 0px 0px 0px;\npadding:0px 0px 0px 0px;\n}\n<\/style>\n<div  class='flex_column av-20nzu7-662af07ae6946ae75b6db73d6d6a9b62 av_one_half  avia-builder-el-3  el_after_av_one_half  el_before_av_one_half  flex_column_table_cell av-equal-height-column av-align-top av-zero-column-padding  '     ><\/div><\/div><!--close column table wrapper. Autoclose: 1 -->\n<div  class='flex_column av-21ppv3-4e084356d8fab793f22eada5adcef4f9 av_one_half  avia-builder-el-4  el_after_av_one_half  el_before_av_one_half  first flex_column_div  column-top-margin'     ><section  class='av_textblock_section av-j2bh1r-e69c7884187c7251d2ffccecbff1894f '   itemscope=\"itemscope\" itemtype=\"https:\/\/schema.org\/CreativeWork\" ><div class='avia_textblock'  itemprop=\"text\" ><h3>Auf der sicheren Seite<\/h3>\n<p>Bei TEKA sind Sie immer in guten H\u00e4nden. Von der Fertigung \u00fcber die Montage bis zur Inbetriebnahme Ihres Mischers oder Ihrer Mischanlage und weit dar\u00fcber hinaus. Wir unterst\u00fctzen Sie mit einem vielf\u00e4ltigen An- gebot an wertvollen Fachdienstleistungen, die Ihre reibungslosen Produktions- und Betriebsabl\u00e4ufe sichern helfen.<\/p>\n<h5>Sprechen Sie mit Mike Basic<\/h5>\n<p><a href=\"\/contact\/\">Email<\/a><br \/>\n<a href=\"tel:757-558-8900\">757-558-8900<\/a><\/p>\n<\/div><\/section><\/div>\n<style type=\"text\/css\" data-created_by=\"avia_inline_auto\" id=\"style-css-av-httyq7-80261365a2765a806ac993f4aa9e7d0a\">\n.flex_column.av-httyq7-80261365a2765a806ac993f4aa9e7d0a{\nborder-radius:0px 0px 0px 0px;\npadding:0px 0px 0px 0px;\n}\n<\/style>\n<div  class='flex_column av-httyq7-80261365a2765a806ac993f4aa9e7d0a av_one_half  avia-builder-el-6  el_after_av_one_half  el_before_av_one_half  flex_column_div av-zero-column-padding  column-top-margin'     ><\/div><\/p>\n<div  class='flex_column av-e23ry7-66764431549c1b138b95c59891dd48db av_one_half  avia-builder-el-7  el_after_av_one_half  el_before_av_one_half  first flex_column_div  column-top-margin'     ><section  class='av_textblock_section av-cwyibz-e6db256f4d26679a6b0224a59ed549ca '   itemscope=\"itemscope\" itemtype=\"https:\/\/schema.org\/CreativeWork\" ><div class='avia_textblock'  itemprop=\"text\" ><h3>Montage und Inbetriebnahme<\/h3>\n<p>Wir montieren Ihren Mischer oder Ihre Mischanlage\u00a0fachm\u00e4nnisch und sorgen f\u00fcr eine einwandfreie\u00a0Inbetriebnahme.<\/p>\n<h3>Schulung<\/h3>\n<p>Unsere erfahrenen Service-Techniker weisen ihr\u00a0Personal ein und qualifizieren sie f\u00fcr den dauerhaften\u00a0Betrieb Ihres Mischers oder Ihre Mischanlage.<\/p>\n<h3>TEKA-Originalteile<\/h3>\n<p>Ob Ersatz- oder Verschlei\u00dfteile, mit TEKA-Originalteilen sind Sie auf der sicheren Seite: verf\u00fcgbar,\u00a0zuverl\u00e4ssig und passgenau.<\/p>\n<h3>Produktionsunterst\u00fctzung<\/h3>\n<p>Kompetente Ansprechpartner unterst\u00fctzen Sie\u00a0und erh\u00f6hen die Effizienz Ihres Mischers bzw. Ihrer\u00a0Mischanlage f\u00fcr einen sicheren Produktionsablauf\u00a0und eine erh\u00f6hte Lebensdauer..<\/p>\n<\/div><\/section><\/div>\n\n<style type=\"text\/css\" data-created_by=\"avia_inline_auto\" id=\"style-css-av-ayvczz-bea75098c312e3e315c601fe21d7abae\">\n.flex_column.av-ayvczz-bea75098c312e3e315c601fe21d7abae{\nborder-radius:0px 0px 0px 0px;\npadding:0px 0px 0px 0px;\n}\n<\/style>\n<div  class='flex_column av-ayvczz-bea75098c312e3e315c601fe21d7abae av_one_half  avia-builder-el-9  el_after_av_one_half  el_before_av_one_half  flex_column_div av-zero-column-padding  column-top-margin'     ><section  class='av_textblock_section av-981hj3-a46a165afb2ae74200ea48f39088a481 '   itemscope=\"itemscope\" itemtype=\"https:\/\/schema.org\/CreativeWork\" ><div class='avia_textblock'  itemprop=\"text\" ><h3>Inspektion<\/h3>\n<p>Wir sorgen daf\u00fcr, dass Ihr Mischer optimal funktioniert\u00a0und Sie sorgenfei arbeiten k\u00f6nnen.<\/p>\n<h3>Reparaturen<\/h3>\n<p>Schnelle und zuverl\u00e4ssige TEKA Service-Techniker\u00a0setzen Ihren Mischer oder Ihre Mischanlage vor Ort\u00a0wieder in Gang und sorgen f\u00fcr den einwandfreien Betrieb.<\/p>\n<h3>Modernisierung<\/h3>\n<p>Wir \u00fcberholen und bringen Ihren Mischer bzw. Ihre\u00a0Mischanlage auf den neusten Stand der Technik,\u00a0damit Sie problemlos produzieren k\u00f6nnen.<\/p>\n<\/div><\/section><\/div>\n<div  class='flex_column av-7z1473-8e91e954be7442cf85106f0241fc0e89 av_one_half  avia-builder-el-11  el_after_av_one_half  el_before_av_one_half  first flex_column_div  column-top-margin'     ><section  class='av_textblock_section av-61urf3-65c7d66c9ee92c1de133effe657e37e5 '   itemscope=\"itemscope\" itemtype=\"https:\/\/schema.org\/CreativeWork\" ><div class='avia_textblock'  itemprop=\"text\" ><h3>F\u00fcr Sie deutschlandweit unterwegs<\/h3>\n<p>Unsere erfahrenen Servicetechniker-Teams\u00a0betreuen Kunden in ganz Deutschland.<br \/>\nZuverl\u00e4ssigkeit, Schnelligkeit und Kompetenz\u00a0sind f\u00fcr uns eine Selbstverst\u00e4ndlichkeit.<\/p>\n<p>F\u00fcr\u00a0die TEKA Serviceteams ist keine Herausforderung\u00a0zu gro\u00df, wenn es um Ihre Zufriedenheit geht.<\/p>\n<\/div><\/section><\/div>\n\n<style type=\"text\/css\" data-created_by=\"avia_inline_auto\" id=\"style-css-av-4i58cf-fc7c4c85d2c941d2709ad6b6426182f9\">\n.flex_column.av-4i58cf-fc7c4c85d2c941d2709ad6b6426182f9{\nborder-radius:0px 0px 0px 0px;\npadding:0px 0px 0px 0px;\n}\n<\/style>\n<div  class='flex_column av-4i58cf-fc7c4c85d2c941d2709ad6b6426182f9 av_one_half  avia-builder-el-13  el_after_av_one_half  avia-builder-el-last  flex_column_div av-zero-column-padding  column-top-margin'     ><section  class='av_textblock_section av-1ujg0v-0db09d36b199be8810751e479b4f5eee '   itemscope=\"itemscope\" itemtype=\"https:\/\/schema.org\/CreativeWork\" ><div class='avia_textblock'  itemprop=\"text\" ><p><a href=\"\/wp-content\/uploads\/2018\/06\/IMG_2777B.jpg\"><img loading=\"lazy\" decoding=\"async\" class=\"alignnone wp-image-3552 size-medium\" src=\"\/wp-content\/uploads\/2018\/06\/IMG_2777B-300x225.jpg\" alt=\"\" width=\"300\" height=\"225\" srcset=\"https:\/\/tekamixers.com\/wp-content\/uploads\/2018\/06\/IMG_2777B-300x225.jpg 300w, https:\/\/tekamixers.com\/wp-content\/uploads\/2018\/06\/IMG_2777B-768x576.jpg 768w, https:\/\/tekamixers.com\/wp-content\/uploads\/2018\/06\/IMG_2777B-1030x773.jpg 1030w, https:\/\/tekamixers.com\/wp-content\/uploads\/2018\/06\/IMG_2777B-1500x1125.jpg 1500w, https:\/\/tekamixers.com\/wp-content\/uploads\/2018\/06\/IMG_2777B-705x529.jpg 705w, https:\/\/tekamixers.com\/wp-content\/uploads\/2018\/06\/IMG_2777B-450x338.jpg 450w\" sizes=\"auto, (max-width: 300px) 100vw, 300px\" \/><\/a><\/p>\n<\/div><\/section><\/div>\n","protected":false},"excerpt":{"rendered":"","protected":false},"author":7,"featured_media":0,"parent":0,"menu_order":0,"comment_status":"closed","ping_status":"closed","template":"","meta":{"footnotes":""},"class_list":["post-1887","page","type-page","status-publish","hentry"],"_links":{"self":[{"href":"https:\/\/tekamixers.com\/de\/wp-json\/wp\/v2\/pages\/1887","targetHints":{"allow":["GET"]}}],"collection":[{"href":"https:\/\/tekamixers.com\/de\/wp-json\/wp\/v2\/pages"}],"about":[{"href":"https:\/\/tekamixers.com\/de\/wp-json\/wp\/v2\/types\/page"}],"author":[{"embeddable":true,"href":"https:\/\/tekamixers.com\/de\/wp-json\/wp\/v2\/users\/7"}],"replies":[{"embeddable":true,"href":"https:\/\/tekamixers.com\/de\/wp-json\/wp\/v2\/comments?post=1887"}],"version-history":[{"count":70,"href":"https:\/\/tekamixers.com\/de\/wp-json\/wp\/v2\/pages\/1887\/revisions"}],"predecessor-version":[{"id":6302,"href":"https:\/\/tekamixers.com\/de\/wp-json\/wp\/v2\/pages\/1887\/revisions\/6302"}],"wp:attachment":[{"href":"https:\/\/tekamixers.com\/de\/wp-json\/wp\/v2\/media?parent=1887"}],"curies":[{"name":"wp","href":"https:\/\/api.w.org\/{rel}","templated":true}]}}