{"id":221,"date":"2014-08-14T13:27:08","date_gmt":"2014-08-14T11:27:08","guid":{"rendered":"http:\/\/teka.de\/?page_id=221"},"modified":"2022-09-30T12:29:37","modified_gmt":"2022-09-30T16:29:37","slug":"doppelwellenmischer-tdz","status":"publish","type":"page","link":"https:\/\/tekamixers.com\/de\/produkte\/mischer\/doppelwellenmischer-tdz\/","title":{"rendered":"Doppelwellenmischer &#8211; TDZ"},"content":{"rendered":"\n<style type=\"text\/css\" data-created_by=\"avia_inline_auto\" id=\"style-css-av-jyo4yk01-d8c198730559cab78d5361488c5e459b\">\n.avia-section.av-jyo4yk01-d8c198730559cab78d5361488c5e459b{\nbackground-repeat:no-repeat;\nbackground-image:url(https:\/\/tekamixers.com\/wp-content\/uploads\/2014\/08\/Doppelwellenmischer-8.jpg);\nbackground-position:50% 50%;\nbackground-attachment:scroll;\n}\n<\/style>\n<div id='av_section_1'  class='avia-section av-jyo4yk01-d8c198730559cab78d5361488c5e459b main_color avia-section-default avia-no-border-styling  avia-builder-el-0  el_before_av_one_half  avia-builder-el-first  avia-full-stretch avia-bg-style-scroll av-minimum-height av-minimum-height-50 av-height-50  container_wrap fullsize'  data-section-bg-repeat='stretch' data-av_minimum_height_pc='50' data-av_min_height_opt='50'><div class='container av-section-cont-open' ><main  role=\"main\" itemprop=\"mainContentOfPage\"  class='template-page content  av-content-full alpha units'><div class='post-entry post-entry-type-page post-entry-221'><div class='entry-content-wrapper clearfix'><\/div><\/div><\/main><!-- close content main element --><\/div><\/div><div id='after_section_1'  class='main_color av_default_container_wrap container_wrap fullsize'  ><div class='container av-section-cont-open' ><div class='template-page content  av-content-full alpha units'><div class='post-entry post-entry-type-page post-entry-221'><div class='entry-content-wrapper clearfix'>\n<div class='flex_column_table av-5qxs0-7d9aee568dce85f0260ce1aa52c58af5 sc-av_one_half av-equal-height-column-flextable'>\n<style type=\"text\/css\" data-created_by=\"avia_inline_auto\" id=\"style-css-av-5qxs0-7d9aee568dce85f0260ce1aa52c58af5\">\n#top .flex_column_table.av-equal-height-column-flextable.av-5qxs0-7d9aee568dce85f0260ce1aa52c58af5{\nmargin-top:-155px;\nmargin-bottom:0px;\n}\n.flex_column.av-5qxs0-7d9aee568dce85f0260ce1aa52c58af5{\nborder-radius:0px 0px 0px 0px;\npadding:10px 10px 10px 10px;\nbackground-color:#f38431;\n}\n<\/style>\n<div  class='flex_column av-5qxs0-7d9aee568dce85f0260ce1aa52c58af5 av_one_half  avia-builder-el-1  el_after_av_section  el_before_av_one_half  avia-builder-el-first  first flex_column_table_cell av-equal-height-column av-align-top  '     ><style type=\"text\/css\" data-created_by=\"avia_inline_auto\" id=\"style-css-av-jypesbxx-d9a88e5861472d38878162fb2cd37026\">\n#top .av-special-heading.av-jypesbxx-d9a88e5861472d38878162fb2cd37026{\npadding-bottom:10px;\ncolor:#ffffff;\n}\nbody .av-special-heading.av-jypesbxx-d9a88e5861472d38878162fb2cd37026 .av-special-heading-tag .heading-char{\nfont-size:25px;\n}\n.av-special-heading.av-jypesbxx-d9a88e5861472d38878162fb2cd37026 .special-heading-inner-border{\nborder-color:#ffffff;\n}\n.av-special-heading.av-jypesbxx-d9a88e5861472d38878162fb2cd37026 .av-subheading{\nfont-size:15px;\n}\n<\/style>\n<div  class='av-special-heading av-jypesbxx-d9a88e5861472d38878162fb2cd37026 av-special-heading-h1 custom-color-heading blockquote modern-quote  avia-builder-el-2  avia-builder-el-no-sibling '><h1 class='av-special-heading-tag '  itemprop=\"headline\"  >Doppelwellenmischer &#8211; TDZ<\/h1><div class=\"special-heading-border\"><div class=\"special-heading-inner-border\"><\/div><\/div><\/div><\/div>\n<div class='av-flex-placeholder'><\/div>\n<style type=\"text\/css\" data-created_by=\"avia_inline_auto\" id=\"style-css-av-341x-e4cec3b193a346f16bbb35690b964703\">\n#top .flex_column_table.av-equal-height-column-flextable.av-341x-e4cec3b193a346f16bbb35690b964703{\nmargin-top:-155px;\nmargin-bottom:0px;\n}\n.flex_column.av-341x-e4cec3b193a346f16bbb35690b964703{\nborder-radius:0px 0px 0px 0px;\npadding:0px 0px 0px 0px;\n}\n<\/style>\n<div  class='flex_column av-341x-e4cec3b193a346f16bbb35690b964703 av_one_half  avia-builder-el-3  el_after_av_one_half  el_before_av_one_half  flex_column_table_cell av-equal-height-column av-align-top av-zero-column-padding  '     ><\/div><\/div><!--close column table wrapper. Autoclose: 1 -->\n<div  class='flex_column av-xtc8t-dd4f0d2344ee1cb9ca661e95d9f31cba av_one_half  avia-builder-el-4  el_after_av_one_half  el_before_av_one_fourth  first flex_column_div  column-top-margin'     ><p><section  class='av_textblock_section av-s2c31-2a90d0d07e47559f6f54934b81a881a0 '   itemscope=\"itemscope\" itemtype=\"https:\/\/schema.org\/CreativeWork\" ><div class='avia_textblock'  itemprop=\"text\" ><p>Der TEKA \u2013 Doppelwellenmischer TDZ ist f\u00fcr das \u201eGrobe\u201c im Hause TEKA zust\u00e4ndig.<\/p>\n<p>Dieser kompakte und robuste Mischer kommt haupts\u00e4chlich bei Massenbetonen wie Transportbeton oder Baustellenbeton zum Einsatz und ist f\u00fcr Korngr\u00f6\u00dfen bis 150 mm geeignet. Aufgrund einer kontinuierliche Weiterentwicklung ist der TDZ ein ausgereifter Mischer, der sich durch seine Langlebigkeit und Wartungsfreundlichkeit auszeichnet.<\/p>\n<p>Den TDZ gibt es in den Baugr\u00f6\u00dfen von 1500 \u2013 4500 Liter F\u00fcllmenge.<\/p>\n<p>S\u00e4mtliche Baugr\u00f6\u00dfen sind mit verschiedenen Zubeh\u00f6rteilen, Aufzugssystemen sowie Hochdruckreinigungsanlagen lieferbar.<\/p>\n<\/div><\/section><br \/>\n<section  class='av_textblock_section av-6e3x-9a3ef21201610155517273ebebc9348a '   itemscope=\"itemscope\" itemtype=\"https:\/\/schema.org\/CreativeWork\" ><div class='avia_textblock'  itemprop=\"text\" ><ul>\n<li>Geeignet f\u00fcr den robusten Dauereinsatz<\/li>\n<li>Hohe Stundenleistungen<\/li>\n<li>Herausragende Standzeiten<\/li>\n<li>Robuste und einfache Konstruktion<\/li>\n<li>Kurze Misch- und Entleerzeiten<\/li>\n<\/ul>\n<\/div><\/section><\/p><\/div>\n\n<style type=\"text\/css\" data-created_by=\"avia_inline_auto\" id=\"style-css-av-11to9-8c1b5e712290613b94898ab4b771d23d\">\n.flex_column.av-11to9-8c1b5e712290613b94898ab4b771d23d{\nborder-radius:0px 0px 0px 0px;\npadding:0px 0px 0px 0px;\n}\n<\/style>\n<div  class='flex_column av-11to9-8c1b5e712290613b94898ab4b771d23d av_one_fourth  avia-builder-el-7  el_after_av_one_half  el_before_av_section  avia-builder-el-last  flex_column_div av-zero-column-padding  column-top-margin'     ><section  class='av_textblock_section av-1ciml-02e64e248ad1ba28e7f002e97012eff4 '   itemscope=\"itemscope\" itemtype=\"https:\/\/schema.org\/CreativeWork\" ><div class='avia_textblock'  itemprop=\"text\" ><p><img loading=\"lazy\" decoding=\"async\" class=\"size-full wp-image-4658 alignnone\" src=\"https:\/\/tekamixers.com\/wp-content\/uploads\/2019\/07\/pdf-download.png\" alt=\"\" width=\"74\" height=\"100\" \/><br \/>\nLaden Sie sich die <a href=\"https:\/\/tekamixers.com\/wp-content\/uploads\/2015\/05\/2015-TDZ.pdf\" target=\"_blank\" rel=\"noopener noreferrer\">Produkt Brosch\u00fcre<\/a> als PDF-Datei.<\/p>\n<\/div><\/section><\/div>\n<\/div><\/div><\/div><!-- close content main div --><\/div><\/div>\n<style type=\"text\/css\" data-created_by=\"avia_inline_auto\" id=\"style-css-av-jzjnba4n-50ae969492de838c30e3776dd8817be1\">\n.avia-section.av-jzjnba4n-50ae969492de838c30e3776dd8817be1{\nbackground-color:#a0a0a0;\nbackground-image:unset;\n}\n<\/style>\n<div id='av_section_2'  class='avia-section av-jzjnba4n-50ae969492de838c30e3776dd8817be1 main_color avia-section-default avia-no-border-styling  avia-builder-el-9  el_after_av_one_fourth  avia-builder-el-last  avia-bg-style-scroll container_wrap fullsize'  ><div class='container av-section-cont-open' ><div class='template-page content  av-content-full alpha units'><div class='post-entry post-entry-type-page post-entry-221'><div class='entry-content-wrapper clearfix'>\n\n<style type=\"text\/css\" data-created_by=\"avia_inline_auto\" id=\"style-css-av-bggxp-40c1cb492c5bae0d8aed44876eb4feb2\">\n#top .avia-gallery.av-bggxp-40c1cb492c5bae0d8aed44876eb4feb2 .avia-gallery-thumb a{\nwidth:25%;\n}\n<\/style>\n<div  class='avia-gallery av-bggxp-40c1cb492c5bae0d8aed44876eb4feb2 avia_animate_when_visible  avia-builder-el-10  avia-builder-el-no-sibling  deactivate_avia_lazyload avia-gallery-animate avia-gallery-1'  itemprop=\"image\" itemscope=\"itemscope\" itemtype=\"https:\/\/schema.org\/ImageObject\" ><meta itemprop=\"contentURL\" content=\"https:\/\/tekamixers.com\/de\/produkte\/mischer\/doppelwellenmischer-tdz\/\"><div class='avia-gallery-thumb'><a href=\"https:\/\/tekamixers.com\/wp-content\/uploads\/2014\/08\/Doppelwellenmischer-6-1030x686.jpg\" data-srcset=\"https:\/\/tekamixers.com\/wp-content\/uploads\/2014\/08\/Doppelwellenmischer-6-1030x686.jpg 1030w, https:\/\/tekamixers.com\/wp-content\/uploads\/2014\/08\/Doppelwellenmischer-6-300x200.jpg 300w, https:\/\/tekamixers.com\/wp-content\/uploads\/2014\/08\/Doppelwellenmischer-6-705x470.jpg 705w, https:\/\/tekamixers.com\/wp-content\/uploads\/2014\/08\/Doppelwellenmischer-6-450x300.jpg 450w, https:\/\/tekamixers.com\/wp-content\/uploads\/2014\/08\/Doppelwellenmischer-6.jpg 1500w\" data-sizes=\"(max-width: 1030px) 100vw, 1030px\" data-rel='gallery-1' data-prev-img='https:\/\/tekamixers.com\/wp-content\/uploads\/2014\/08\/Doppelwellenmischer-6-495x400.jpg' class='first_thumb lightbox ' data-onclick='1' title='Doppelwellenmischer-6'  itemprop=\"thumbnailUrl\"  ><img decoding=\"async\" fetchpriority=\"high\" class=\"wp-image-230 avia-img-lazy-loading-not-230\"   src=\"https:\/\/tekamixers.com\/wp-content\/uploads\/2014\/08\/Doppelwellenmischer-6-495x400.jpg\" width=\"495\" height=\"400\"  title='Doppelwellenmischer-6' alt='' srcset=\"https:\/\/tekamixers.com\/wp-content\/uploads\/2014\/08\/Doppelwellenmischer-6-495x400.jpg 495w, https:\/\/tekamixers.com\/wp-content\/uploads\/2014\/08\/Doppelwellenmischer-6-710x575.jpg 710w\" sizes=\"(max-width: 495px) 100vw, 495px\" \/><div class='big-prev-fake'><img decoding=\"async\" loading=\"lazy\" class=\"wp-image-230 avia-img-lazy-loading-230\"  width=\"495\" height=\"400\" src=\"https:\/\/tekamixers.com\/wp-content\/uploads\/2014\/08\/Doppelwellenmischer-6-495x400.jpg\" title='Doppelwellenmischer-6' alt='' srcset=\"https:\/\/tekamixers.com\/wp-content\/uploads\/2014\/08\/Doppelwellenmischer-6-495x400.jpg 495w, https:\/\/tekamixers.com\/wp-content\/uploads\/2014\/08\/Doppelwellenmischer-6-710x575.jpg 710w\" sizes=\"auto, (max-width: 495px) 100vw, 495px\" \/><\/div><\/a><a href=\"https:\/\/tekamixers.com\/wp-content\/uploads\/2014\/08\/Doppelwellenmischer-9-1030x686.jpg\" data-srcset=\"https:\/\/tekamixers.com\/wp-content\/uploads\/2014\/08\/Doppelwellenmischer-9-1030x686.jpg 1030w, https:\/\/tekamixers.com\/wp-content\/uploads\/2014\/08\/Doppelwellenmischer-9-300x200.jpg 300w, https:\/\/tekamixers.com\/wp-content\/uploads\/2014\/08\/Doppelwellenmischer-9-705x470.jpg 705w, https:\/\/tekamixers.com\/wp-content\/uploads\/2014\/08\/Doppelwellenmischer-9-450x300.jpg 450w, https:\/\/tekamixers.com\/wp-content\/uploads\/2014\/08\/Doppelwellenmischer-9.jpg 1500w\" data-sizes=\"(max-width: 1030px) 100vw, 1030px\" data-rel='gallery-1' data-prev-img='https:\/\/tekamixers.com\/wp-content\/uploads\/2014\/08\/Doppelwellenmischer-9-495x400.jpg' class='lightbox ' data-onclick='2' title='Doppelwellenmischer-9'  itemprop=\"thumbnailUrl\"  ><img decoding=\"async\" fetchpriority=\"high\" class=\"wp-image-233 avia-img-lazy-loading-not-233\"   src=\"https:\/\/tekamixers.com\/wp-content\/uploads\/2014\/08\/Doppelwellenmischer-9-495x400.jpg\" width=\"495\" height=\"400\"  title='Doppelwellenmischer-9' alt='' srcset=\"https:\/\/tekamixers.com\/wp-content\/uploads\/2014\/08\/Doppelwellenmischer-9-495x400.jpg 495w, https:\/\/tekamixers.com\/wp-content\/uploads\/2014\/08\/Doppelwellenmischer-9-710x575.jpg 710w\" sizes=\"(max-width: 495px) 100vw, 495px\" \/><div class='big-prev-fake'><img decoding=\"async\" loading=\"lazy\" class=\"wp-image-233 avia-img-lazy-loading-233\"  width=\"495\" height=\"400\" src=\"https:\/\/tekamixers.com\/wp-content\/uploads\/2014\/08\/Doppelwellenmischer-9-495x400.jpg\" title='Doppelwellenmischer-9' alt='' srcset=\"https:\/\/tekamixers.com\/wp-content\/uploads\/2014\/08\/Doppelwellenmischer-9-495x400.jpg 495w, https:\/\/tekamixers.com\/wp-content\/uploads\/2014\/08\/Doppelwellenmischer-9-710x575.jpg 710w\" sizes=\"auto, (max-width: 495px) 100vw, 495px\" \/><\/div><\/a><a href=\"https:\/\/tekamixers.com\/wp-content\/uploads\/2014\/08\/Doppelwellenmischer-1-1030x686.jpg\" data-srcset=\"https:\/\/tekamixers.com\/wp-content\/uploads\/2014\/08\/Doppelwellenmischer-1-1030x686.jpg 1030w, https:\/\/tekamixers.com\/wp-content\/uploads\/2014\/08\/Doppelwellenmischer-1-300x200.jpg 300w, https:\/\/tekamixers.com\/wp-content\/uploads\/2014\/08\/Doppelwellenmischer-1-705x470.jpg 705w, https:\/\/tekamixers.com\/wp-content\/uploads\/2014\/08\/Doppelwellenmischer-1-450x300.jpg 450w, https:\/\/tekamixers.com\/wp-content\/uploads\/2014\/08\/Doppelwellenmischer-1.jpg 1500w\" data-sizes=\"(max-width: 1030px) 100vw, 1030px\" data-rel='gallery-1' data-prev-img='https:\/\/tekamixers.com\/wp-content\/uploads\/2014\/08\/Doppelwellenmischer-1-495x400.jpg' class='lightbox ' data-onclick='3' title='Doppelwellenmischer-1'  itemprop=\"thumbnailUrl\"  ><img decoding=\"async\" fetchpriority=\"high\" class=\"wp-image-225 avia-img-lazy-loading-not-225\"   src=\"https:\/\/tekamixers.com\/wp-content\/uploads\/2014\/08\/Doppelwellenmischer-1-495x400.jpg\" width=\"495\" height=\"400\"  title='Doppelwellenmischer-1' alt='' srcset=\"https:\/\/tekamixers.com\/wp-content\/uploads\/2014\/08\/Doppelwellenmischer-1-495x400.jpg 495w, https:\/\/tekamixers.com\/wp-content\/uploads\/2014\/08\/Doppelwellenmischer-1-710x575.jpg 710w\" sizes=\"(max-width: 495px) 100vw, 495px\" \/><div class='big-prev-fake'><img decoding=\"async\" loading=\"lazy\" class=\"wp-image-225 avia-img-lazy-loading-225\"  width=\"495\" height=\"400\" src=\"https:\/\/tekamixers.com\/wp-content\/uploads\/2014\/08\/Doppelwellenmischer-1-495x400.jpg\" title='Doppelwellenmischer-1' alt='' srcset=\"https:\/\/tekamixers.com\/wp-content\/uploads\/2014\/08\/Doppelwellenmischer-1-495x400.jpg 495w, https:\/\/tekamixers.com\/wp-content\/uploads\/2014\/08\/Doppelwellenmischer-1-710x575.jpg 710w\" sizes=\"auto, (max-width: 495px) 100vw, 495px\" \/><\/div><\/a><a href=\"https:\/\/tekamixers.com\/wp-content\/uploads\/2014\/08\/Doppelwellenmischer-8-1030x686.jpg\" data-srcset=\"https:\/\/tekamixers.com\/wp-content\/uploads\/2014\/08\/Doppelwellenmischer-8-1030x686.jpg 1030w, https:\/\/tekamixers.com\/wp-content\/uploads\/2014\/08\/Doppelwellenmischer-8-300x200.jpg 300w, https:\/\/tekamixers.com\/wp-content\/uploads\/2014\/08\/Doppelwellenmischer-8-705x470.jpg 705w, https:\/\/tekamixers.com\/wp-content\/uploads\/2014\/08\/Doppelwellenmischer-8-450x300.jpg 450w, https:\/\/tekamixers.com\/wp-content\/uploads\/2014\/08\/Doppelwellenmischer-8.jpg 1500w\" data-sizes=\"(max-width: 1030px) 100vw, 1030px\" data-rel='gallery-1' data-prev-img='https:\/\/tekamixers.com\/wp-content\/uploads\/2014\/08\/Doppelwellenmischer-8-495x400.jpg' class='lightbox ' data-onclick='4' title='Doppelwellenmischer-8'  itemprop=\"thumbnailUrl\"  ><img decoding=\"async\" fetchpriority=\"high\" class=\"wp-image-232 avia-img-lazy-loading-not-232\"   src=\"https:\/\/tekamixers.com\/wp-content\/uploads\/2014\/08\/Doppelwellenmischer-8-495x400.jpg\" width=\"495\" height=\"400\"  title='Doppelwellenmischer-8' alt='' srcset=\"https:\/\/tekamixers.com\/wp-content\/uploads\/2014\/08\/Doppelwellenmischer-8-495x400.jpg 495w, https:\/\/tekamixers.com\/wp-content\/uploads\/2014\/08\/Doppelwellenmischer-8-710x575.jpg 710w\" sizes=\"(max-width: 495px) 100vw, 495px\" \/><div class='big-prev-fake'><img decoding=\"async\" loading=\"lazy\" class=\"wp-image-232 avia-img-lazy-loading-232\"  width=\"495\" height=\"400\" src=\"https:\/\/tekamixers.com\/wp-content\/uploads\/2014\/08\/Doppelwellenmischer-8-495x400.jpg\" title='Doppelwellenmischer-8' alt='' srcset=\"https:\/\/tekamixers.com\/wp-content\/uploads\/2014\/08\/Doppelwellenmischer-8-495x400.jpg 495w, https:\/\/tekamixers.com\/wp-content\/uploads\/2014\/08\/Doppelwellenmischer-8-710x575.jpg 710w\" sizes=\"auto, (max-width: 495px) 100vw, 495px\" \/><\/div><\/a><a href=\"https:\/\/tekamixers.com\/wp-content\/uploads\/2014\/08\/Doppelwellenmischer-2-1030x686.jpg\" data-srcset=\"https:\/\/tekamixers.com\/wp-content\/uploads\/2014\/08\/Doppelwellenmischer-2-1030x686.jpg 1030w, https:\/\/tekamixers.com\/wp-content\/uploads\/2014\/08\/Doppelwellenmischer-2-300x200.jpg 300w, https:\/\/tekamixers.com\/wp-content\/uploads\/2014\/08\/Doppelwellenmischer-2-705x470.jpg 705w, https:\/\/tekamixers.com\/wp-content\/uploads\/2014\/08\/Doppelwellenmischer-2-450x300.jpg 450w, https:\/\/tekamixers.com\/wp-content\/uploads\/2014\/08\/Doppelwellenmischer-2.jpg 1500w\" data-sizes=\"(max-width: 1030px) 100vw, 1030px\" data-rel='gallery-1' data-prev-img='https:\/\/tekamixers.com\/wp-content\/uploads\/2014\/08\/Doppelwellenmischer-2-495x400.jpg' class='first_thumb lightbox ' data-onclick='5' title='Doppelwellenmischer-2'  itemprop=\"thumbnailUrl\"  ><img decoding=\"async\" fetchpriority=\"high\" class=\"wp-image-226 avia-img-lazy-loading-not-226\"   src=\"https:\/\/tekamixers.com\/wp-content\/uploads\/2014\/08\/Doppelwellenmischer-2-495x400.jpg\" width=\"495\" height=\"400\"  title='Doppelwellenmischer-2' alt='' srcset=\"https:\/\/tekamixers.com\/wp-content\/uploads\/2014\/08\/Doppelwellenmischer-2-495x400.jpg 495w, https:\/\/tekamixers.com\/wp-content\/uploads\/2014\/08\/Doppelwellenmischer-2-710x575.jpg 710w\" sizes=\"(max-width: 495px) 100vw, 495px\" \/><div class='big-prev-fake'><img decoding=\"async\" loading=\"lazy\" class=\"wp-image-226 avia-img-lazy-loading-226\"  width=\"495\" height=\"400\" src=\"https:\/\/tekamixers.com\/wp-content\/uploads\/2014\/08\/Doppelwellenmischer-2-495x400.jpg\" title='Doppelwellenmischer-2' alt='' srcset=\"https:\/\/tekamixers.com\/wp-content\/uploads\/2014\/08\/Doppelwellenmischer-2-495x400.jpg 495w, https:\/\/tekamixers.com\/wp-content\/uploads\/2014\/08\/Doppelwellenmischer-2-710x575.jpg 710w\" sizes=\"auto, (max-width: 495px) 100vw, 495px\" \/><\/div><\/a><a href=\"https:\/\/tekamixers.com\/wp-content\/uploads\/2014\/08\/Doppelwellenmischer-3-772x1030.jpg\" data-srcset=\"https:\/\/tekamixers.com\/wp-content\/uploads\/2014\/08\/Doppelwellenmischer-3-772x1030.jpg 772w, https:\/\/tekamixers.com\/wp-content\/uploads\/2014\/08\/Doppelwellenmischer-3-225x300.jpg 225w, https:\/\/tekamixers.com\/wp-content\/uploads\/2014\/08\/Doppelwellenmischer-3-528x705.jpg 528w, https:\/\/tekamixers.com\/wp-content\/uploads\/2014\/08\/Doppelwellenmischer-3-450x599.jpg 450w, https:\/\/tekamixers.com\/wp-content\/uploads\/2014\/08\/Doppelwellenmischer-3.jpg 1000w\" data-sizes=\"(max-width: 772px) 100vw, 772px\" data-rel='gallery-1' data-prev-img='https:\/\/tekamixers.com\/wp-content\/uploads\/2014\/08\/Doppelwellenmischer-3-495x400.jpg' class='lightbox ' data-onclick='6' title='Doppelwellenmischer-3'  itemprop=\"thumbnailUrl\"  ><img decoding=\"async\" fetchpriority=\"high\" class=\"wp-image-227 avia-img-lazy-loading-not-227\"   src=\"https:\/\/tekamixers.com\/wp-content\/uploads\/2014\/08\/Doppelwellenmischer-3-495x400.jpg\" width=\"495\" height=\"400\"  title='Doppelwellenmischer-3' alt='' srcset=\"https:\/\/tekamixers.com\/wp-content\/uploads\/2014\/08\/Doppelwellenmischer-3-495x400.jpg 495w, https:\/\/tekamixers.com\/wp-content\/uploads\/2014\/08\/Doppelwellenmischer-3-710x575.jpg 710w\" sizes=\"(max-width: 495px) 100vw, 495px\" \/><div class='big-prev-fake'><img decoding=\"async\" loading=\"lazy\" class=\"wp-image-227 avia-img-lazy-loading-227\"  width=\"495\" height=\"400\" src=\"https:\/\/tekamixers.com\/wp-content\/uploads\/2014\/08\/Doppelwellenmischer-3-495x400.jpg\" title='Doppelwellenmischer-3' alt='' srcset=\"https:\/\/tekamixers.com\/wp-content\/uploads\/2014\/08\/Doppelwellenmischer-3-495x400.jpg 495w, https:\/\/tekamixers.com\/wp-content\/uploads\/2014\/08\/Doppelwellenmischer-3-710x575.jpg 710w\" sizes=\"auto, (max-width: 495px) 100vw, 495px\" \/><\/div><\/a><a href=\"https:\/\/tekamixers.com\/wp-content\/uploads\/2014\/08\/Doppelwellenmischer-4-772x1030.jpg\" data-srcset=\"https:\/\/tekamixers.com\/wp-content\/uploads\/2014\/08\/Doppelwellenmischer-4-772x1030.jpg 772w, https:\/\/tekamixers.com\/wp-content\/uploads\/2014\/08\/Doppelwellenmischer-4-225x300.jpg 225w, https:\/\/tekamixers.com\/wp-content\/uploads\/2014\/08\/Doppelwellenmischer-4-528x705.jpg 528w, https:\/\/tekamixers.com\/wp-content\/uploads\/2014\/08\/Doppelwellenmischer-4-450x599.jpg 450w, https:\/\/tekamixers.com\/wp-content\/uploads\/2014\/08\/Doppelwellenmischer-4.jpg 1000w\" data-sizes=\"(max-width: 772px) 100vw, 772px\" data-rel='gallery-1' data-prev-img='https:\/\/tekamixers.com\/wp-content\/uploads\/2014\/08\/Doppelwellenmischer-4-495x400.jpg' class='lightbox ' data-onclick='7' title='Doppelwellenmischer-4'  itemprop=\"thumbnailUrl\"  ><img decoding=\"async\" fetchpriority=\"high\" class=\"wp-image-228 avia-img-lazy-loading-not-228\"   src=\"https:\/\/tekamixers.com\/wp-content\/uploads\/2014\/08\/Doppelwellenmischer-4-495x400.jpg\" width=\"495\" height=\"400\"  title='Doppelwellenmischer-4' alt='' srcset=\"https:\/\/tekamixers.com\/wp-content\/uploads\/2014\/08\/Doppelwellenmischer-4-495x400.jpg 495w, https:\/\/tekamixers.com\/wp-content\/uploads\/2014\/08\/Doppelwellenmischer-4-710x575.jpg 710w\" sizes=\"(max-width: 495px) 100vw, 495px\" \/><div class='big-prev-fake'><img decoding=\"async\" loading=\"lazy\" class=\"wp-image-228 avia-img-lazy-loading-228\"  width=\"495\" height=\"400\" src=\"https:\/\/tekamixers.com\/wp-content\/uploads\/2014\/08\/Doppelwellenmischer-4-495x400.jpg\" title='Doppelwellenmischer-4' alt='' srcset=\"https:\/\/tekamixers.com\/wp-content\/uploads\/2014\/08\/Doppelwellenmischer-4-495x400.jpg 495w, https:\/\/tekamixers.com\/wp-content\/uploads\/2014\/08\/Doppelwellenmischer-4-710x575.jpg 710w\" sizes=\"auto, (max-width: 495px) 100vw, 495px\" \/><\/div><\/a><a href=\"https:\/\/tekamixers.com\/wp-content\/uploads\/2014\/08\/Doppelwellenmischer-5-772x1030.jpg\" data-srcset=\"https:\/\/tekamixers.com\/wp-content\/uploads\/2014\/08\/Doppelwellenmischer-5-772x1030.jpg 772w, https:\/\/tekamixers.com\/wp-content\/uploads\/2014\/08\/Doppelwellenmischer-5-225x300.jpg 225w, https:\/\/tekamixers.com\/wp-content\/uploads\/2014\/08\/Doppelwellenmischer-5-528x705.jpg 528w, https:\/\/tekamixers.com\/wp-content\/uploads\/2014\/08\/Doppelwellenmischer-5-450x599.jpg 450w, https:\/\/tekamixers.com\/wp-content\/uploads\/2014\/08\/Doppelwellenmischer-5.jpg 1000w\" data-sizes=\"(max-width: 772px) 100vw, 772px\" data-rel='gallery-1' data-prev-img='https:\/\/tekamixers.com\/wp-content\/uploads\/2014\/08\/Doppelwellenmischer-5-495x400.jpg' class='lightbox ' data-onclick='8' title='Doppelwellenmischer-5'  itemprop=\"thumbnailUrl\"  ><img decoding=\"async\" fetchpriority=\"high\" class=\"wp-image-229 avia-img-lazy-loading-not-229\"   src=\"https:\/\/tekamixers.com\/wp-content\/uploads\/2014\/08\/Doppelwellenmischer-5-495x400.jpg\" width=\"495\" height=\"400\"  title='Doppelwellenmischer-5' alt='' srcset=\"https:\/\/tekamixers.com\/wp-content\/uploads\/2014\/08\/Doppelwellenmischer-5-495x400.jpg 495w, https:\/\/tekamixers.com\/wp-content\/uploads\/2014\/08\/Doppelwellenmischer-5-710x575.jpg 710w\" sizes=\"(max-width: 495px) 100vw, 495px\" \/><div class='big-prev-fake'><img decoding=\"async\" loading=\"lazy\" class=\"wp-image-229 avia-img-lazy-loading-229\"  width=\"495\" height=\"400\" src=\"https:\/\/tekamixers.com\/wp-content\/uploads\/2014\/08\/Doppelwellenmischer-5-495x400.jpg\" title='Doppelwellenmischer-5' alt='' srcset=\"https:\/\/tekamixers.com\/wp-content\/uploads\/2014\/08\/Doppelwellenmischer-5-495x400.jpg 495w, https:\/\/tekamixers.com\/wp-content\/uploads\/2014\/08\/Doppelwellenmischer-5-710x575.jpg 710w\" sizes=\"auto, (max-width: 495px) 100vw, 495px\" \/><\/div><\/a><a href=\"https:\/\/tekamixers.com\/wp-content\/uploads\/2014\/08\/Doppelwellenmischer-7-686x1030.jpg\" data-srcset=\"https:\/\/tekamixers.com\/wp-content\/uploads\/2014\/08\/Doppelwellenmischer-7-686x1030.jpg 686w, https:\/\/tekamixers.com\/wp-content\/uploads\/2014\/08\/Doppelwellenmischer-7-200x300.jpg 200w, https:\/\/tekamixers.com\/wp-content\/uploads\/2014\/08\/Doppelwellenmischer-7-470x705.jpg 470w, https:\/\/tekamixers.com\/wp-content\/uploads\/2014\/08\/Doppelwellenmischer-7-450x675.jpg 450w, https:\/\/tekamixers.com\/wp-content\/uploads\/2014\/08\/Doppelwellenmischer-7.jpg 1000w\" data-sizes=\"(max-width: 686px) 100vw, 686px\" data-rel='gallery-1' data-prev-img='https:\/\/tekamixers.com\/wp-content\/uploads\/2014\/08\/Doppelwellenmischer-7-495x400.jpg' class='first_thumb lightbox ' data-onclick='9' title='Doppelwellenmischer-7'  itemprop=\"thumbnailUrl\"  ><img decoding=\"async\" fetchpriority=\"high\" class=\"wp-image-231 avia-img-lazy-loading-not-231\"   src=\"https:\/\/tekamixers.com\/wp-content\/uploads\/2014\/08\/Doppelwellenmischer-7-495x400.jpg\" width=\"495\" height=\"400\"  title='Doppelwellenmischer-7' alt='' srcset=\"https:\/\/tekamixers.com\/wp-content\/uploads\/2014\/08\/Doppelwellenmischer-7-495x400.jpg 495w, https:\/\/tekamixers.com\/wp-content\/uploads\/2014\/08\/Doppelwellenmischer-7-710x575.jpg 710w\" sizes=\"(max-width: 495px) 100vw, 495px\" \/><div class='big-prev-fake'><img decoding=\"async\" loading=\"lazy\" class=\"wp-image-231 avia-img-lazy-loading-231\"  width=\"495\" height=\"400\" src=\"https:\/\/tekamixers.com\/wp-content\/uploads\/2014\/08\/Doppelwellenmischer-7-495x400.jpg\" title='Doppelwellenmischer-7' alt='' srcset=\"https:\/\/tekamixers.com\/wp-content\/uploads\/2014\/08\/Doppelwellenmischer-7-495x400.jpg 495w, https:\/\/tekamixers.com\/wp-content\/uploads\/2014\/08\/Doppelwellenmischer-7-710x575.jpg 710w\" sizes=\"auto, (max-width: 495px) 100vw, 495px\" \/><\/div><\/a><\/div><\/div>\n\n","protected":false},"excerpt":{"rendered":"","protected":false},"author":7,"featured_media":0,"parent":50,"menu_order":5,"comment_status":"closed","ping_status":"closed","template":"","meta":{"footnotes":""},"class_list":["post-221","page","type-page","status-publish","hentry"],"_links":{"self":[{"href":"https:\/\/tekamixers.com\/de\/wp-json\/wp\/v2\/pages\/221","targetHints":{"allow":["GET"]}}],"collection":[{"href":"https:\/\/tekamixers.com\/de\/wp-json\/wp\/v2\/pages"}],"about":[{"href":"https:\/\/tekamixers.com\/de\/wp-json\/wp\/v2\/types\/page"}],"author":[{"embeddable":true,"href":"https:\/\/tekamixers.com\/de\/wp-json\/wp\/v2\/users\/7"}],"replies":[{"embeddable":true,"href":"https:\/\/tekamixers.com\/de\/wp-json\/wp\/v2\/comments?post=221"}],"version-history":[{"count":11,"href":"https:\/\/tekamixers.com\/de\/wp-json\/wp\/v2\/pages\/221\/revisions"}],"predecessor-version":[{"id":5013,"href":"https:\/\/tekamixers.com\/de\/wp-json\/wp\/v2\/pages\/221\/revisions\/5013"}],"up":[{"embeddable":true,"href":"https:\/\/tekamixers.com\/de\/wp-json\/wp\/v2\/pages\/50"}],"wp:attachment":[{"href":"https:\/\/tekamixers.com\/de\/wp-json\/wp\/v2\/media?parent=221"}],"curies":[{"name":"wp","href":"https:\/\/api.w.org\/{rel}","templated":true}]}}