{"id":367,"date":"2014-08-15T12:40:51","date_gmt":"2014-08-15T10:40:51","guid":{"rendered":"http:\/\/teka.de\/?page_id=367"},"modified":"2022-09-30T12:29:32","modified_gmt":"2022-09-30T16:29:32","slug":"transportbeton","status":"publish","type":"page","link":"https:\/\/tekamixers.com\/de\/mischanlagen\/transportbeton\/","title":{"rendered":"Transportbeton"},"content":{"rendered":"\n<style type=\"text\/css\" data-created_by=\"avia_inline_auto\" id=\"style-css-av-jyo4yk01-6f1e1371ef43b9f486995d3f8cbb87e9\">\n.avia-section.av-jyo4yk01-6f1e1371ef43b9f486995d3f8cbb87e9{\nbackground-repeat:no-repeat;\nbackground-image:url(https:\/\/tekamixers.com\/wp-content\/uploads\/2019\/08\/Transportbeton.jpg);\nbackground-position:50% 50%;\nbackground-attachment:scroll;\n}\n<\/style>\n<div id='av_section_1'  class='avia-section av-jyo4yk01-6f1e1371ef43b9f486995d3f8cbb87e9 main_color avia-section-default avia-no-border-styling  avia-builder-el-0  el_before_av_one_half  avia-builder-el-first  avia-full-stretch avia-bg-style-scroll av-minimum-height av-minimum-height-50 av-height-50  container_wrap fullsize'  data-section-bg-repeat='stretch' data-av_minimum_height_pc='50' data-av_min_height_opt='50'><div class='container av-section-cont-open' ><main  role=\"main\" itemprop=\"mainContentOfPage\"  class='template-page content  av-content-full alpha units'><div class='post-entry post-entry-type-page post-entry-367'><div class='entry-content-wrapper clearfix'><\/div><\/div><\/main><!-- close content main element --><\/div><\/div><div id='after_section_1'  class='main_color av_default_container_wrap container_wrap fullsize'  ><div class='container av-section-cont-open' ><div class='template-page content  av-content-full alpha units'><div class='post-entry post-entry-type-page post-entry-367'><div class='entry-content-wrapper clearfix'>\n<div class='flex_column_table av-5qxs0-b3d2eec0d5d9015b27cc979d01af1e51 sc-av_one_half av-equal-height-column-flextable'>\n<style type=\"text\/css\" data-created_by=\"avia_inline_auto\" id=\"style-css-av-5qxs0-b3d2eec0d5d9015b27cc979d01af1e51\">\n#top .flex_column_table.av-equal-height-column-flextable.av-5qxs0-b3d2eec0d5d9015b27cc979d01af1e51{\nmargin-top:-117px;\nmargin-bottom:0px;\n}\n.flex_column.av-5qxs0-b3d2eec0d5d9015b27cc979d01af1e51{\nborder-radius:0px 0px 0px 0px;\npadding:10px 10px 10px 10px;\nbackground-color:#f38431;\n}\n<\/style>\n<div  class='flex_column av-5qxs0-b3d2eec0d5d9015b27cc979d01af1e51 av_one_half  avia-builder-el-1  el_after_av_section  el_before_av_one_half  avia-builder-el-first  first flex_column_table_cell av-equal-height-column av-align-top  '     ><style type=\"text\/css\" data-created_by=\"avia_inline_auto\" id=\"style-css-av-jypjybx9-35197dc58bd4602b8aa82ce420c10b76\">\n#top .av-special-heading.av-jypjybx9-35197dc58bd4602b8aa82ce420c10b76{\npadding-bottom:10px;\ncolor:#ffffff;\n}\nbody .av-special-heading.av-jypjybx9-35197dc58bd4602b8aa82ce420c10b76 .av-special-heading-tag .heading-char{\nfont-size:25px;\n}\n.av-special-heading.av-jypjybx9-35197dc58bd4602b8aa82ce420c10b76 .special-heading-inner-border{\nborder-color:#ffffff;\n}\n.av-special-heading.av-jypjybx9-35197dc58bd4602b8aa82ce420c10b76 .av-subheading{\nfont-size:15px;\n}\n<\/style>\n<div  class='av-special-heading av-jypjybx9-35197dc58bd4602b8aa82ce420c10b76 av-special-heading-h1 custom-color-heading blockquote modern-quote  avia-builder-el-2  avia-builder-el-no-sibling '><h1 class='av-special-heading-tag '  itemprop=\"headline\"  >Transportbeton<\/h1><div class=\"special-heading-border\"><div class=\"special-heading-inner-border\"><\/div><\/div><\/div><\/div>\n<div class='av-flex-placeholder'><\/div>\n<style type=\"text\/css\" data-created_by=\"avia_inline_auto\" id=\"style-css-av-bcz9z-5ddd4a779b7957f74aefb8f4d2e6d870\">\n#top .flex_column_table.av-equal-height-column-flextable.av-bcz9z-5ddd4a779b7957f74aefb8f4d2e6d870{\nmargin-top:-117px;\nmargin-bottom:0px;\n}\n.flex_column.av-bcz9z-5ddd4a779b7957f74aefb8f4d2e6d870{\nborder-radius:0px 0px 0px 0px;\npadding:0px 0px 0px 0px;\n}\n<\/style>\n<div  class='flex_column av-bcz9z-5ddd4a779b7957f74aefb8f4d2e6d870 av_one_half  avia-builder-el-3  el_after_av_one_half  el_before_av_one_half  flex_column_table_cell av-equal-height-column av-align-top av-zero-column-padding  '     ><\/div><\/div><!--close column table wrapper. Autoclose: 1 -->\n<div  class='flex_column av-pvmv3-626d7293e7ddd6e6d9c46937674d5296 av_one_half  avia-builder-el-4  el_after_av_one_half  el_before_av_one_fourth  first flex_column_div  column-top-margin'     ><p><section  class='av_textblock_section av-k5oif-655f77811b24800db8f4348e445e9c5f '   itemscope=\"itemscope\" itemtype=\"https:\/\/schema.org\/CreativeWork\" ><div class='avia_textblock'  itemprop=\"text\" ><p>TEKA besitzt zwei komplette Baureihen von Verwiege- und Mischanlagen f\u00fcr den Transportbetonsektor.<\/p>\n<p>Die TRANSMIX ist eine offene und robuste Betonaufbereitungsanlage, die weltweit tausendfach zum Einsatz kommt. Alle Ger\u00e4te sind vor Auslieferung werksseitig komplett vorinstalliert und auf Funktion gepr\u00fcft. Der Zeitbedarf f\u00fcr Aufbau und Inbetriebnahme l\u00e4sst sich somit auf ein Minimum reduzieren.<\/p>\n<p>Die MIXOMAT ist eine voll-verkleidete, in Modulbauweise konzipierte Betonaufbereitungsanlage, die schnell betriebsbereit aufgestellt werden kann.<\/p>\n<p>Diese zuverl\u00e4ssige Mischanlage hat eine gro\u00dfe, ger\u00e4umige Mischerb\u00fchne und dar\u00fcber eine gro\u00dfz\u00fcgige Waagenb\u00fchne, die eine optimale Zug\u00e4nglichkeit zu s\u00e4mtlichen Komponenten gew\u00e4hrleistet, mit ausreichend Platz f\u00fcr Reinigung und Wartung.<\/p>\n<p>Sowohl die MIXOMAT als auch die TRANSMIX Transportbetonanlagen k\u00f6nnen als Reihensilo- oder als Sternanlage (mit TEKA Schrappger\u00e4t) ausgef\u00fchrt werden.<\/p>\n<\/div><\/section><br \/>\n<section  class='av_textblock_section av-6p42f-6ffbdf991b0fb5c9a331aba082003267 '   itemscope=\"itemscope\" itemtype=\"https:\/\/schema.org\/CreativeWork\" ><div class='avia_textblock'  itemprop=\"text\" ><ul>\n<li>Kompakte Bauform<\/li>\n<li>Zuverl\u00e4ssig und wirtschaftlich<\/li>\n<li>Module werksseitig vorinstalliert<\/li>\n<li>Geringer Montageaufwand<\/li>\n<li>Ger\u00e4umige und wartungsfreundliche Mischer- und Waagenb\u00fchne<\/li>\n<\/ul>\n<\/div><\/section><\/p><\/div>\n\n<style type=\"text\/css\" data-created_by=\"avia_inline_auto\" id=\"style-css-av-11to9-8c1b5e712290613b94898ab4b771d23d\">\n.flex_column.av-11to9-8c1b5e712290613b94898ab4b771d23d{\nborder-radius:0px 0px 0px 0px;\npadding:0px 0px 0px 0px;\n}\n<\/style>\n<div  class='flex_column av-11to9-8c1b5e712290613b94898ab4b771d23d av_one_fourth  avia-builder-el-7  el_after_av_one_half  el_before_av_one_fourth  flex_column_div av-zero-column-padding  column-top-margin'     ><section  class='av_textblock_section av-1ciml-02e64e248ad1ba28e7f002e97012eff4 '   itemscope=\"itemscope\" itemtype=\"https:\/\/schema.org\/CreativeWork\" ><div class='avia_textblock'  itemprop=\"text\" ><p><img loading=\"lazy\" decoding=\"async\" class=\"size-full wp-image-4658 alignnone\" src=\"https:\/\/tekamixers.com\/wp-content\/uploads\/2019\/07\/pdf-download.png\" alt=\"\" width=\"74\" height=\"100\" \/><br \/>\nLaden Sie sich die\u00a0<a href=\"https:\/\/tekamixers.com\/wp-content\/uploads\/2016\/02\/2016-TRANSMIX.pdf\" target=\"_blank\" rel=\"noopener noreferrer\">Transmix-Produkt Brosch\u00fcre<\/a> als PDF-Datei.<\/p>\n<\/div><\/section><\/div>\n\n<style type=\"text\/css\" data-created_by=\"avia_inline_auto\" id=\"style-css-av-11to9-8c1b5e712290613b94898ab4b771d23d\">\n.flex_column.av-11to9-8c1b5e712290613b94898ab4b771d23d{\nborder-radius:0px 0px 0px 0px;\npadding:0px 0px 0px 0px;\n}\n<\/style>\n<div  class='flex_column av-11to9-8c1b5e712290613b94898ab4b771d23d av_one_fourth  avia-builder-el-9  el_after_av_one_fourth  avia-builder-el-last  flex_column_div av-zero-column-padding  column-top-margin'     ><section  class='av_textblock_section av-1ciml-02e64e248ad1ba28e7f002e97012eff4 '   itemscope=\"itemscope\" itemtype=\"https:\/\/schema.org\/CreativeWork\" ><div class='avia_textblock'  itemprop=\"text\" ><p><img loading=\"lazy\" decoding=\"async\" class=\"size-full wp-image-4658 alignnone\" src=\"https:\/\/tekamixers.com\/wp-content\/uploads\/2019\/07\/pdf-download.png\" alt=\"\" width=\"74\" height=\"100\" \/><br \/>\nLaden Sie sich die <a href=\"https:\/\/tekamixers.com\/wp-content\/uploads\/2015\/11\/2015-Teka_Mixomat.pdf\" target=\"_blank\" rel=\"noopener noreferrer\">Mixomat-Produkt Brosch\u00fcre<\/a> als PDF-Datei.<\/p>\n<\/div><\/section><\/div>\n","protected":false},"excerpt":{"rendered":"","protected":false},"author":7,"featured_media":0,"parent":99,"menu_order":0,"comment_status":"closed","ping_status":"closed","template":"","meta":{"footnotes":""},"class_list":["post-367","page","type-page","status-publish","hentry"],"_links":{"self":[{"href":"https:\/\/tekamixers.com\/de\/wp-json\/wp\/v2\/pages\/367","targetHints":{"allow":["GET"]}}],"collection":[{"href":"https:\/\/tekamixers.com\/de\/wp-json\/wp\/v2\/pages"}],"about":[{"href":"https:\/\/tekamixers.com\/de\/wp-json\/wp\/v2\/types\/page"}],"author":[{"embeddable":true,"href":"https:\/\/tekamixers.com\/de\/wp-json\/wp\/v2\/users\/7"}],"replies":[{"embeddable":true,"href":"https:\/\/tekamixers.com\/de\/wp-json\/wp\/v2\/comments?post=367"}],"version-history":[{"count":11,"href":"https:\/\/tekamixers.com\/de\/wp-json\/wp\/v2\/pages\/367\/revisions"}],"predecessor-version":[{"id":5172,"href":"https:\/\/tekamixers.com\/de\/wp-json\/wp\/v2\/pages\/367\/revisions\/5172"}],"up":[{"embeddable":true,"href":"https:\/\/tekamixers.com\/de\/wp-json\/wp\/v2\/pages\/99"}],"wp:attachment":[{"href":"https:\/\/tekamixers.com\/de\/wp-json\/wp\/v2\/media?parent=367"}],"curies":[{"name":"wp","href":"https:\/\/api.w.org\/{rel}","templated":true}]}}