{"id":53,"date":"2014-08-13T16:25:52","date_gmt":"2014-08-13T14:25:52","guid":{"rendered":"http:\/\/teka.de\/?page_id=53"},"modified":"2022-09-30T12:29:36","modified_gmt":"2022-09-30T16:29:36","slug":"intensivmischer-thz1","status":"publish","type":"page","link":"https:\/\/tekamixers.com\/de\/produkte\/mischer\/intensivmischer-thz1\/","title":{"rendered":"Intensivmischer &#8211; THZ"},"content":{"rendered":"\n<style type=\"text\/css\" data-created_by=\"avia_inline_auto\" id=\"style-css-av-jyo4yk01-d8099819e72cae9b52b00cd86814f284\">\n.avia-section.av-jyo4yk01-d8099819e72cae9b52b00cd86814f284{\nbackground-repeat:no-repeat;\nbackground-image:url(https:\/\/tekamixers.com\/wp-content\/uploads\/2014\/08\/Ringtrogmischer-4.jpg);\nbackground-position:50% 50%;\nbackground-attachment:scroll;\n}\n<\/style>\n<div id='av_section_1'  class='avia-section av-jyo4yk01-d8099819e72cae9b52b00cd86814f284 main_color avia-section-default avia-no-border-styling  avia-builder-el-0  el_before_av_one_half  avia-builder-el-first  avia-full-stretch avia-bg-style-scroll av-minimum-height av-minimum-height-50 av-height-50  container_wrap fullsize'  data-section-bg-repeat='stretch' data-av_minimum_height_pc='50' data-av_min_height_opt='50'><div class='container av-section-cont-open' ><main  role=\"main\" itemprop=\"mainContentOfPage\"  class='template-page content  av-content-full alpha units'><div class='post-entry post-entry-type-page post-entry-53'><div class='entry-content-wrapper clearfix'><\/div><\/div><\/main><!-- close content main element --><\/div><\/div><div id='after_section_1'  class='main_color av_default_container_wrap container_wrap fullsize'  ><div class='container av-section-cont-open' ><div class='template-page content  av-content-full alpha units'><div class='post-entry post-entry-type-page post-entry-53'><div class='entry-content-wrapper clearfix'>\n<div class='flex_column_table av-5qxs0-5759a3ecf15e40888d529cc50655aaa6 sc-av_one_half av-equal-height-column-flextable'>\n<style type=\"text\/css\" data-created_by=\"avia_inline_auto\" id=\"style-css-av-5qxs0-5759a3ecf15e40888d529cc50655aaa6\">\n#top .flex_column_table.av-equal-height-column-flextable.av-5qxs0-5759a3ecf15e40888d529cc50655aaa6{\nmargin-top:-118px;\nmargin-bottom:0px;\n}\n.flex_column.av-5qxs0-5759a3ecf15e40888d529cc50655aaa6{\nborder-radius:0px 0px 0px 0px;\npadding:10px 10px 10px 10px;\nbackground-color:#f38431;\n}\n<\/style>\n<div  class='flex_column av-5qxs0-5759a3ecf15e40888d529cc50655aaa6 av_one_half  avia-builder-el-1  el_after_av_section  el_before_av_one_half  avia-builder-el-first  first flex_column_table_cell av-equal-height-column av-align-top  '     ><style type=\"text\/css\" data-created_by=\"avia_inline_auto\" id=\"style-css-av-jype73e5-12a969a1f4491dc73da0270deea6098a\">\n#top .av-special-heading.av-jype73e5-12a969a1f4491dc73da0270deea6098a{\npadding-bottom:10px;\ncolor:#ffffff;\n}\nbody .av-special-heading.av-jype73e5-12a969a1f4491dc73da0270deea6098a .av-special-heading-tag .heading-char{\nfont-size:25px;\n}\n.av-special-heading.av-jype73e5-12a969a1f4491dc73da0270deea6098a .special-heading-inner-border{\nborder-color:#ffffff;\n}\n.av-special-heading.av-jype73e5-12a969a1f4491dc73da0270deea6098a .av-subheading{\nfont-size:15px;\n}\n<\/style>\n<div  class='av-special-heading av-jype73e5-12a969a1f4491dc73da0270deea6098a av-special-heading-h1 custom-color-heading blockquote modern-quote  avia-builder-el-2  avia-builder-el-no-sibling '><h1 class='av-special-heading-tag '  itemprop=\"headline\"  >Intensivmischer &#8211; THZ<\/h1><div class=\"special-heading-border\"><div class=\"special-heading-inner-border\"><\/div><\/div><\/div><\/div>\n<div class='av-flex-placeholder'><\/div>\n<style type=\"text\/css\" data-created_by=\"avia_inline_auto\" id=\"style-css-av-tvyt-fa33fb4c2f1e9ff0325d29b4f37203e8\">\n#top .flex_column_table.av-equal-height-column-flextable.av-tvyt-fa33fb4c2f1e9ff0325d29b4f37203e8{\nmargin-top:-118px;\nmargin-bottom:0px;\n}\n.flex_column.av-tvyt-fa33fb4c2f1e9ff0325d29b4f37203e8{\nborder-radius:0px 0px 0px 0px;\npadding:0px 0px 0px 0px;\n}\n<\/style>\n<div  class='flex_column av-tvyt-fa33fb4c2f1e9ff0325d29b4f37203e8 av_one_half  avia-builder-el-3  el_after_av_one_half  el_before_av_one_half  flex_column_table_cell av-equal-height-column av-align-top av-zero-column-padding  '     ><\/div><\/div><!--close column table wrapper. Autoclose: 1 -->\n<div  class='flex_column av-4fih9-04b4c3d4b72172236e13f1c03e4b02bd av_one_half  avia-builder-el-4  el_after_av_one_half  el_before_av_one_half  first flex_column_div  column-top-margin'     ><p>\n<style type=\"text\/css\" data-created_by=\"avia_inline_auto\" id=\"style-css-av-164h5-3759fefdf49e9b161f90c13fcb361173\">\n#top .av-special-heading.av-164h5-3759fefdf49e9b161f90c13fcb361173{\npadding-bottom:10px;\n}\nbody .av-special-heading.av-164h5-3759fefdf49e9b161f90c13fcb361173 .av-special-heading-tag .heading-char{\nfont-size:25px;\n}\n.av-special-heading.av-164h5-3759fefdf49e9b161f90c13fcb361173 .av-subheading{\nfont-size:15px;\n}\n<\/style>\n<div  class='av-special-heading av-164h5-3759fefdf49e9b161f90c13fcb361173 av-special-heading-h3 blockquote modern-quote  avia-builder-el-5  el_before_av_textblock  avia-builder-el-first '><h3 class='av-special-heading-tag '  itemprop=\"headline\"  >Intensivmischer &#8211; THZ mit mechanischem Wirbler<\/h3><div class=\"special-heading-border\"><div class=\"special-heading-inner-border\"><\/div><\/div><\/div><br \/>\n<section  class='av_textblock_section av-3gial-575c851d9f9059aec9acf369246b0454 '   itemscope=\"itemscope\" itemtype=\"https:\/\/schema.org\/CreativeWork\" ><div class='avia_textblock'  itemprop=\"text\" ><ul>\n<li>Intensivmischer f\u00fcr schwierige Mischaufgaben<\/li>\n<li>Verbesserter Leistungseintrag in das Mischgut<\/li>\n<li>Schnellere Mischzeiten bei effektivem Aufschluss der einzelnen Komponenten<\/li>\n<li>F\u00fcr viele verschiedene Gemenge geeignet<\/li>\n<li>Wirbler wird fortlaufend mit Material versorgt<\/li>\n<\/ul>\n<p>F\u00fcr anspruchsvollere Mischaufgaben und zur Erreichung schnellerer Mischzeiten kann der TEKA &#8211; Ringtrogmischer mit einem mechanischen Wirbler ausgestattet werden.<\/p>\n<p>Dieser Wirbler rotiert mit vom Hauptantrieb abh\u00e4ngiger Drehzahl und wird durch die besondere Anordnung der Mischschaufeln st\u00e4ndig mit Mischgut versorgt, da das im Ringkanal gef\u00fchrte Material dem Wirbler nicht ausweichen kann. Dieser Intensivmischer ist bestens geeignet f\u00fcr die zeitoptimierte Produktion unterschiedlichster Gemenge.<\/p>\n<p>Den TEKA \u2013 Intensivmischer mit mechanischem Wirbler gibt es in den Baugr\u00f6\u00dfen von 250 bis 4500 Liter F\u00fcllmenge, wobei entsprechend ein oder zwei Wirbler eingesetzt werden.<\/p>\n<p>S\u00e4mtliche Baugr\u00f6\u00dfen sind auch mit unterschiedlichen Verschlei\u00dfauskleidungen, verschiedenen Zubeh\u00f6rteilen, Aufzugssystemen sowie Hochdruckreinigungsanlagen lieferbar.<\/p>\n<h3>Datenblatt<\/h3>\n<p><img loading=\"lazy\" decoding=\"async\" class=\"size-full wp-image-4658 alignnone\" src=\"https:\/\/tekamixers.com\/wp-content\/uploads\/2019\/07\/pdf-download.png\" alt=\"\" width=\"74\" height=\"100\" \/><br \/>\nLaden Sie sich die <a href=\"https:\/\/tekamixers.com\/wp-content\/uploads\/2015\/05\/2015-THZ_Wirbler.pdf\" target=\"_blank\" rel=\"noopener noreferrer\">Produkt Brosch\u00fcre<\/a> als PDF-Datei.<\/p>\n<\/div><\/section><\/p><\/div>\n<div  class='flex_column av-2iluh-5144f0b9d695e7194311f982ecf752ac av_one_half  avia-builder-el-7  el_after_av_one_half  el_before_av_section  avia-builder-el-last  flex_column_div  column-top-margin'     ><p>\n<style type=\"text\/css\" data-created_by=\"avia_inline_auto\" id=\"style-css-av-1vllt-0efec2adb25f6b8532f04e4fec121f33\">\n#top .av-special-heading.av-1vllt-0efec2adb25f6b8532f04e4fec121f33{\npadding-bottom:10px;\n}\nbody .av-special-heading.av-1vllt-0efec2adb25f6b8532f04e4fec121f33 .av-special-heading-tag .heading-char{\nfont-size:25px;\n}\n.av-special-heading.av-1vllt-0efec2adb25f6b8532f04e4fec121f33 .av-subheading{\nfont-size:15px;\n}\n<\/style>\n<div  class='av-special-heading av-1vllt-0efec2adb25f6b8532f04e4fec121f33 av-special-heading-h3 blockquote modern-quote  avia-builder-el-8  el_before_av_textblock  avia-builder-el-first '><h3 class='av-special-heading-tag '  itemprop=\"headline\"  >Intensivmischer &#8211; THZ mit hydraulischem Wirbler<\/h3><div class=\"special-heading-border\"><div class=\"special-heading-inner-border\"><\/div><\/div><\/div><br \/>\n<section  class='av_textblock_section av-1r5kp-9cc86fb01fc36a0827307dc92b6f6738 '   itemscope=\"itemscope\" itemtype=\"https:\/\/schema.org\/CreativeWork\" ><div class='avia_textblock'  itemprop=\"text\" ><ul>\n<li>Intensivmischer f\u00fcr schwierigste Mischaufgaben<\/li>\n<li>Optimaler Leistungseintrag in das Mischgut<\/li>\n<li>Ideal f\u00fcr hybride Mischprozesse, die unterschiedliche Drehzahlen der Mischwerkzeuge erfordern<\/li>\n<li>Hoher Homogenisierungsgrad in k\u00fcrzester Mischzeit<\/li>\n<li>Wirbler wird fortlaufend mit Mischgut versorgt<\/li>\n<\/ul>\n<p>F\u00fcr anspruchsvollste Mischaufgaben und zur Erreichung schnellerer Homogenisierung des Mischgutes kann der TEKA \u2013 Ringtrogmischer mit einem hydraulischen und somit stufenlos in der Geschwindigkeit regelbaren Wirbler ausgestattet werden.<\/p>\n<p>Dieser Intensivmischer erm\u00f6glicht eine optimale Durchmischung f\u00fcr h\u00f6chste Qualit\u00e4tsanspr\u00fcche bei einem angepassten Leistungseintrag in das Mischgut. Er ist f\u00fcr Feuerfestmassen, Umweltanwendungen, Gie\u00dfereien, etc. und generell f\u00fcr qualitativ hochwertige Sonderprodukte bestens geeignet.<\/p>\n<p>Der schnell &#8211; drehende Wirbler wird durch die besondere Anordnung der Mischschaufeln st\u00e4ndig mit Mischgut versorgt, dahin das im Ringkanal gef\u00fchrte Material dem Wirbler nicht ausweichen kann. Dies f\u00fchrt zu einem hohen Aufschluss der Einzelkomponenten und zu einer optimalen Homogenisierung des Mischgutes. Selbstverst\u00e4ndlich stehen f\u00fcr verschiedene Mischaufgaben auch unterschiedliche Werkzeugoptionen zur Verf\u00fcgung.<\/p>\n<p>Den TEKA \u2013 Intensivmischer mit hydraulischem Wirbler gibt es in den Baugr\u00f6\u00dfen von 250 bis 4500 Liter F\u00fcllmenge, wobei entsprechend ein oder zwei Wirbler eingesetzt werden.<\/p>\n<p>S\u00e4mtliche Baugr\u00f6\u00dfen sind mit unterschiedlichen Verschlei\u00dfauskleidungen, verschiedenen Zubeh\u00f6rteilen, Aufzugssystemen sowie Hochdruckreinigungsanlagen lieferbar.<\/p>\n<\/div><\/section><\/p><\/div>\n<\/div><\/div><\/div><!-- close content main div --><\/div><\/div>\n<style type=\"text\/css\" data-created_by=\"avia_inline_auto\" id=\"style-css-av-jzjnba4n-50ae969492de838c30e3776dd8817be1\">\n.avia-section.av-jzjnba4n-50ae969492de838c30e3776dd8817be1{\nbackground-color:#a0a0a0;\nbackground-image:unset;\n}\n<\/style>\n<div id='av_section_2'  class='avia-section av-jzjnba4n-50ae969492de838c30e3776dd8817be1 main_color avia-section-default avia-no-border-styling  avia-builder-el-10  el_after_av_one_half  avia-builder-el-last  avia-bg-style-scroll container_wrap fullsize'  ><div class='container av-section-cont-open' ><div class='template-page content  av-content-full alpha units'><div class='post-entry post-entry-type-page post-entry-53'><div class='entry-content-wrapper clearfix'>\n\n<style type=\"text\/css\" data-created_by=\"avia_inline_auto\" id=\"style-css-av-2ddp-542da224f3bc228fd59e781d2f0905b3\">\n#top .avia-gallery.av-2ddp-542da224f3bc228fd59e781d2f0905b3 .avia-gallery-thumb a{\nwidth:33.3333%;\n}\n<\/style>\n<div  class='avia-gallery av-2ddp-542da224f3bc228fd59e781d2f0905b3 avia_animate_when_visible  avia-builder-el-11  avia-builder-el-no-sibling  deactivate_avia_lazyload avia-gallery-animate avia-gallery-1'  itemprop=\"image\" itemscope=\"itemscope\" itemtype=\"https:\/\/schema.org\/ImageObject\" ><meta itemprop=\"contentURL\" content=\"https:\/\/tekamixers.com\/de\/produkte\/mischer\/intensivmischer-thz1\/\"><div class='avia-gallery-thumb'><a href=\"https:\/\/tekamixers.com\/wp-content\/uploads\/2014\/08\/Intensivmischer-1-1030x751.jpg\" data-srcset=\"https:\/\/tekamixers.com\/wp-content\/uploads\/2014\/08\/Intensivmischer-1-1030x751.jpg 1030w, https:\/\/tekamixers.com\/wp-content\/uploads\/2014\/08\/Intensivmischer-1-300x218.jpg 300w, https:\/\/tekamixers.com\/wp-content\/uploads\/2014\/08\/Intensivmischer-1-705x514.jpg 705w, https:\/\/tekamixers.com\/wp-content\/uploads\/2014\/08\/Intensivmischer-1-450x328.jpg 450w, https:\/\/tekamixers.com\/wp-content\/uploads\/2014\/08\/Intensivmischer-1.jpg 1059w\" data-sizes=\"(max-width: 1030px) 100vw, 1030px\" data-rel='gallery-1' data-prev-img='https:\/\/tekamixers.com\/wp-content\/uploads\/2014\/08\/Intensivmischer-1-495x400.jpg' class='first_thumb lightbox ' data-onclick='1' title='Intensivmischer-1'  itemprop=\"thumbnailUrl\"  ><img decoding=\"async\" fetchpriority=\"high\" class=\"wp-image-133 avia-img-lazy-loading-not-133\"   src=\"https:\/\/tekamixers.com\/wp-content\/uploads\/2014\/08\/Intensivmischer-1-495x400.jpg\" width=\"495\" height=\"400\"  title='Intensivmischer-1' alt='' srcset=\"https:\/\/tekamixers.com\/wp-content\/uploads\/2014\/08\/Intensivmischer-1-495x400.jpg 495w, https:\/\/tekamixers.com\/wp-content\/uploads\/2014\/08\/Intensivmischer-1-710x575.jpg 710w\" sizes=\"(max-width: 495px) 100vw, 495px\" \/><div class='big-prev-fake'><img decoding=\"async\" loading=\"lazy\" class=\"wp-image-133 avia-img-lazy-loading-133\"  width=\"495\" height=\"400\" src=\"https:\/\/tekamixers.com\/wp-content\/uploads\/2014\/08\/Intensivmischer-1-495x400.jpg\" title='Intensivmischer-1' alt='' srcset=\"https:\/\/tekamixers.com\/wp-content\/uploads\/2014\/08\/Intensivmischer-1-495x400.jpg 495w, https:\/\/tekamixers.com\/wp-content\/uploads\/2014\/08\/Intensivmischer-1-710x575.jpg 710w\" sizes=\"auto, (max-width: 495px) 100vw, 495px\" \/><\/div><\/a><a href=\"https:\/\/tekamixers.com\/wp-content\/uploads\/2014\/08\/Intensivmischer-2-1030x751.jpg\" data-srcset=\"https:\/\/tekamixers.com\/wp-content\/uploads\/2014\/08\/Intensivmischer-2-1030x751.jpg 1030w, https:\/\/tekamixers.com\/wp-content\/uploads\/2014\/08\/Intensivmischer-2-300x218.jpg 300w, https:\/\/tekamixers.com\/wp-content\/uploads\/2014\/08\/Intensivmischer-2-705x514.jpg 705w, https:\/\/tekamixers.com\/wp-content\/uploads\/2014\/08\/Intensivmischer-2-450x328.jpg 450w, https:\/\/tekamixers.com\/wp-content\/uploads\/2014\/08\/Intensivmischer-2.jpg 1059w\" data-sizes=\"(max-width: 1030px) 100vw, 1030px\" data-rel='gallery-1' data-prev-img='https:\/\/tekamixers.com\/wp-content\/uploads\/2014\/08\/Intensivmischer-2-495x400.jpg' class='lightbox ' data-onclick='2' title='Intensivmischer-2'  itemprop=\"thumbnailUrl\"  ><img decoding=\"async\" fetchpriority=\"high\" class=\"wp-image-134 avia-img-lazy-loading-not-134\"   src=\"https:\/\/tekamixers.com\/wp-content\/uploads\/2014\/08\/Intensivmischer-2-495x400.jpg\" width=\"495\" height=\"400\"  title='Intensivmischer-2' alt='' srcset=\"https:\/\/tekamixers.com\/wp-content\/uploads\/2014\/08\/Intensivmischer-2-495x400.jpg 495w, https:\/\/tekamixers.com\/wp-content\/uploads\/2014\/08\/Intensivmischer-2-710x575.jpg 710w\" sizes=\"(max-width: 495px) 100vw, 495px\" \/><div class='big-prev-fake'><img decoding=\"async\" loading=\"lazy\" class=\"wp-image-134 avia-img-lazy-loading-134\"  width=\"495\" height=\"400\" src=\"https:\/\/tekamixers.com\/wp-content\/uploads\/2014\/08\/Intensivmischer-2-495x400.jpg\" title='Intensivmischer-2' alt='' srcset=\"https:\/\/tekamixers.com\/wp-content\/uploads\/2014\/08\/Intensivmischer-2-495x400.jpg 495w, https:\/\/tekamixers.com\/wp-content\/uploads\/2014\/08\/Intensivmischer-2-710x575.jpg 710w\" sizes=\"auto, (max-width: 495px) 100vw, 495px\" \/><\/div><\/a><a href=\"https:\/\/tekamixers.com\/wp-content\/uploads\/2014\/08\/Intensivmischer-3-1030x751.jpg\" data-srcset=\"https:\/\/tekamixers.com\/wp-content\/uploads\/2014\/08\/Intensivmischer-3-1030x751.jpg 1030w, https:\/\/tekamixers.com\/wp-content\/uploads\/2014\/08\/Intensivmischer-3-300x218.jpg 300w, https:\/\/tekamixers.com\/wp-content\/uploads\/2014\/08\/Intensivmischer-3-705x514.jpg 705w, https:\/\/tekamixers.com\/wp-content\/uploads\/2014\/08\/Intensivmischer-3-450x328.jpg 450w, https:\/\/tekamixers.com\/wp-content\/uploads\/2014\/08\/Intensivmischer-3.jpg 1059w\" data-sizes=\"(max-width: 1030px) 100vw, 1030px\" data-rel='gallery-1' data-prev-img='https:\/\/tekamixers.com\/wp-content\/uploads\/2014\/08\/Intensivmischer-3-495x400.jpg' class='lightbox ' data-onclick='3' title='Intensivmischer-3'  itemprop=\"thumbnailUrl\"  ><img decoding=\"async\" fetchpriority=\"high\" class=\"wp-image-135 avia-img-lazy-loading-not-135\"   src=\"https:\/\/tekamixers.com\/wp-content\/uploads\/2014\/08\/Intensivmischer-3-495x400.jpg\" width=\"495\" height=\"400\"  title='Intensivmischer-3' alt='' srcset=\"https:\/\/tekamixers.com\/wp-content\/uploads\/2014\/08\/Intensivmischer-3-495x400.jpg 495w, https:\/\/tekamixers.com\/wp-content\/uploads\/2014\/08\/Intensivmischer-3-710x575.jpg 710w\" sizes=\"(max-width: 495px) 100vw, 495px\" \/><div class='big-prev-fake'><img decoding=\"async\" loading=\"lazy\" class=\"wp-image-135 avia-img-lazy-loading-135\"  width=\"495\" height=\"400\" src=\"https:\/\/tekamixers.com\/wp-content\/uploads\/2014\/08\/Intensivmischer-3-495x400.jpg\" title='Intensivmischer-3' alt='' srcset=\"https:\/\/tekamixers.com\/wp-content\/uploads\/2014\/08\/Intensivmischer-3-495x400.jpg 495w, https:\/\/tekamixers.com\/wp-content\/uploads\/2014\/08\/Intensivmischer-3-710x575.jpg 710w\" sizes=\"auto, (max-width: 495px) 100vw, 495px\" \/><\/div><\/a><\/div><\/div>\n\n","protected":false},"excerpt":{"rendered":"","protected":false},"author":7,"featured_media":0,"parent":50,"menu_order":2,"comment_status":"closed","ping_status":"closed","template":"","meta":{"footnotes":""},"class_list":["post-53","page","type-page","status-publish","hentry"],"_links":{"self":[{"href":"https:\/\/tekamixers.com\/de\/wp-json\/wp\/v2\/pages\/53","targetHints":{"allow":["GET"]}}],"collection":[{"href":"https:\/\/tekamixers.com\/de\/wp-json\/wp\/v2\/pages"}],"about":[{"href":"https:\/\/tekamixers.com\/de\/wp-json\/wp\/v2\/types\/page"}],"author":[{"embeddable":true,"href":"https:\/\/tekamixers.com\/de\/wp-json\/wp\/v2\/users\/7"}],"replies":[{"embeddable":true,"href":"https:\/\/tekamixers.com\/de\/wp-json\/wp\/v2\/comments?post=53"}],"version-history":[{"count":27,"href":"https:\/\/tekamixers.com\/de\/wp-json\/wp\/v2\/pages\/53\/revisions"}],"predecessor-version":[{"id":4989,"href":"https:\/\/tekamixers.com\/de\/wp-json\/wp\/v2\/pages\/53\/revisions\/4989"}],"up":[{"embeddable":true,"href":"https:\/\/tekamixers.com\/de\/wp-json\/wp\/v2\/pages\/50"}],"wp:attachment":[{"href":"https:\/\/tekamixers.com\/de\/wp-json\/wp\/v2\/media?parent=53"}],"curies":[{"name":"wp","href":"https:\/\/api.w.org\/{rel}","templated":true}]}}