{"id":475,"date":"2014-08-13T16:25:52","date_gmt":"2014-08-13T20:25:52","guid":{"rendered":"http:\/\/teka.de\/produkte\/mischer\/intensivmischer-thz\/"},"modified":"2022-09-30T12:29:33","modified_gmt":"2022-09-30T16:29:33","slug":"intensivmischer-thz4","status":"publish","type":"page","link":"https:\/\/tekamixers.com\/es\/productos\/mischer\/intensivmischer-thz4\/","title":{"rendered":"Mezcladoras Intensivas &#8211; THZ"},"content":{"rendered":"\n<style type=\"text\/css\" data-created_by=\"avia_inline_auto\" id=\"style-css-av-av_image-78a50dff8d81219ab0907a59accb52b1\">\n.avia-image-container.av-av_image-78a50dff8d81219ab0907a59accb52b1 img.avia_image{\nbox-shadow:none;\n}\n.avia-image-container.av-av_image-78a50dff8d81219ab0907a59accb52b1 .av-image-caption-overlay-center{\ncolor:#ffffff;\n}\n<\/style>\n<div  class='avia-image-container av-av_image-78a50dff8d81219ab0907a59accb52b1 av-styling- avia-align-center  avia-builder-el-0  el_before_av_one_half  avia-builder-el-first '   itemprop=\"image\" itemscope=\"itemscope\" itemtype=\"https:\/\/schema.org\/ImageObject\" ><div class=\"avia-image-container-inner\"><div class=\"avia-image-overlay-wrap\"><img decoding=\"async\" fetchpriority=\"high\" class='wp-image-1569 avia-img-lazy-loading-not-1569 avia_image ' src=\"https:\/\/tekamixers.com\/wp-content\/uploads\/2014\/08\/Banner-Intensivmischer.jpg\" alt='' title='Banner-Intensivmischer'  height=\"193\" width=\"1030\"  itemprop=\"thumbnailUrl\" srcset=\"https:\/\/tekamixers.com\/wp-content\/uploads\/2014\/08\/Banner-Intensivmischer.jpg 1030w, https:\/\/tekamixers.com\/wp-content\/uploads\/2014\/08\/Banner-Intensivmischer-300x56.jpg 300w, https:\/\/tekamixers.com\/wp-content\/uploads\/2014\/08\/Banner-Intensivmischer-705x132.jpg 705w, https:\/\/tekamixers.com\/wp-content\/uploads\/2014\/08\/Banner-Intensivmischer-450x84.jpg 450w\" sizes=\"(max-width: 1030px) 100vw, 1030px\" \/><\/div><\/div><\/div>\n<div  class='flex_column av-av_one_half-2a9015ff38129c418a3f2eafba3e9512 av_one_half  avia-builder-el-1  el_after_av_image  el_before_av_one_half  first flex_column_div  '     ><p>\n<style type=\"text\/css\" data-created_by=\"avia_inline_auto\" id=\"style-css-av-av_heading-413e831122306b2ea9a9478ae207dc20\">\n#top .av-special-heading.av-av_heading-413e831122306b2ea9a9478ae207dc20{\npadding-bottom:10px;\n}\nbody .av-special-heading.av-av_heading-413e831122306b2ea9a9478ae207dc20 .av-special-heading-tag .heading-char{\nfont-size:25px;\n}\n.av-special-heading.av-av_heading-413e831122306b2ea9a9478ae207dc20 .av-subheading{\nfont-size:15px;\n}\n<\/style>\n<div  class='av-special-heading av-av_heading-413e831122306b2ea9a9478ae207dc20 av-special-heading-h3 blockquote modern-quote  avia-builder-el-2  el_before_av_textblock  avia-builder-el-first '><h3 class='av-special-heading-tag '  itemprop=\"headline\"  >Mezcladoras Intensivas &#8211; THZ con agitador mec\u00e1nico<\/h3><div class=\"special-heading-border\"><div class=\"special-heading-inner-border\"><\/div><\/div><\/div><br \/>\n<section  class='av_textblock_section av-av_textblock-0366cc7376be6c9e82a3e9cc8987b64f '   itemscope=\"itemscope\" itemtype=\"https:\/\/schema.org\/CreativeWork\" ><div class='avia_textblock'  itemprop=\"text\" ><ul>\n<li>Mezcladora intensiva para aplicaciones dif\u00edciles<\/li>\n<li>Utiliza mejor la energ\u00eda sobre el material<\/li>\n<li>Mezclas m\u00e1s r\u00e1pidas y una mejor distribuci\u00f3n de los componentes<\/li>\n<li>Adecuado para una gran variedad de mezclas heterog\u00e9neas<\/li>\n<li>Alimentaci\u00f3n constante de material en el agitador<\/li>\n<\/ul>\n<p>La mezcladora de turbina TEKA puede acoplar un agitador mec\u00e1nico para satisfacer las aplicaciones m\u00e1s exigentes y acelerar la producci\u00f3n.<\/p>\n<p>El agitador gira a la velocidad fijada con el mando principal y, gracias a la posici\u00f3n especial del brazo de mezcla, se proporciona el material de forma constante. El agitador cubre toda la corona, no se desperdicia nada del material. Esta mezcladora intensiva es ideal para producir r\u00e1pidamente una gran variedad de mezclas.<\/p>\n<p>La mezcladora intensiva TEKA con agitadores mec\u00e1nicos est\u00e1 disponible en varios tama\u00f1os con capacidades desde 250 hasta 4.500 litros, y puede obtenerse con uno o dos agitadores.<\/p>\n<p>Todos los tama\u00f1os pueden complementarse con revestimientos resistentes al desgaste, elementos accesorios, sistemas de carga y de limpieza a alta presi\u00f3n.<\/p>\n<h4>Ficha de datos<\/h4>\n<p>Descargue el <a href=\"https:\/\/tekamixers.com\/wp-content\/uploads\/2016\/02\/2016-THZ-wirbler-span.pdf\" target=\"_blank\">cat\u00e1logo de productos<\/a> en formato PDF.<\/p>\n<h4><\/h4>\n<\/div><\/section><\/p><\/div>\n<style type=\"text\/css\" data-created_by=\"avia_inline_auto\" id=\"style-css-av-av_one_half-2a64de42b738552fe666ca889af77e28\">\n.flex_column.av-av_one_half-2a64de42b738552fe666ca889af77e28{\nborder-radius:0px 0px 0px 0px;\npadding:0px 0px 0px 0px;\n}\n<\/style>\n<div  class='flex_column av-av_one_half-2a64de42b738552fe666ca889af77e28 av_one_half  avia-builder-el-4  el_after_av_one_half  el_before_av_gallery  flex_column_div av-zero-column-padding  '     ><p>\n<style type=\"text\/css\" data-created_by=\"avia_inline_auto\" id=\"style-css-av-av_heading-382198fe19ee01b31551757a0d2baa46\">\n#top .av-special-heading.av-av_heading-382198fe19ee01b31551757a0d2baa46{\npadding-bottom:10px;\n}\nbody .av-special-heading.av-av_heading-382198fe19ee01b31551757a0d2baa46 .av-special-heading-tag .heading-char{\nfont-size:25px;\n}\n.av-special-heading.av-av_heading-382198fe19ee01b31551757a0d2baa46 .av-subheading{\nfont-size:15px;\n}\n<\/style>\n<div  class='av-special-heading av-av_heading-382198fe19ee01b31551757a0d2baa46 av-special-heading-h3 blockquote modern-quote  avia-builder-el-5  el_before_av_textblock  avia-builder-el-first '><h3 class='av-special-heading-tag '  itemprop=\"headline\"  >Mezcladoras Intensivas &#8211; THZ con agitador hidr\u00e1ulico<\/h3><div class=\"special-heading-border\"><div class=\"special-heading-inner-border\"><\/div><\/div><\/div><br \/>\n<section  class='av_textblock_section av-av_textblock-75615b8b9d66df593b2db71c6a43b129 '   itemscope=\"itemscope\" itemtype=\"https:\/\/schema.org\/CreativeWork\" ><div class='avia_textblock'  itemprop=\"text\" ><ul>\n<li>Mezcladora intensiva para las aplicaciones m\u00e1s exigentes<\/li>\n<li>Aplica la cantidad \u00f3ptima de energ\u00eda al material<\/li>\n<li>Ideal para procesos de mezcla que requieren herramientas para girar a diferentes velocidades<\/li>\n<li>M\u00e1xima homogenizaci\u00f3n en el m\u00ednimo de tiempo<\/li>\n<li>El agitador se suple de material constantemente.<\/li>\n<\/ul>\n<p>La mezcladora de turbina TEKA tambi\u00e9n puede acoplar un agitador hidr\u00e1ulico, con infinitos ajustes para cubrir las aplicaciones m\u00e1s exigentes y homogenizar el material m\u00e1s r\u00e1pidamente.<\/p>\n<p>Con el agitador hidr\u00e1ulico, de varias velocidades, la mezcladora intensiva mezcla completamente el material sin utilizar m\u00e1s de la energ\u00eda que se necesita en cada aplicaci\u00f3n. Esta mezcladora intensiva es id\u00f3nea para materiales refractarios, aplicaciones medioambientales, fundiciones y productos de alta calidad en general.<\/p>\n<p>El agitador de rotaci\u00f3n r\u00e1pida se suple de material constantemente gracias a la posici\u00f3n especial del brazo de mezcla. La corona se cubre completamente y as\u00ed no se desperdicia el material. Los componentes se distribuyen eficazmente y se logra una perfecta homogenizaci\u00f3n del material. Hay varias opciones de herramientas disponibles para diversas aplicaciones de mezclado.<\/p>\n<p>La mezcladora intensiva TEKA con agitadores hidr\u00e1ulicos est\u00e1 disponible en varios tama\u00f1os con capacidades desde 250 hasta 4,500 litros, y puede obtenerse con uno o dos agitadores.<\/p>\n<p>Todos los tama\u00f1os pueden complementarse con revestimientos resistentes al desgaste, elementos accesorios, sistemas de carga y de limpieza a alta presi\u00f3n.<\/p>\n<\/div><\/section><\/p><\/div><\/p>\n\n<style type=\"text\/css\" data-created_by=\"avia_inline_auto\" id=\"style-css-av-av_gallery-0e413f742c18d366e74630e4d7b916f6\">\n#top .avia-gallery.av-av_gallery-0e413f742c18d366e74630e4d7b916f6 .avia-gallery-thumb a{\nwidth:33.3333%;\n}\n<\/style>\n<div  class='avia-gallery av-av_gallery-0e413f742c18d366e74630e4d7b916f6 avia_animate_when_visible  avia-builder-el-7  el_after_av_one_half  avia-builder-el-last  deactivate_avia_lazyload avia-gallery-animate avia-gallery-1'  itemprop=\"image\" itemscope=\"itemscope\" itemtype=\"https:\/\/schema.org\/ImageObject\" ><meta itemprop=\"contentURL\" content=\"https:\/\/tekamixers.com\/es\/productos\/mischer\/intensivmischer-thz4\/\"><div class='avia-gallery-thumb'><a href=\"https:\/\/tekamixers.com\/wp-content\/uploads\/2014\/08\/Intensivmischer-1-1030x751.jpg\" data-srcset=\"https:\/\/tekamixers.com\/wp-content\/uploads\/2014\/08\/Intensivmischer-1-1030x751.jpg 1030w, https:\/\/tekamixers.com\/wp-content\/uploads\/2014\/08\/Intensivmischer-1-300x218.jpg 300w, https:\/\/tekamixers.com\/wp-content\/uploads\/2014\/08\/Intensivmischer-1-705x514.jpg 705w, https:\/\/tekamixers.com\/wp-content\/uploads\/2014\/08\/Intensivmischer-1-450x328.jpg 450w, https:\/\/tekamixers.com\/wp-content\/uploads\/2014\/08\/Intensivmischer-1.jpg 1059w\" data-sizes=\"(max-width: 1030px) 100vw, 1030px\" data-rel='gallery-1' data-prev-img='https:\/\/tekamixers.com\/wp-content\/uploads\/2014\/08\/Intensivmischer-1-495x400.jpg' class='first_thumb lightbox ' data-onclick='1' title='Intensivmischer-1'  itemprop=\"thumbnailUrl\"  ><img decoding=\"async\" fetchpriority=\"high\" class=\"wp-image-921 avia-img-lazy-loading-not-921\"   src=\"https:\/\/tekamixers.com\/wp-content\/uploads\/2014\/08\/Intensivmischer-1-495x400.jpg\" width=\"495\" height=\"400\"  title='Intensivmischer-1' alt='' srcset=\"https:\/\/tekamixers.com\/wp-content\/uploads\/2014\/08\/Intensivmischer-1-495x400.jpg 495w, https:\/\/tekamixers.com\/wp-content\/uploads\/2014\/08\/Intensivmischer-1-710x575.jpg 710w\" sizes=\"(max-width: 495px) 100vw, 495px\" \/><div class='big-prev-fake'><img decoding=\"async\" loading=\"lazy\" class=\"wp-image-921 avia-img-lazy-loading-921\"  width=\"495\" height=\"400\" src=\"https:\/\/tekamixers.com\/wp-content\/uploads\/2014\/08\/Intensivmischer-1-495x400.jpg\" title='Intensivmischer-1' alt='' srcset=\"https:\/\/tekamixers.com\/wp-content\/uploads\/2014\/08\/Intensivmischer-1-495x400.jpg 495w, https:\/\/tekamixers.com\/wp-content\/uploads\/2014\/08\/Intensivmischer-1-710x575.jpg 710w\" sizes=\"auto, (max-width: 495px) 100vw, 495px\" \/><\/div><\/a><a href=\"https:\/\/tekamixers.com\/wp-content\/uploads\/2014\/08\/Intensivmischer-2-1030x751.jpg\" data-srcset=\"https:\/\/tekamixers.com\/wp-content\/uploads\/2014\/08\/Intensivmischer-2-1030x751.jpg 1030w, https:\/\/tekamixers.com\/wp-content\/uploads\/2014\/08\/Intensivmischer-2-300x218.jpg 300w, https:\/\/tekamixers.com\/wp-content\/uploads\/2014\/08\/Intensivmischer-2-705x514.jpg 705w, https:\/\/tekamixers.com\/wp-content\/uploads\/2014\/08\/Intensivmischer-2-450x328.jpg 450w, https:\/\/tekamixers.com\/wp-content\/uploads\/2014\/08\/Intensivmischer-2.jpg 1059w\" data-sizes=\"(max-width: 1030px) 100vw, 1030px\" data-rel='gallery-1' data-prev-img='https:\/\/tekamixers.com\/wp-content\/uploads\/2014\/08\/Intensivmischer-2-495x400.jpg' class='lightbox ' data-onclick='2' title='Intensivmischer-2'  itemprop=\"thumbnailUrl\"  ><img decoding=\"async\" fetchpriority=\"high\" class=\"wp-image-924 avia-img-lazy-loading-not-924\"   src=\"https:\/\/tekamixers.com\/wp-content\/uploads\/2014\/08\/Intensivmischer-2-495x400.jpg\" width=\"495\" height=\"400\"  title='Intensivmischer-2' alt='' srcset=\"https:\/\/tekamixers.com\/wp-content\/uploads\/2014\/08\/Intensivmischer-2-495x400.jpg 495w, https:\/\/tekamixers.com\/wp-content\/uploads\/2014\/08\/Intensivmischer-2-710x575.jpg 710w\" sizes=\"(max-width: 495px) 100vw, 495px\" \/><div class='big-prev-fake'><img decoding=\"async\" loading=\"lazy\" class=\"wp-image-924 avia-img-lazy-loading-924\"  width=\"495\" height=\"400\" src=\"https:\/\/tekamixers.com\/wp-content\/uploads\/2014\/08\/Intensivmischer-2-495x400.jpg\" title='Intensivmischer-2' alt='' srcset=\"https:\/\/tekamixers.com\/wp-content\/uploads\/2014\/08\/Intensivmischer-2-495x400.jpg 495w, https:\/\/tekamixers.com\/wp-content\/uploads\/2014\/08\/Intensivmischer-2-710x575.jpg 710w\" sizes=\"auto, (max-width: 495px) 100vw, 495px\" \/><\/div><\/a><a href=\"https:\/\/tekamixers.com\/wp-content\/uploads\/2014\/08\/Intensivmischer-3-1030x751.jpg\" data-srcset=\"https:\/\/tekamixers.com\/wp-content\/uploads\/2014\/08\/Intensivmischer-3-1030x751.jpg 1030w, https:\/\/tekamixers.com\/wp-content\/uploads\/2014\/08\/Intensivmischer-3-300x218.jpg 300w, https:\/\/tekamixers.com\/wp-content\/uploads\/2014\/08\/Intensivmischer-3-705x514.jpg 705w, https:\/\/tekamixers.com\/wp-content\/uploads\/2014\/08\/Intensivmischer-3-450x328.jpg 450w, https:\/\/tekamixers.com\/wp-content\/uploads\/2014\/08\/Intensivmischer-3.jpg 1059w\" data-sizes=\"(max-width: 1030px) 100vw, 1030px\" data-rel='gallery-1' data-prev-img='https:\/\/tekamixers.com\/wp-content\/uploads\/2014\/08\/Intensivmischer-3-495x400.jpg' class='lightbox ' data-onclick='3' title='Intensivmischer-3'  itemprop=\"thumbnailUrl\"  ><img decoding=\"async\" fetchpriority=\"high\" class=\"wp-image-927 avia-img-lazy-loading-not-927\"   src=\"https:\/\/tekamixers.com\/wp-content\/uploads\/2014\/08\/Intensivmischer-3-495x400.jpg\" width=\"495\" height=\"400\"  title='Intensivmischer-3' alt='' srcset=\"https:\/\/tekamixers.com\/wp-content\/uploads\/2014\/08\/Intensivmischer-3-495x400.jpg 495w, https:\/\/tekamixers.com\/wp-content\/uploads\/2014\/08\/Intensivmischer-3-710x575.jpg 710w\" sizes=\"(max-width: 495px) 100vw, 495px\" \/><div class='big-prev-fake'><img decoding=\"async\" loading=\"lazy\" class=\"wp-image-927 avia-img-lazy-loading-927\"  width=\"495\" height=\"400\" src=\"https:\/\/tekamixers.com\/wp-content\/uploads\/2014\/08\/Intensivmischer-3-495x400.jpg\" title='Intensivmischer-3' alt='' srcset=\"https:\/\/tekamixers.com\/wp-content\/uploads\/2014\/08\/Intensivmischer-3-495x400.jpg 495w, https:\/\/tekamixers.com\/wp-content\/uploads\/2014\/08\/Intensivmischer-3-710x575.jpg 710w\" sizes=\"auto, (max-width: 495px) 100vw, 495px\" \/><\/div><\/a><\/div><\/div>\n","protected":false},"excerpt":{"rendered":"","protected":false},"author":7,"featured_media":0,"parent":460,"menu_order":2,"comment_status":"closed","ping_status":"closed","template":"","meta":{"footnotes":""},"class_list":["post-475","page","type-page","status-publish","hentry"],"_links":{"self":[{"href":"https:\/\/tekamixers.com\/es\/wp-json\/wp\/v2\/pages\/475","targetHints":{"allow":["GET"]}}],"collection":[{"href":"https:\/\/tekamixers.com\/es\/wp-json\/wp\/v2\/pages"}],"about":[{"href":"https:\/\/tekamixers.com\/es\/wp-json\/wp\/v2\/types\/page"}],"author":[{"embeddable":true,"href":"https:\/\/tekamixers.com\/es\/wp-json\/wp\/v2\/users\/7"}],"replies":[{"embeddable":true,"href":"https:\/\/tekamixers.com\/es\/wp-json\/wp\/v2\/comments?post=475"}],"version-history":[{"count":7,"href":"https:\/\/tekamixers.com\/es\/wp-json\/wp\/v2\/pages\/475\/revisions"}],"predecessor-version":[{"id":5241,"href":"https:\/\/tekamixers.com\/es\/wp-json\/wp\/v2\/pages\/475\/revisions\/5241"}],"up":[{"embeddable":true,"href":"https:\/\/tekamixers.com\/es\/wp-json\/wp\/v2\/pages\/460"}],"wp:attachment":[{"href":"https:\/\/tekamixers.com\/es\/wp-json\/wp\/v2\/media?parent=475"}],"curies":[{"name":"wp","href":"https:\/\/api.w.org\/{rel}","templated":true}]}}