{"id":479,"date":"2022-07-14T12:20:06","date_gmt":"2022-07-14T16:20:06","guid":{"rendered":"http:\/\/teka.de\/startseite-2\/"},"modified":"2022-09-30T12:29:51","modified_gmt":"2022-09-30T16:29:51","slug":"startseite","status":"publish","type":"page","link":"https:\/\/tekamixers.com\/es\/","title":{"rendered":"Startseite"},"content":{"rendered":"\n<style type=\"text\/css\" data-created_by=\"avia_inline_auto\" id=\"style-css-av-jyo4yk01-541d31f97e136958212f108239de2452\">\n.avia-section.av-jyo4yk01-541d31f97e136958212f108239de2452{\nbackground-repeat:no-repeat;\nbackground-image:url(https:\/\/tekamixers.com\/wp-content\/uploads\/2019\/08\/Startseite-Banner-oben-1.jpg);\nbackground-position:50% 50%;\nbackground-attachment:scroll;\n}\n.avia-section.av-jyo4yk01-541d31f97e136958212f108239de2452 .av-section-color-overlay{\nopacity:0.3;\nbackground-color:#ffffff;\n}\n<\/style>\n<div id='av_section_1'  class='avia-section av-jyo4yk01-541d31f97e136958212f108239de2452 main_color avia-section-default avia-no-border-styling  avia-builder-el-0  el_before_av_section  avia-builder-el-first  avia-full-stretch avia-bg-style-scroll av-section-color-overlay-active av-minimum-height av-minimum-height-50 av-height-50  container_wrap fullsize'  data-section-bg-repeat='stretch' data-av_minimum_height_pc='50' data-av_min_height_opt='50'><div class=\"av-section-color-overlay-wrap\"><div class=\"av-section-color-overlay\"><\/div><div class='container av-section-cont-open' ><main  role=\"main\" itemprop=\"mainContentOfPage\"  class='template-page content  av-content-full alpha units'><div class='post-entry post-entry-type-page post-entry-479'><div class='entry-content-wrapper clearfix'>\n\n<style type=\"text\/css\" data-created_by=\"avia_inline_auto\" id=\"style-css-av-jzazfdes-55352ee04c148cf7260e18f4a73166f2\">\n.flex_column.av-jzazfdes-55352ee04c148cf7260e18f4a73166f2{\nborder-radius:0px 0px 0px 0px;\npadding:20px 20px 20px 20px;\nbackground-color:rgba(255,255,255,0.54);\n}\n<\/style>\n<div  class='flex_column av-jzazfdes-55352ee04c148cf7260e18f4a73166f2 av_three_fifth  avia-builder-el-1  el_before_av_image  avia-builder-el-first  first flex_column_div  '     ><style type=\"text\/css\" data-created_by=\"avia_inline_auto\" id=\"style-css-av-jzjopyxn-64f45b5b44036a0d176c69ab1a616cf8\">\n#top .av-special-heading.av-jzjopyxn-64f45b5b44036a0d176c69ab1a616cf8{\npadding-bottom:10px;\ncolor:#ff9a1f;\nfont-size:40px;\n}\nbody .av-special-heading.av-jzjopyxn-64f45b5b44036a0d176c69ab1a616cf8 .av-special-heading-tag .heading-char{\nfont-size:25px;\n}\n#top #wrap_all .av-special-heading.av-jzjopyxn-64f45b5b44036a0d176c69ab1a616cf8 .av-special-heading-tag{\nfont-size:40px;\n}\n.av-special-heading.av-jzjopyxn-64f45b5b44036a0d176c69ab1a616cf8 .special-heading-inner-border{\nborder-color:#ff9a1f;\n}\n.av-special-heading.av-jzjopyxn-64f45b5b44036a0d176c69ab1a616cf8 .av-subheading{\nfont-size:15px;\n}\n\n@media only screen and (min-width: 480px) and (max-width: 767px){ \n#top #wrap_all .av-special-heading.av-jzjopyxn-64f45b5b44036a0d176c69ab1a616cf8 .av-special-heading-tag{\nfont-size:0.8em;\n}\n}\n\n@media only screen and (max-width: 479px){ \n#top #wrap_all .av-special-heading.av-jzjopyxn-64f45b5b44036a0d176c69ab1a616cf8 .av-special-heading-tag{\nfont-size:0.8em;\n}\n}\n<\/style>\n<div  class='av-special-heading av-jzjopyxn-64f45b5b44036a0d176c69ab1a616cf8 av-special-heading-h2 custom-color-heading blockquote modern-quote  avia-builder-el-2  avia-builder-el-no-sibling  av-inherit-size'><h2 class='av-special-heading-tag '  itemprop=\"headline\"  >En TEKA todo gira en torno a las mezclas.<\/h2><div class=\"special-heading-border\"><div class=\"special-heading-inner-border\"><\/div><\/div><\/div><\/div>\n<style type=\"text\/css\" data-created_by=\"avia_inline_auto\" id=\"style-css-av-l5l1p2be-dfcdcd8f83906cdd86ff954cbf037eae\">\n.avia-image-container.av-l5l1p2be-dfcdcd8f83906cdd86ff954cbf037eae img.avia_image{\nbox-shadow:none;\n}\n.avia-image-container.av-l5l1p2be-dfcdcd8f83906cdd86ff954cbf037eae .av-image-caption-overlay-center{\ncolor:#ffffff;\n}\n<\/style>\n<div  class='avia-image-container av-l5l1p2be-dfcdcd8f83906cdd86ff954cbf037eae av-styling- avia-align-left  avia-builder-el-3  el_after_av_three_fifth  avia-builder-el-last '   itemprop=\"image\" itemscope=\"itemscope\" itemtype=\"https:\/\/schema.org\/ImageObject\" ><div class=\"avia-image-container-inner\"><div class=\"avia-image-overlay-wrap\"><img decoding=\"async\" fetchpriority=\"high\" class='wp-image-5838 avia-img-lazy-loading-not-5838 avia_image ' src=\"https:\/\/tekamixers.com\/wp-content\/uploads\/2022\/07\/7950365571807c6e_1602_B1_301_en.png\" alt='' title='7950365571807c6e_1602_B1_301_en'  height=\"90\" width=\"728\"  itemprop=\"thumbnailUrl\" srcset=\"https:\/\/tekamixers.com\/wp-content\/uploads\/2022\/07\/7950365571807c6e_1602_B1_301_en.png 728w, https:\/\/tekamixers.com\/wp-content\/uploads\/2022\/07\/7950365571807c6e_1602_B1_301_en-300x37.png 300w, https:\/\/tekamixers.com\/wp-content\/uploads\/2022\/07\/7950365571807c6e_1602_B1_301_en-705x87.png 705w\" sizes=\"(max-width: 728px) 100vw, 728px\" \/><\/div><\/div><\/div>\n<\/div><\/div><\/main><!-- close content main element --><\/div><\/div><\/div><div id='av_section_2'  class='avia-section av-y4ek-84cba4b6ab9bf431fd116786e579e540 main_color avia-section-default avia-no-border-styling  avia-builder-el-4  el_after_av_section  el_before_av_section  avia-bg-style-scroll container_wrap fullsize'  ><div class='container av-section-cont-open' ><div class='template-page content  av-content-full alpha units'><div class='post-entry post-entry-type-page post-entry-479'><div class='entry-content-wrapper clearfix'>\n<div class='flex_column_table av-5qxs0-fd1d08d5566bc3f10d45d42b1cd14d3a sc-av_one_third av-equal-height-column-flextable'>\n<style type=\"text\/css\" data-created_by=\"avia_inline_auto\" id=\"style-css-av-5qxs0-fd1d08d5566bc3f10d45d42b1cd14d3a\">\n#top .flex_column_table.av-equal-height-column-flextable.av-5qxs0-fd1d08d5566bc3f10d45d42b1cd14d3a{\nmargin-top:0px;\nmargin-bottom:0px;\n}\n.flex_column.av-5qxs0-fd1d08d5566bc3f10d45d42b1cd14d3a{\nborder-radius:0px 0px 0px 0px;\npadding:0px 0px 0px 0px;\n}\n<\/style>\n<div  class='flex_column av-5qxs0-fd1d08d5566bc3f10d45d42b1cd14d3a av_one_third  avia-builder-el-5  el_before_av_one_third  avia-builder-el-first  first flex_column_table_cell av-equal-height-column av-align-top av-zero-column-padding  '     ><p>\n<style type=\"text\/css\" data-created_by=\"avia_inline_auto\" id=\"style-css-av-4l8b8-c9a0971faf374c06e0bbe4d72b418db0\">\n.avia-image-container.av-4l8b8-c9a0971faf374c06e0bbe4d72b418db0 img.avia_image{\nbox-shadow:none;\n}\n.avia-image-container.av-4l8b8-c9a0971faf374c06e0bbe4d72b418db0 .av-caption-image-overlay-bg{\nopacity:0.7;\nbackground-color:#919191;\n}\n.avia-image-container.av-4l8b8-c9a0971faf374c06e0bbe4d72b418db0 .av-image-caption-overlay-center{\ncolor:#ffffff;\nfont-size:24px;\n}\n<\/style>\n<div  class='avia-image-container av-4l8b8-c9a0971faf374c06e0bbe4d72b418db0 av-styling- av-img-linked avia-align-center  avia-builder-el-6  el_before_av_textblock  avia-builder-el-first  noHover av-overlay-hover-deactivate'   itemprop=\"image\" itemscope=\"itemscope\" itemtype=\"https:\/\/schema.org\/ImageObject\" ><div class=\"avia-image-container-inner\"><div class=\"avia-image-overlay-wrap\"><a href=\"https:\/\/tekamixers.com\/es\/productos\/mischer\/intensivmischer-thz4\/\" class='avia_image '  aria-label='Mischer3innen18_b_small'><div class=\"av-image-caption-overlay\"><div class=\"av-caption-image-overlay-bg\"><\/div><div class=\"av-image-caption-overlay-position\"><div class=\"av-image-caption-overlay-center\"><p>Productos<\/p>\n<\/div><\/div><\/div><img decoding=\"async\" fetchpriority=\"high\" class='wp-image-3563 avia-img-lazy-loading-not-3563 avia_image ' src=\"https:\/\/tekamixers.com\/wp-content\/uploads\/2018\/06\/Mischer3innen18_b_small-845x684.jpg\" alt='' title='Mischer3innen18_b_small'  height=\"684\" width=\"845\"  itemprop=\"thumbnailUrl\" srcset=\"https:\/\/tekamixers.com\/wp-content\/uploads\/2018\/06\/Mischer3innen18_b_small-845x684.jpg 845w, https:\/\/tekamixers.com\/wp-content\/uploads\/2018\/06\/Mischer3innen18_b_small-495x400.jpg 495w\" sizes=\"(max-width: 845px) 100vw, 845px\" \/><\/a><\/div><\/div><\/div><br \/>\n<section  class='av_textblock_section av-14ys6v-a8d623af8736dea8a85c6c7b098bdd67 '   itemscope=\"itemscope\" itemtype=\"https:\/\/schema.org\/CreativeWork\" ><div class='avia_textblock'  itemprop=\"text\" ><p>\u00bfQu\u00e9 tipo de material de construcci\u00f3n necesita mezclar?<\/p>\n<p>Entre en la secci\u00f3n Materiales para construcci\u00f3n, seleccione el material deseado y encontrar\u00e1 las mezcladoras o unidades de mezcla que recomendamos para su aplicaci\u00f3n.<\/p>\n<\/div><\/section><\/p><\/div><div class='av-flex-placeholder'><\/div>\n<style type=\"text\/css\" data-created_by=\"avia_inline_auto\" id=\"style-css-av-8aa7c-4e9cf518707db78ac02afd9aaf165c4e\">\n#top .flex_column_table.av-equal-height-column-flextable.av-8aa7c-4e9cf518707db78ac02afd9aaf165c4e{\nmargin-top:0px;\nmargin-bottom:0px;\n}\n.flex_column.av-8aa7c-4e9cf518707db78ac02afd9aaf165c4e{\nborder-radius:0px 0px 0px 0px;\npadding:0px 0px 0px 0px;\n}\n<\/style>\n<div  class='flex_column av-8aa7c-4e9cf518707db78ac02afd9aaf165c4e av_one_third  avia-builder-el-8  el_after_av_one_third  el_before_av_one_third  flex_column_table_cell av-equal-height-column av-align-top av-zero-column-padding  '     ><p>\n<style type=\"text\/css\" data-created_by=\"avia_inline_auto\" id=\"style-css-av-6u64g-d5a7e21f7441dab111dce5348bcd5384\">\n.avia-image-container.av-6u64g-d5a7e21f7441dab111dce5348bcd5384 img.avia_image{\nbox-shadow:none;\n}\n.avia-image-container.av-6u64g-d5a7e21f7441dab111dce5348bcd5384 .av-caption-image-overlay-bg{\nopacity:0.7;\nbackground-color:#919191;\n}\n.avia-image-container.av-6u64g-d5a7e21f7441dab111dce5348bcd5384 .av-image-caption-overlay-center{\ncolor:#ffffff;\nfont-size:24px;\n}\n<\/style>\n<div  class='avia-image-container av-6u64g-d5a7e21f7441dab111dce5348bcd5384 av-styling- av-img-linked avia-align-center  avia-builder-el-9  el_before_av_textblock  avia-builder-el-first  noHover av-overlay-hover-deactivate'   itemprop=\"image\" itemscope=\"itemscope\" itemtype=\"https:\/\/schema.org\/ImageObject\" ><div class=\"avia-image-container-inner\"><div class=\"avia-image-overlay-wrap\"><a href=\"https:\/\/tekamixers.com\/es\/productos\/areas-de-aplicacion\/\" class='avia_image '  aria-label='Teka-Einsatzbereicht-DE_20180620-1'><div class=\"av-image-caption-overlay\"><div class=\"av-caption-image-overlay-bg\"><\/div><div class=\"av-image-caption-overlay-position\"><div class=\"av-image-caption-overlay-center\"><p>\u00c1reas de aplicaci\u00f3n<\/p>\n<\/div><\/div><\/div><img decoding=\"async\" fetchpriority=\"high\" class='wp-image-4462 avia-img-lazy-loading-not-4462 avia_image ' src=\"https:\/\/tekamixers.com\/wp-content\/uploads\/2018\/06\/Teka-Einsatzbereicht-DE_20180620-1-1-845x684.jpg\" alt='' title='Teka-Einsatzbereicht-DE_20180620-1'  height=\"684\" width=\"845\"  itemprop=\"thumbnailUrl\" srcset=\"https:\/\/tekamixers.com\/wp-content\/uploads\/2018\/06\/Teka-Einsatzbereicht-DE_20180620-1-1-845x684.jpg 845w, https:\/\/tekamixers.com\/wp-content\/uploads\/2018\/06\/Teka-Einsatzbereicht-DE_20180620-1-1-495x400.jpg 495w\" sizes=\"(max-width: 845px) 100vw, 845px\" \/><\/a><\/div><\/div><\/div><br \/>\n<section  class='av_textblock_section av-1jzcu7-813d215cc38d4f943be0159dd826d925 '   itemscope=\"itemscope\" itemtype=\"https:\/\/schema.org\/CreativeWork\" ><div class='avia_textblock'  itemprop=\"text\" ><p>Aqu\u00ed encontrar\u00e1 un resumen de nuestras <a href=\"https:\/\/tekamixers.com\/es\/productos\/areas-de-aplicacion\/\">mezcladoras recomendadas<\/a> en base a su <a href=\"https:\/\/tekamixers.com\/es\/productos\/areas-de-aplicacion\/\">\u00e1rea de aplicaci\u00f3n<\/a> deseada.<\/p>\n<\/div><\/section><\/p><\/div><div class='av-flex-placeholder'><\/div>\n<style type=\"text\/css\" data-created_by=\"avia_inline_auto\" id=\"style-css-av-3cse0-4aac898023e6066985c84d0fd10e2959\">\n#top .flex_column_table.av-equal-height-column-flextable.av-3cse0-4aac898023e6066985c84d0fd10e2959{\nmargin-top:0px;\nmargin-bottom:0px;\n}\n.flex_column.av-3cse0-4aac898023e6066985c84d0fd10e2959{\nborder-radius:0px 0px 0px 0px;\npadding:0px 0px 0px 0px;\n}\n<\/style>\n<div  class='flex_column av-3cse0-4aac898023e6066985c84d0fd10e2959 av_one_third  avia-builder-el-11  el_after_av_one_third  avia-builder-el-last  flex_column_table_cell av-equal-height-column av-align-top av-zero-column-padding  '     ><p>\n<style type=\"text\/css\" data-created_by=\"avia_inline_auto\" id=\"style-css-av-1vhn0-c47a9db7c5c5cb690f5a86e69757aa32\">\n.avia-image-container.av-1vhn0-c47a9db7c5c5cb690f5a86e69757aa32 img.avia_image{\nbox-shadow:none;\n}\n.avia-image-container.av-1vhn0-c47a9db7c5c5cb690f5a86e69757aa32 .av-caption-image-overlay-bg{\nopacity:0.7;\nbackground-color:#919191;\n}\n.avia-image-container.av-1vhn0-c47a9db7c5c5cb690f5a86e69757aa32 .av-image-caption-overlay-center{\ncolor:#ffffff;\nfont-size:24px;\n}\n<\/style>\n<div  class='avia-image-container av-1vhn0-c47a9db7c5c5cb690f5a86e69757aa32 av-styling- av-img-linked avia-align-center  avia-builder-el-12  el_before_av_textblock  avia-builder-el-first  noHover av-overlay-hover-deactivate'   itemprop=\"image\" itemscope=\"itemscope\" itemtype=\"https:\/\/schema.org\/ImageObject\" ><div class=\"avia-image-container-inner\"><div class=\"avia-image-overlay-wrap\"><a href=\"https:\/\/tekamixers.com\/es\/la-empresa\/news\/\" class='avia_image '  aria-label='MALAXEURS CAB PERIN_mod_1980x1024'><div class=\"av-image-caption-overlay\"><div class=\"av-caption-image-overlay-bg\"><\/div><div class=\"av-image-caption-overlay-position\"><div class=\"av-image-caption-overlay-center\"><p>Referencia<\/p>\n<\/div><\/div><\/div><img decoding=\"async\" fetchpriority=\"high\" class='wp-image-4478 avia-img-lazy-loading-not-4478 avia_image ' src=\"https:\/\/tekamixers.com\/wp-content\/uploads\/2019\/07\/MALAXEURS-CAB-PERIN_mod_1980x1024-2-495x400.jpg\" alt='' title='MALAXEURS CAB PERIN_mod_1980x1024'  height=\"400\" width=\"495\"  itemprop=\"thumbnailUrl\" srcset=\"https:\/\/tekamixers.com\/wp-content\/uploads\/2019\/07\/MALAXEURS-CAB-PERIN_mod_1980x1024-2-495x400.jpg 495w, https:\/\/tekamixers.com\/wp-content\/uploads\/2019\/07\/MALAXEURS-CAB-PERIN_mod_1980x1024-2-845x684.jpg 845w\" sizes=\"(max-width: 495px) 100vw, 495px\" \/><\/a><\/div><\/div><\/div><br \/>\n<section  class='av_textblock_section av-e8lav-3ba8d3522ac03d9b8c38109bfcf3b824 '   itemscope=\"itemscope\" itemtype=\"https:\/\/schema.org\/CreativeWork\" ><div class='avia_textblock'  itemprop=\"text\" ><p>Obtenga un resumen de nuestras <a href=\"https:\/\/tekamixers.com\/es\/la-empresa\/news\/\">referencias<\/a> m\u00e1s actuales.<\/p>\n<\/div><\/section><\/p><\/div><\/div><!--close column table wrapper. Autoclose: 1 -->\n<\/p>\n<\/div><\/div><\/div><!-- close content main div --><\/div><\/div>\n<style type=\"text\/css\" data-created_by=\"avia_inline_auto\" id=\"style-css-av-jyo673vg-37379062cf07113a651fb2d3f33dd7c5\">\n.avia-section.av-jyo673vg-37379062cf07113a651fb2d3f33dd7c5{\nbackground-color:#ff9a1f;\nbackground-image:unset;\n}\n<\/style>\n<div id='av_section_3'  class='avia-section av-jyo673vg-37379062cf07113a651fb2d3f33dd7c5 main_color avia-section-default avia-no-border-styling  avia-builder-el-14  el_after_av_section  avia-builder-el-last  avia-bg-style-scroll container_wrap fullsize'  ><div class='container av-section-cont-open' ><div class='template-page content  av-content-full alpha units'><div class='post-entry post-entry-type-page post-entry-479'><div class='entry-content-wrapper clearfix'>\n\n<style type=\"text\/css\" data-created_by=\"avia_inline_auto\" id=\"style-css-av-jzweh0hn-07a10e41d098cb1404752a9f51ed42d7\">\n#top .av-special-heading.av-jzweh0hn-07a10e41d098cb1404752a9f51ed42d7{\npadding-bottom:25px;\ncolor:#ffffff;\n}\nbody .av-special-heading.av-jzweh0hn-07a10e41d098cb1404752a9f51ed42d7 .av-special-heading-tag .heading-char{\nfont-size:25px;\n}\n.av-special-heading.av-jzweh0hn-07a10e41d098cb1404752a9f51ed42d7 .special-heading-inner-border{\nborder-color:#ffffff;\n}\n.av-special-heading.av-jzweh0hn-07a10e41d098cb1404752a9f51ed42d7 .av-subheading{\nfont-size:15px;\n}\n<\/style>\n<div  class='av-special-heading av-jzweh0hn-07a10e41d098cb1404752a9f51ed42d7 av-special-heading-h2 custom-color-heading blockquote modern-quote modern-centered  avia-builder-el-15  el_before_av_one_third  avia-builder-el-first '><h2 class='av-special-heading-tag '  itemprop=\"headline\"  >NUESTROS SERVICIOS<\/h2><div class=\"special-heading-border\"><div class=\"special-heading-inner-border\"><\/div><\/div><\/div>\n<div class='flex_column_table av-5qxs0-8-54b81e490292680ca0894f071f59fc23 sc-av_one_third av-equal-height-column-flextable'>\n<style type=\"text\/css\" data-created_by=\"avia_inline_auto\" id=\"style-css-av-5qxs0-8-54b81e490292680ca0894f071f59fc23\">\n.flex_column.av-5qxs0-8-54b81e490292680ca0894f071f59fc23{\nborder-radius:0px 0px 0px 0px;\npadding:20px 20px 20px 20px;\nbackground-color:rgba(255,255,255,0.22);\n}\n<\/style>\n<div  class='flex_column av-5qxs0-8-54b81e490292680ca0894f071f59fc23 av_one_third  avia-builder-el-16  el_after_av_heading  el_before_av_one_third  first flex_column_table_cell av-equal-height-column av-align-top avia-link-column av-column-link  '    data-link-column-url=\"https:\/\/tekamixers.com\/de\/unternehmen\/ueber-uns\/\"   ><a class=\"av-screen-reader-only\" href=https:\/\/tekamixers.com\/de\/unternehmen\/ueber-uns\/ >Link to: \u00dcber uns<\/a><p>\n<style type=\"text\/css\" data-created_by=\"avia_inline_auto\" id=\"style-css-av-4l8b8-7-69dc0d1c28ae60d3b5f4654cc093b931\">\n.avia-image-container.av-4l8b8-7-69dc0d1c28ae60d3b5f4654cc093b931 img.avia_image{\nbox-shadow:none;\n}\n.avia-image-container.av-4l8b8-7-69dc0d1c28ae60d3b5f4654cc093b931 .av-image-caption-overlay-center{\ncolor:#ffffff;\nfont-size:20px;\n}\n<\/style>\n<div  class='avia-image-container av-4l8b8-7-69dc0d1c28ae60d3b5f4654cc093b931 av-styling- avia-align-center  avia-builder-el-17  el_before_av_textblock  avia-builder-el-first '   itemprop=\"image\" itemscope=\"itemscope\" itemtype=\"https:\/\/schema.org\/ImageObject\" ><div class=\"avia-image-container-inner\"><div class=\"avia-image-overlay-wrap\"><img decoding=\"async\" fetchpriority=\"high\" class='wp-image-4580 avia-img-lazy-loading-not-4580 avia_image ' src=\"https:\/\/tekamixers.com\/wp-content\/uploads\/2019\/07\/icon-3.png\" alt='' title='icon-3'  height=\"70\" width=\"68\"  itemprop=\"thumbnailUrl\" srcset=\"https:\/\/tekamixers.com\/wp-content\/uploads\/2019\/07\/icon-3.png 68w, https:\/\/tekamixers.com\/wp-content\/uploads\/2019\/07\/icon-3-36x36.png 36w\" sizes=\"(max-width: 68px) 100vw, 68px\" \/><\/div><\/div><\/div><br \/>\n\n<style type=\"text\/css\" data-created_by=\"avia_inline_auto\" id=\"style-css-av-3vqkc-7e23b86ba931286acf473e8c6ef7dc82\">\n#top .av_textblock_section.av-3vqkc-7e23b86ba931286acf473e8c6ef7dc82 .avia_textblock{\ncolor:#ffffff;\n}\n<\/style>\n<section  class='av_textblock_section av-3vqkc-7e23b86ba931286acf473e8c6ef7dc82 '   itemscope=\"itemscope\" itemtype=\"https:\/\/schema.org\/CreativeWork\" ><div class='avia_textblock av_inherit_color'  itemprop=\"text\" ><h3 style=\"text-align: center;\"><span class=\"Apple-converted-space\">Fabricaci\u00f3n \u00a0 \u00a0 \u00a0 \u00a0 \u00a0 \u00a0 \u00a0 \u00a0 \u00a0<\/span><\/h3>\n<p>Nuestro personal de fabricaci\u00f3n, experimentado y profesional, garantiza mezcladoras y plantas de mezcla de la m\u00e1s alta calidad y fiabilidad de forma que su producci\u00f3n vaya sobre seguro. Cada mezcladora se fabrica de forma individual por parte de un experto responsable. Un ciclo de ensayo y los estrictos procedimientos de control de calidad tras la fabricaci\u00f3n garantizan que las mezcladoras y las plantas de mezcla que abandonan nuestras instalaciones de producci\u00f3n est\u00e9n en perfecto estado y listas para el funcionamiento.<\/p>\n<\/div><\/section><\/p><\/div><div class='av-flex-placeholder'><\/div>\n<style type=\"text\/css\" data-created_by=\"avia_inline_auto\" id=\"style-css-av-5qxs0-6-621bb322de4e4f4b3dba76aa4dd2b077\">\n.flex_column.av-5qxs0-6-621bb322de4e4f4b3dba76aa4dd2b077{\nborder-radius:0px 0px 0px 0px;\npadding:20px 20px 20px 20px;\nbackground-color:rgba(255,255,255,0.22);\n}\n<\/style>\n<div  class='flex_column av-5qxs0-6-621bb322de4e4f4b3dba76aa4dd2b077 av_one_third  avia-builder-el-19  el_after_av_one_third  el_before_av_one_third  flex_column_table_cell av-equal-height-column av-align-top avia-link-column av-column-link  '    data-link-column-url=\"https:\/\/tekamixers.com\/de\/teka-service-leistungen\/\"   ><a class=\"av-screen-reader-only\" href=https:\/\/tekamixers.com\/de\/teka-service-leistungen\/ >Link to: TEKA Service-Leistungen<\/a><p>\n<style type=\"text\/css\" data-created_by=\"avia_inline_auto\" id=\"style-css-av-4l8b8-5-106dbfac7dede4fbec063ef8a01ff607\">\n.avia-image-container.av-4l8b8-5-106dbfac7dede4fbec063ef8a01ff607 img.avia_image{\nbox-shadow:none;\n}\n.avia-image-container.av-4l8b8-5-106dbfac7dede4fbec063ef8a01ff607 .av-image-caption-overlay-center{\ncolor:#ffffff;\nfont-size:20px;\n}\n<\/style>\n<div  class='avia-image-container av-4l8b8-5-106dbfac7dede4fbec063ef8a01ff607 av-styling- avia-align-center  avia-builder-el-20  el_before_av_textblock  avia-builder-el-first '   itemprop=\"image\" itemscope=\"itemscope\" itemtype=\"https:\/\/schema.org\/ImageObject\" ><div class=\"avia-image-container-inner\"><div class=\"avia-image-overlay-wrap\"><img decoding=\"async\" fetchpriority=\"high\" class='wp-image-4576 avia-img-lazy-loading-not-4576 avia_image ' src=\"https:\/\/tekamixers.com\/wp-content\/uploads\/2019\/07\/Icon-2.png\" alt='' title='Icon-2'  height=\"70\" width=\"68\"  itemprop=\"thumbnailUrl\" srcset=\"https:\/\/tekamixers.com\/wp-content\/uploads\/2019\/07\/Icon-2.png 68w, https:\/\/tekamixers.com\/wp-content\/uploads\/2019\/07\/Icon-2-36x36.png 36w\" sizes=\"(max-width: 68px) 100vw, 68px\" \/><\/div><\/div><\/div><br \/>\n\n<style type=\"text\/css\" data-created_by=\"avia_inline_auto\" id=\"style-css-av-3vqkc-4-a4e416760ab791ef05faa6166cbec124\">\n#top .av_textblock_section.av-3vqkc-4-a4e416760ab791ef05faa6166cbec124 .avia_textblock{\ncolor:#ffffff;\n}\n<\/style>\n<section  class='av_textblock_section av-3vqkc-4-a4e416760ab791ef05faa6166cbec124 '   itemscope=\"itemscope\" itemtype=\"https:\/\/schema.org\/CreativeWork\" ><div class='avia_textblock av_inherit_color'  itemprop=\"text\" ><h3 style=\"text-align: center;\">Entrega e instalaci\u00f3n<\/h3>\n<p>En TEKA siempre estar\u00e1 en buenas manos. Nuestro departamento de log\u00edstica experto garantiza entregas sin contratiempos y fiables en \u00abtodo el mundo\u00bb de mezcladoras, equipos y piezas de repuesto.<\/p>\n<p>Los t\u00e9cnicos de servicio de TEKA, competentes y cualificados, instalan sus mezcladoras y plantas de mezcla en todo el mundo y le acompa\u00f1an durante la fase de inicio de su producci\u00f3n.<\/p>\n<\/div><\/section><\/p><\/div><div class='av-flex-placeholder'><\/div>\n<style type=\"text\/css\" data-created_by=\"avia_inline_auto\" id=\"style-css-av-5qxs0-3-96f6a64e3194385f7285a190697345f4\">\n.flex_column.av-5qxs0-3-96f6a64e3194385f7285a190697345f4{\nborder-radius:0px 0px 0px 0px;\npadding:20px 20px 20px 20px;\nbackground-color:rgba(255,255,255,0.22);\n}\n<\/style>\n<div  class='flex_column av-5qxs0-3-96f6a64e3194385f7285a190697345f4 av_one_third  avia-builder-el-22  el_after_av_one_third  avia-builder-el-last  flex_column_table_cell av-equal-height-column av-align-top avia-link-column av-column-link  '    data-link-column-url=\"https:\/\/tekamixers.com\/de\/teka-service-leistungen\/\"   ><a class=\"av-screen-reader-only\" href=https:\/\/tekamixers.com\/de\/teka-service-leistungen\/ >Link to: TEKA Service-Leistungen<\/a><p>\n<style type=\"text\/css\" data-created_by=\"avia_inline_auto\" id=\"style-css-av-4l8b8-2-7eb4a2dc0385488e6c6856df4bf8f5de\">\n.avia-image-container.av-4l8b8-2-7eb4a2dc0385488e6c6856df4bf8f5de img.avia_image{\nbox-shadow:none;\n}\n.avia-image-container.av-4l8b8-2-7eb4a2dc0385488e6c6856df4bf8f5de .av-image-caption-overlay-center{\ncolor:#ffffff;\nfont-size:20px;\n}\n<\/style>\n<div  class='avia-image-container av-4l8b8-2-7eb4a2dc0385488e6c6856df4bf8f5de av-styling- avia-align-center  avia-builder-el-23  el_before_av_textblock  avia-builder-el-first '   itemprop=\"image\" itemscope=\"itemscope\" itemtype=\"https:\/\/schema.org\/ImageObject\" ><div class=\"avia-image-container-inner\"><div class=\"avia-image-overlay-wrap\"><img decoding=\"async\" fetchpriority=\"high\" class='wp-image-4572 avia-img-lazy-loading-not-4572 avia_image ' src=\"https:\/\/tekamixers.com\/wp-content\/uploads\/2019\/07\/icon-1.png\" alt='' title='icon-1'  height=\"70\" width=\"68\"  itemprop=\"thumbnailUrl\" srcset=\"https:\/\/tekamixers.com\/wp-content\/uploads\/2019\/07\/icon-1.png 68w, https:\/\/tekamixers.com\/wp-content\/uploads\/2019\/07\/icon-1-36x36.png 36w\" sizes=\"(max-width: 68px) 100vw, 68px\" \/><\/div><\/div><\/div><br \/>\n\n<style type=\"text\/css\" data-created_by=\"avia_inline_auto\" id=\"style-css-av-3vqkc-1-7d1eed37d598632fcab0f57da10b866b\">\n#top .av_textblock_section.av-3vqkc-1-7d1eed37d598632fcab0f57da10b866b .avia_textblock{\ncolor:#ffffff;\n}\n<\/style>\n<section  class='av_textblock_section av-3vqkc-1-7d1eed37d598632fcab0f57da10b866b '   itemscope=\"itemscope\" itemtype=\"https:\/\/schema.org\/CreativeWork\" ><div class='avia_textblock av_inherit_color'  itemprop=\"text\" ><h3 style=\"text-align: center;\">Servicio<\/h3>\n<p>Le brindamos soporte de forma continuada para hacer que sus operaciones de producci\u00f3n funcionen sin problemas. Nuestros experimentados t\u00e9cnicos de servicio instalan sus mezcladoras y plantas mezcladoras, aseguran una puesta en marcha sin problemas, capacitan a su personal y se aseguran, mediante inspecciones y reparaciones regulares, de que sus mezcladoras y plantas mezcladoras funcionen de manera eficiente y sin problemas. Las piezas de repuesto originales de TEKA, as\u00ed como la protecci\u00f3n contra el desgaste original de TEKA, garantizan una larga vida \u00fatil y un alto grado de eficacia durante toda la vida \u00fatil de sus piezas de desgaste.<\/p>\n<\/div><\/section><\/p><\/div><\/div><!--close column table wrapper. Autoclose: 1 -->\n\n","protected":false},"excerpt":{"rendered":"","protected":false},"author":7,"featured_media":0,"parent":0,"menu_order":0,"comment_status":"closed","ping_status":"closed","template":"","meta":{"footnotes":""},"class_list":["post-479","page","type-page","status-publish","hentry"],"_links":{"self":[{"href":"https:\/\/tekamixers.com\/es\/wp-json\/wp\/v2\/pages\/479","targetHints":{"allow":["GET"]}}],"collection":[{"href":"https:\/\/tekamixers.com\/es\/wp-json\/wp\/v2\/pages"}],"about":[{"href":"https:\/\/tekamixers.com\/es\/wp-json\/wp\/v2\/types\/page"}],"author":[{"embeddable":true,"href":"https:\/\/tekamixers.com\/es\/wp-json\/wp\/v2\/users\/7"}],"replies":[{"embeddable":true,"href":"https:\/\/tekamixers.com\/es\/wp-json\/wp\/v2\/comments?post=479"}],"version-history":[{"count":21,"href":"https:\/\/tekamixers.com\/es\/wp-json\/wp\/v2\/pages\/479\/revisions"}],"predecessor-version":[{"id":5972,"href":"https:\/\/tekamixers.com\/es\/wp-json\/wp\/v2\/pages\/479\/revisions\/5972"}],"wp:attachment":[{"href":"https:\/\/tekamixers.com\/es\/wp-json\/wp\/v2\/media?parent=479"}],"curies":[{"name":"wp","href":"https:\/\/api.w.org\/{rel}","templated":true}]}}