{"id":5447,"date":"2018-05-24T15:52:34","date_gmt":"2018-05-24T19:52:34","guid":{"rendered":"https:\/\/teka.de\/?page_id=5447"},"modified":"2022-09-30T12:29:32","modified_gmt":"2022-09-30T16:29:32","slug":"privacy-policy","status":"publish","type":"page","link":"https:\/\/tekamixers.com\/es\/privacy-policy\/","title":{"rendered":"Pol\u00edtica de privacidad"},"content":{"rendered":"\n<style type=\"text\/css\" data-created_by=\"avia_inline_auto\" id=\"style-css-av-jyo4yk01-f95d0691dba7ceaf7cb7f03b869c248c\">\n.avia-section.av-jyo4yk01-f95d0691dba7ceaf7cb7f03b869c248c{\nbackground-repeat:no-repeat;\nbackground-image:url(https:\/\/tekamixers.com\/wp-content\/uploads\/2019\/07\/Startbild-1.jpg);\nbackground-position:50% 50%;\nbackground-attachment:scroll;\n}\n<\/style>\n<div id='av_section_1'  class='avia-section av-jyo4yk01-f95d0691dba7ceaf7cb7f03b869c248c main_color avia-section-default avia-no-border-styling  avia-builder-el-0  el_before_av_one_half  avia-builder-el-first  avia-full-stretch avia-bg-style-scroll av-minimum-height av-minimum-height-50 av-height-50  container_wrap fullsize'  data-section-bg-repeat='stretch' data-av_minimum_height_pc='50' data-av_min_height_opt='50'><div class='container av-section-cont-open' ><main  role=\"main\" itemprop=\"mainContentOfPage\"  class='template-page content  av-content-full alpha units'><div class='post-entry post-entry-type-page post-entry-5447'><div class='entry-content-wrapper clearfix'><\/div><\/div><\/main><!-- close content main element --><\/div><\/div><div id='after_section_1'  class='main_color av_default_container_wrap container_wrap fullsize'  ><div class='container av-section-cont-open' ><div class='template-page content  av-content-full alpha units'><div class='post-entry post-entry-type-page post-entry-5447'><div class='entry-content-wrapper clearfix'>\n<div class='flex_column_table av-5qxs0-b3d2eec0d5d9015b27cc979d01af1e51 sc-av_one_half av-equal-height-column-flextable'>\n<style type=\"text\/css\" data-created_by=\"avia_inline_auto\" id=\"style-css-av-5qxs0-b3d2eec0d5d9015b27cc979d01af1e51\">\n#top .flex_column_table.av-equal-height-column-flextable.av-5qxs0-b3d2eec0d5d9015b27cc979d01af1e51{\nmargin-top:-117px;\nmargin-bottom:0px;\n}\n.flex_column.av-5qxs0-b3d2eec0d5d9015b27cc979d01af1e51{\nborder-radius:0px 0px 0px 0px;\npadding:10px 10px 10px 10px;\nbackground-color:#f38431;\n}\n<\/style>\n<div  class='flex_column av-5qxs0-b3d2eec0d5d9015b27cc979d01af1e51 av_one_half  avia-builder-el-1  el_after_av_section  el_before_av_one_half  avia-builder-el-first  first flex_column_table_cell av-equal-height-column av-align-top  '     ><style type=\"text\/css\" data-created_by=\"avia_inline_auto\" id=\"style-css-av-kiyd26rb-2e2e97ace8d3bafed7a14e094d8d7d91\">\n#top .av-special-heading.av-kiyd26rb-2e2e97ace8d3bafed7a14e094d8d7d91{\npadding-bottom:10px;\ncolor:#ffffff;\n}\nbody .av-special-heading.av-kiyd26rb-2e2e97ace8d3bafed7a14e094d8d7d91 .av-special-heading-tag .heading-char{\nfont-size:25px;\n}\n.av-special-heading.av-kiyd26rb-2e2e97ace8d3bafed7a14e094d8d7d91 .special-heading-inner-border{\nborder-color:#ffffff;\n}\n.av-special-heading.av-kiyd26rb-2e2e97ace8d3bafed7a14e094d8d7d91 .av-subheading{\nfont-size:15px;\n}\n<\/style>\n<div  class='av-special-heading av-kiyd26rb-2e2e97ace8d3bafed7a14e094d8d7d91 av-special-heading-h1 custom-color-heading blockquote modern-quote  avia-builder-el-2  avia-builder-el-no-sibling  av-linked-heading'><h1 class='av-special-heading-tag '  itemprop=\"headline\"  >Pol\u00edtica de privacidad<\/h1><div class=\"special-heading-border\"><div class=\"special-heading-inner-border\"><\/div><\/div><\/div><\/div><div class='av-flex-placeholder'><\/div>\n<style type=\"text\/css\" data-created_by=\"avia_inline_auto\" id=\"style-css-av-262fh2-aa4c10cdbbf9dcbfd4141c716b79ee2f\">\n#top .flex_column_table.av-equal-height-column-flextable.av-262fh2-aa4c10cdbbf9dcbfd4141c716b79ee2f{\nmargin-top:-117px;\nmargin-bottom:0px;\n}\n.flex_column.av-262fh2-aa4c10cdbbf9dcbfd4141c716b79ee2f{\nborder-radius:0px 0px 0px 0px;\npadding:0px 0px 0px 0px;\n}\n<\/style>\n<div  class='flex_column av-262fh2-aa4c10cdbbf9dcbfd4141c716b79ee2f av_one_half  avia-builder-el-3  el_after_av_one_half  el_before_av_one_full  flex_column_table_cell av-equal-height-column av-align-top av-zero-column-padding  '     ><\/div><\/div><!--close column table wrapper. Autoclose: 1 --><\/p>\n\n<style type=\"text\/css\" data-created_by=\"avia_inline_auto\" id=\"style-css-av-1xcn6e-f4cb4bef22d019cab79936360816227b\">\n.flex_column.av-1xcn6e-f4cb4bef22d019cab79936360816227b{\nborder-radius:0px 0px 0px 0px;\npadding:0px 0px 0px 0px;\n}\n<\/style>\n<div  class='flex_column av-1xcn6e-f4cb4bef22d019cab79936360816227b av_one_full  avia-builder-el-4  el_after_av_one_half  avia-builder-el-last  first flex_column_div av-zero-column-padding  column-top-margin'     ><section  class='av_textblock_section av-jhklk2pv-ad45c0fb108c70e71c48dee726b1a369 '   itemscope=\"itemscope\" itemtype=\"https:\/\/schema.org\/CreativeWork\" ><div class='avia_textblock'  itemprop=\"text\" ><p>Protecci\u00f3n de datos<br \/>\nLos operadores de estas p\u00e1ginas se toman muy en serio la protecci\u00f3n de sus datos personales. Tratamos sus datos personales de forma confidencial y de acuerdo con las normas legales de protecci\u00f3n de datos y esta declaraci\u00f3n de protecci\u00f3n de datos.<\/p>\n<p>El uso de nuestro sitio web es generalmente posible sin necesidad de proporcionar datos personales. En la medida en que en nuestras p\u00e1ginas se recogen datos personales (por ejemplo, nombre, direcci\u00f3n o direcci\u00f3n de correo electr\u00f3nico), esto se hace siempre de forma voluntaria, en la medida de lo posible. Estos datos no se transmitir\u00e1n a terceros sin su consentimiento expreso.<\/p>\n<p>Queremos se\u00f1alar que la transmisi\u00f3n de datos a trav\u00e9s de Internet (por ejemplo, la comunicaci\u00f3n por correo electr\u00f3nico) puede tener lagunas de seguridad. No es posible proteger completamente los datos del acceso de terceros.<\/p>\n<p>Cookies<br \/>\nAlgunas de las p\u00e1ginas de Internet utilizan las llamadas \u00abcookies\u00bb. Las cookies no da\u00f1an su ordenador y no contienen virus. Las cookies sirven para hacer nuestra oferta m\u00e1s f\u00e1cil de usar, efectiva y segura. Las cookies son peque\u00f1os archivos de texto que se almacenan en su ordenador y se guardan en su navegador.<\/p>\n<p>La mayor\u00eda de las cookies que utilizamos son las llamadas \u00abcookies de sesi\u00f3n\u00bb. Se borran autom\u00e1ticamente al final de su visita. Otras cookies permanecen almacenadas en su dispositivo final hasta que usted las borra. Estas cookies nos permiten reconocer su navegador en su pr\u00f3xima visita.<\/p>\n<p>Puede configurar su navegador para que le informe sobre la configuraci\u00f3n de las cookies y permitir las cookies s\u00f3lo en casos individuales, excluir la aceptaci\u00f3n de cookies para casos espec\u00edficos o en general y activar la eliminaci\u00f3n autom\u00e1tica de cookies al cerrar el navegador. Si desactiva las cookies, la funcionalidad de este sitio web puede verse limitada.<\/p>\n<p>Archivos de registro del servidor<br \/>\nEl proveedor de las p\u00e1ginas recoge y almacena autom\u00e1ticamente informaci\u00f3n en los llamados archivos de registro del servidor, que su navegador nos transmite autom\u00e1ticamente. Estos son:<\/p>\n<p>Tipo y versi\u00f3n de navegador<br \/>\nEl sistema operativo utilizado<br \/>\nURL de referencia<br \/>\nNombre del ordenador de acceso<br \/>\nHora de la solicitud del servidor<br \/>\nEstos datos no pueden asignarse a personas concretas. Estos datos no se fusionan con otras fuentes de datos. Nos reservamos el derecho de comprobar estos datos posteriormente si tenemos indicios concretos de uso ilegal.<\/p>\n<p>Formulario de contacto<br \/>\nSi nos env\u00eda consultas a trav\u00e9s del formulario de contacto, sus datos del formulario de consulta, incluidos los datos de contacto que all\u00ed se faciliten, ser\u00e1n almacenados por nosotros con el fin de procesar la consulta y en caso de preguntas de seguimiento. No transmitiremos estos datos sin su consentimiento.<\/p>\n<p>Google Analytics<br \/>\nEste sitio web utiliza funciones del servicio de an\u00e1lisis web Google Analytics. El proveedor es Google Inc., 1600 Amphitheatre Parkway Mountain View, CA 94043, USA.<\/p>\n<p>Google Analytics utiliza las llamadas \u00abcookies\u00bb. Se trata de archivos de texto que se almacenan en su ordenador y que permiten un an\u00e1lisis del uso que usted hace del sitio web. La informaci\u00f3n que genera la cookie acerca de su uso de este sitio web se transfiere generalmente a un servidor de Google en los EE.UU. y se almacena all\u00ed.<\/p>\n<p>Anonimizaci\u00f3n de IP<\/p>\n<p>Hemos activado la funci\u00f3n de anonimizaci\u00f3n de IP en este sitio web. Esto significa que su direcci\u00f3n IP ser\u00e1 truncada por Google dentro de los estados miembros de la Uni\u00f3n Europea o en otros estados que son parte del Acuerdo del Espacio Econ\u00f3mico Europeo antes de que sea transmitida a los Estados Unidos. S\u00f3lo en casos excepcionales la direcci\u00f3n IP completa ser\u00e1 transferida a un servidor de Google en los EE.UU. y acortada all\u00ed. Por encargo del operador de este sitio web, Google utilizar\u00e1 esta informaci\u00f3n para evaluar su uso del sitio web, para recopilar informes sobre las actividades del sitio web y para prestar otros servicios al operador del sitio web en relaci\u00f3n con el uso del sitio web y de Internet. La direcci\u00f3n IP transmitida por su navegador en el marco de Google Analytics no se combina con otros datos de Google.<\/p>\n<p>Plugin del navegador<\/p>\n<p>Puede rechazar el uso de cookies seleccionando la configuraci\u00f3n apropiada de su navegador, sin embargo, tenga en cuenta que si lo hace es posible que no pueda utilizar toda la funcionalidad de este sitio web. Tambi\u00e9n puede impedir la recopilaci\u00f3n de datos generados por la cookie y relacionados con su uso del sitio web (incluyendo su direcci\u00f3n IP) a Google y el procesamiento de estos datos por parte de Google, descargando e instalando el plugin del navegador disponible en el siguiente enlace: https:\/\/tools.google.com\/dlpage\/gaoptout?hl=de<\/p>\n<p>https:\/\/tools.google.com\/dlpage\/gaoptout?hl=de<\/p>\n<p>Oposici\u00f3n a la recopilaci\u00f3n de datos<\/p>\n<p>Puede impedir la recopilaci\u00f3n de sus datos por parte de Google Analytics haciendo clic en el siguiente enlace Se ha establecido una cookie de exclusi\u00f3n para evitar la recopilaci\u00f3n de su informaci\u00f3n en futuras visitas a este sitio:<\/p>\n<div data-disabled_by_browser=\"Please enable this feature in your browser settings and reload the page.\" class=\"av-switch-aviaPrivacyGoogleTrackingDisabled av-toggle-switch av-cookie-disable-external-toggle av-cookie-save-unchecked av-cookie-default-checked av-cookie-sc-disabled\"><label><input type=\"checkbox\" checked=\"checked\" id=\"aviaPrivacyGoogleTrackingDisabled\" class=\"aviaPrivacyGoogleTrackingDisabled \" name=\"aviaPrivacyGoogleTrackingDisabled\" disabled=\"disabled\"><span class=\"toggle-track\"><\/span><span class=\"toggle-label-content\">Disable\/enable Google Tracking<\/span><\/label><p><strong>Please enable cookie consent messages in backend to use this feature.<\/strong><\/p><\/div>\n<p><strong>Opt-Out Links<\/strong><\/p>\n<div class=\"av-switch-aviaPrivacyGoogleMapsDisabled av-toggle-switch av-cookie-disable-external-toggle av-cookie-save-unchecked av-cookie-default-checked av-cookie-sc-disabled\"><label><input type=\"checkbox\" checked=\"checked\" id=\"aviaPrivacyGoogleMapsDisabled\" class=\"aviaPrivacyGoogleMapsDisabled \" name=\"aviaPrivacyGoogleMapsDisabled\" disabled=\"disabled\"><span class=\"toggle-track\"><\/span><span class=\"toggle-label-content\">Google Maps disable\/enable <\/span><\/label><p><strong>Please enable cookie consent messages in backend to use this feature.<\/strong><\/p><\/div>\n<p>disable\/enable <div class=\"av-switch-aviaPrivacyVideoEmbedsDisabled av-toggle-switch av-cookie-disable-external-toggle av-cookie-save-unchecked av-cookie-default-checked av-cookie-sc-disabled\"><label><input type=\"checkbox\" checked=\"checked\" id=\"aviaPrivacyVideoEmbedsDisabled\" class=\"aviaPrivacyVideoEmbedsDisabled \" name=\"aviaPrivacyVideoEmbedsDisabled\" disabled=\"disabled\"><span class=\"toggle-track\"><\/span><span class=\"toggle-label-content\">video embedding <\/span><\/label><p><strong>Please enable cookie consent messages in backend to use this feature.<\/strong><\/p><\/div>.<\/p>\n<p>Puede encontrar m\u00e1s informaci\u00f3n sobre c\u00f3mo Google Analytics maneja los datos de los usuarios en la pol\u00edtica de privacidad de Google: https:\/\/support.google.com\/analytics\/answer\/6004245?hl=de<\/p>\n<p>Plugins de Facebook (bot\u00f3n \u00abMe gusta\u00bb)<br \/>\nNuestras p\u00e1ginas integran plugins de la red social Facebook, proveedor Facebook Inc, 1 Hacker Way, Menlo Park, California 94025, USA. Puede reconocer los plugins de Facebook por el logo de Facebook o el \u00abbot\u00f3n de gustar\u00bb (\u00abLike\u00bb) en nuestro sitio. Puede encontrar un resumen de los plugins de Facebook aqu\u00ed: https:\/\/developers.facebook.com\/docs\/plugins\/.<\/p>\n<p>Cuando visita nuestras p\u00e1ginas, el plugin crea una conexi\u00f3n directa entre su navegador y el<br \/>\nServidor de Facebook. Facebook recibe la informaci\u00f3n de que has visitado nuestro sitio con tu direcci\u00f3n IP. Si hace clic en el bot\u00f3n \u00abMe gusta\u00bb de Facebook mientras est\u00e1 conectado a su cuenta de Facebook, puede vincular el contenido de nuestras p\u00e1ginas en su perfil de Facebook. Esto permite a Facebook asignar la visita a nuestras p\u00e1ginas a su cuenta de usuario. Queremos se\u00f1alar que nosotros, como proveedores de las p\u00e1ginas, no tenemos conocimiento del contenido de los datos transmitidos ni de su uso por Facebook. Puede encontrar m\u00e1s informaci\u00f3n al respecto en la pol\u00edtica de privacidad de Facebook en https:\/\/de-de.facebook.com\/policy.php.<\/p>\n<p>Cifrado SSL<br \/>\nEste sitio utiliza el cifrado SSL por razones de seguridad y para proteger la transmisi\u00f3n de contenido confidencial, como las solicitudes que nos env\u00eda como operador del sitio. Puede reconocer una conexi\u00f3n cifrada por el hecho de que la l\u00ednea de direcci\u00f3n de su navegador cambia de \u00abhttp:\/\/\u00bb a \u00abhttps:\/\/\u00bb y por el s\u00edmbolo del candado en la l\u00ednea de su navegador.<\/p>\n<p>Si la codificaci\u00f3n SSL est\u00e1 activada, los datos que nos transmita no podr\u00e1n ser le\u00eddos por terceros.<\/p>\n<p>Si no quieres que Facebook pueda asignar las visitas a nuestras p\u00e1ginas a tu cuenta de usuario de Facebook, cierra la sesi\u00f3n de tu cuenta de usuario de Facebook.<\/p>\n<p>YouTube<br \/>\nNuestro sitio web utiliza plugins de la p\u00e1gina de YouTube operada por Google. El sitio web es operado por YouTube, LLC, 901 Cherry Ave., San Bruno, CA 94066, USA. Cuando visita una de nuestras p\u00e1ginas equipadas con un plugin de YouTube, se establece una conexi\u00f3n con los servidores de YouTube. Esto le dice al servidor de YouTube cu\u00e1l de nuestras p\u00e1ginas has visitado.<\/p>\n<p>Si est\u00e1s conectado a tu cuenta de YouTube, permites que YouTube asigne tu comportamiento de navegaci\u00f3n directamente a tu perfil personal. Puedes evitarlo cerrando la sesi\u00f3n de tu cuenta de YouTube.<\/p>\n<p>Para obtener m\u00e1s informaci\u00f3n sobre el manejo de los datos del usuario, consulte la pol\u00edtica de privacidad de YouTube en: https:\/\/www.google.de\/intl\/de\/policies\/privacy.<\/p>\n<p>El derecho a la informaci\u00f3n, la eliminaci\u00f3n, el bloqueo<br \/>\nTiene derecho a obtener informaci\u00f3n gratuita en cualquier momento sobre sus datos personales almacenados, su origen y destinatarios y la finalidad del tratamiento de los datos, as\u00ed como el derecho a corregir, bloquear o eliminar estos datos. Para ello, as\u00ed como para otras preguntas sobre datos personales, puede ponerse en contacto con nosotros en cualquier momento en la direcci\u00f3n indicada en el pie de imprenta.<\/p>\n<p>Correos publicitarios contradictorios<br \/>\nNos oponemos a la utilizaci\u00f3n de los datos de contacto publicados en el contexto de la obligaci\u00f3n de enviar publicidad y material informativo no solicitado expresamente. Los operadores de la p\u00e1gina web se reservan expresamente el derecho de emprender acciones legales en caso de env\u00edo no solicitado de informaci\u00f3n publicitaria, por ejemplo, a trav\u00e9s de correos electr\u00f3nicos spam.<\/p>\n<p>Los datos personales recogidos para los siguientes fines y utilizando los siguientes servicios:<br \/>\nAnal\u00edtica<br \/>\nGoogle Analytics, Google Analytics con anonimizaci\u00f3n de IP y seguimiento de la conversi\u00f3n de los anuncios de Facebook<br \/>\nDatos personales: Cookies y datos de uso<\/p>\n<p>El widget de Google Maps, el widget de Instagram y el widget de v\u00eddeo de YouTube<br \/>\nDatos personales: Cookies y datos de uso<\/p>\n<p>Interacci\u00f3n con redes y plataformas sociales externas<br \/>\nBot\u00f3n \u00abMe gusta\u00bb y widgets sociales para Facebook y Tweet y widgets sociales para Twitter<br \/>\nDatos personales: Cookies y datos de uso<\/p>\n<\/div><\/section><\/div>\n","protected":false},"excerpt":{"rendered":"","protected":false},"author":7,"featured_media":0,"parent":0,"menu_order":0,"comment_status":"closed","ping_status":"closed","template":"","meta":{"footnotes":""},"class_list":["post-5447","page","type-page","status-publish","hentry"],"_links":{"self":[{"href":"https:\/\/tekamixers.com\/es\/wp-json\/wp\/v2\/pages\/5447","targetHints":{"allow":["GET"]}}],"collection":[{"href":"https:\/\/tekamixers.com\/es\/wp-json\/wp\/v2\/pages"}],"about":[{"href":"https:\/\/tekamixers.com\/es\/wp-json\/wp\/v2\/types\/page"}],"author":[{"embeddable":true,"href":"https:\/\/tekamixers.com\/es\/wp-json\/wp\/v2\/users\/7"}],"replies":[{"embeddable":true,"href":"https:\/\/tekamixers.com\/es\/wp-json\/wp\/v2\/comments?post=5447"}],"version-history":[{"count":4,"href":"https:\/\/tekamixers.com\/es\/wp-json\/wp\/v2\/pages\/5447\/revisions"}],"predecessor-version":[{"id":5616,"href":"https:\/\/tekamixers.com\/es\/wp-json\/wp\/v2\/pages\/5447\/revisions\/5616"}],"wp:attachment":[{"href":"https:\/\/tekamixers.com\/es\/wp-json\/wp\/v2\/media?parent=5447"}],"curies":[{"name":"wp","href":"https:\/\/api.w.org\/{rel}","templated":true}]}}