{"id":581,"date":"2014-08-15T12:40:51","date_gmt":"2014-08-15T16:40:51","guid":{"rendered":"http:\/\/teka.de\/mischanlagen\/transportbeton\/"},"modified":"2022-09-30T12:29:53","modified_gmt":"2022-09-30T16:29:53","slug":"transportbeton","status":"publish","type":"page","link":"https:\/\/tekamixers.com\/es\/unidades-de-mezcla\/transportbeton\/","title":{"rendered":"Hormig\u00f3n premezclado"},"content":{"rendered":"\n<style type=\"text\/css\" data-created_by=\"avia_inline_auto\" id=\"style-css-av-jyo4yk01-85042ed1bb8396cbbc1939b99d9c7105\">\n.avia-section.av-jyo4yk01-85042ed1bb8396cbbc1939b99d9c7105{\nbackground-repeat:no-repeat;\nbackground-image:url(https:\/\/tekamixers.com\/wp-content\/uploads\/2019\/08\/Transportbeton.jpg);\nbackground-position:50% 50%;\nbackground-attachment:scroll;\n}\n<\/style>\n<div id='av_section_1'  class='avia-section av-jyo4yk01-85042ed1bb8396cbbc1939b99d9c7105 main_color avia-section-default avia-no-border-styling  avia-builder-el-0  el_before_av_one_half  avia-builder-el-first  avia-full-stretch avia-bg-style-scroll av-minimum-height av-minimum-height-50 av-height-50  container_wrap fullsize'  data-section-bg-repeat='stretch' data-av_minimum_height_pc='50' data-av_min_height_opt='50'><div class='container av-section-cont-open' ><main  role=\"main\" itemprop=\"mainContentOfPage\"  class='template-page content  av-content-full alpha units'><div class='post-entry post-entry-type-page post-entry-581'><div class='entry-content-wrapper clearfix'><\/div><\/div><\/main><!-- close content main element --><\/div><\/div><div id='after_section_1'  class='main_color av_default_container_wrap container_wrap fullsize'  ><div class='container av-section-cont-open' ><div class='template-page content  av-content-full alpha units'><div class='post-entry post-entry-type-page post-entry-581'><div class='entry-content-wrapper clearfix'>\n<div class='flex_column_table av-5qxs0-5759a3ecf15e40888d529cc50655aaa6 sc-av_one_half av-equal-height-column-flextable'>\n<style type=\"text\/css\" data-created_by=\"avia_inline_auto\" id=\"style-css-av-5qxs0-5759a3ecf15e40888d529cc50655aaa6\">\n#top .flex_column_table.av-equal-height-column-flextable.av-5qxs0-5759a3ecf15e40888d529cc50655aaa6{\nmargin-top:-118px;\nmargin-bottom:0px;\n}\n.flex_column.av-5qxs0-5759a3ecf15e40888d529cc50655aaa6{\nborder-radius:0px 0px 0px 0px;\npadding:10px 10px 10px 10px;\nbackground-color:#f38431;\n}\n<\/style>\n<div  class='flex_column av-5qxs0-5759a3ecf15e40888d529cc50655aaa6 av_one_half  avia-builder-el-1  el_after_av_section  el_before_av_one_half  avia-builder-el-first  first flex_column_table_cell av-equal-height-column av-align-top  '     ><style type=\"text\/css\" data-created_by=\"avia_inline_auto\" id=\"style-css-av-jzjpwwf9-1c7b33135c937f876c50b7a22bdedcf4\">\n#top .av-special-heading.av-jzjpwwf9-1c7b33135c937f876c50b7a22bdedcf4{\npadding-bottom:10px;\ncolor:#ffffff;\n}\nbody .av-special-heading.av-jzjpwwf9-1c7b33135c937f876c50b7a22bdedcf4 .av-special-heading-tag .heading-char{\nfont-size:25px;\n}\n.av-special-heading.av-jzjpwwf9-1c7b33135c937f876c50b7a22bdedcf4 .special-heading-inner-border{\nborder-color:#ffffff;\n}\n.av-special-heading.av-jzjpwwf9-1c7b33135c937f876c50b7a22bdedcf4 .av-subheading{\nfont-size:15px;\n}\n<\/style>\n<div  class='av-special-heading av-jzjpwwf9-1c7b33135c937f876c50b7a22bdedcf4 av-special-heading-h1 custom-color-heading blockquote modern-quote  avia-builder-el-2  avia-builder-el-no-sibling '><h1 class='av-special-heading-tag '  itemprop=\"headline\"  >Hormig\u00f3n premezclado<\/h1><div class=\"special-heading-border\"><div class=\"special-heading-inner-border\"><\/div><\/div><\/div><\/div>\n<div class='av-flex-placeholder'><\/div>\n<style type=\"text\/css\" data-created_by=\"avia_inline_auto\" id=\"style-css-av-pxui5-1a8a2bddcc2cae4691420e5a875e2b0a\">\n#top .flex_column_table.av-equal-height-column-flextable.av-pxui5-1a8a2bddcc2cae4691420e5a875e2b0a{\nmargin-top:-118px;\nmargin-bottom:0px;\n}\n.flex_column.av-pxui5-1a8a2bddcc2cae4691420e5a875e2b0a{\nborder-radius:0px 0px 0px 0px;\npadding:0px 0px 0px 0px;\n}\n<\/style>\n<div  class='flex_column av-pxui5-1a8a2bddcc2cae4691420e5a875e2b0a av_one_half  avia-builder-el-3  el_after_av_one_half  el_before_av_one_half  flex_column_table_cell av-equal-height-column av-align-top av-zero-column-padding  '     ><\/div><\/div><!--close column table wrapper. Autoclose: 1 -->\n<div  class='flex_column av-lw6od-6adcd792269b7551f6555212908e43bb av_one_half  avia-builder-el-4  el_after_av_one_half  el_before_av_one_fourth  first flex_column_div  column-top-margin'     ><p><section  class='av_textblock_section av-hapvx-22902d9c451930b63cf89badabdaccb7 '   itemscope=\"itemscope\" itemtype=\"https:\/\/schema.org\/CreativeWork\" ><div class='avia_textblock'  itemprop=\"text\" ><p>TEKA presenta dos series completas de unidades de mezcla y peso para el sector del hormig\u00f3n premezclado.<\/p>\n<p>TRANSMIX es un sistema abierto y resistente de mezclado de hormig\u00f3n con miles de unidades instaladas por todo el mundo. Todos los sistemas se preinstalan y se prueban en la f\u00e1brica antes de su entrega. As\u00ed se minimiza el tiempo de instalaci\u00f3n y puesta en marcha.<\/p>\n<p>El MIXOMAT es una unidad de mezcla de hormig\u00f3n modular completamente revestida y concebida para una r\u00e1pida instalaci\u00f3n y puesta en marcha.<\/p>\n<p>Esta unidad cuenta con una gran plataforma de mezclado, as\u00ed como con otra plataforma espaciosa para pesar el material que facilita el acceso a todos los componentes y permite su limpieza y mantenimiento.<\/p>\n<p>Tanto la central MIXOMAT como la de hormig\u00f3n premezclado TRANSMIX pueden funcionar como sistemas de agregados en l\u00ednea o como sistemas de estrella (con una dragalina TEKA).<\/p>\n<\/div><\/section><br \/>\n<section  class='av_textblock_section av-6ulrh-e6d3565311fbbf216b45c833ec9f6239 '   itemscope=\"itemscope\" itemtype=\"https:\/\/schema.org\/CreativeWork\" ><div class='avia_textblock'  itemprop=\"text\" ><ul>\n<li>Dise\u00f1o compacto<\/li>\n<li>Confiable y rentable<\/li>\n<li>M\u00f3dulos pre-instalados en f\u00e1brica<\/li>\n<li>Tiempo de instalaci\u00f3n reducido<\/li>\n<li>Mezcladora espaciosa que requiere poco mantenimiento y plataforma de pesado<\/li>\n<\/ul>\n<\/div><\/section><\/p><\/div>\n\n<style type=\"text\/css\" data-created_by=\"avia_inline_auto\" id=\"style-css-av-11to9-8c1b5e712290613b94898ab4b771d23d\">\n.flex_column.av-11to9-8c1b5e712290613b94898ab4b771d23d{\nborder-radius:0px 0px 0px 0px;\npadding:0px 0px 0px 0px;\n}\n<\/style>\n<div  class='flex_column av-11to9-8c1b5e712290613b94898ab4b771d23d av_one_fourth  avia-builder-el-7  el_after_av_one_half  el_before_av_one_fourth  flex_column_div av-zero-column-padding  column-top-margin'     ><section  class='av_textblock_section av-1ciml-02e64e248ad1ba28e7f002e97012eff4 '   itemscope=\"itemscope\" itemtype=\"https:\/\/schema.org\/CreativeWork\" ><div class='avia_textblock'  itemprop=\"text\" ><p><a href=\"https:\/\/tekamixers.com\/wp-content\/uploads\/2015\/05\/2015-THZ.pdf\"><img loading=\"lazy\" decoding=\"async\" class=\"size-full wp-image-4658 alignnone\" src=\"https:\/\/tekamixers.com\/wp-content\/uploads\/2019\/07\/pdf-download.png\" alt=\"\" width=\"74\" height=\"100\" \/><\/a><\/p>\n<p>Descargue el <a href=\"https:\/\/tekamixers.com\/wp-content\/uploads\/2014\/08\/Transmix-g.pdf\" target=\"_blank\" rel=\"noopener noreferrer\">Transmix cat\u00e1logo de productos<\/a> en formato PDF.<\/p>\n<\/div><\/section><\/div>\n\n<style type=\"text\/css\" data-created_by=\"avia_inline_auto\" id=\"style-css-av-11to9-8c1b5e712290613b94898ab4b771d23d\">\n.flex_column.av-11to9-8c1b5e712290613b94898ab4b771d23d{\nborder-radius:0px 0px 0px 0px;\npadding:0px 0px 0px 0px;\n}\n<\/style>\n<div  class='flex_column av-11to9-8c1b5e712290613b94898ab4b771d23d av_one_fourth  avia-builder-el-9  el_after_av_one_fourth  avia-builder-el-last  flex_column_div av-zero-column-padding  column-top-margin'     ><section  class='av_textblock_section av-1ciml-02e64e248ad1ba28e7f002e97012eff4 '   itemscope=\"itemscope\" itemtype=\"https:\/\/schema.org\/CreativeWork\" ><div class='avia_textblock'  itemprop=\"text\" ><p><a href=\"https:\/\/tekamixers.com\/wp-content\/uploads\/2015\/05\/2015-THZ.pdf\"><img loading=\"lazy\" decoding=\"async\" class=\"size-full wp-image-4658 alignnone\" src=\"https:\/\/tekamixers.com\/wp-content\/uploads\/2019\/07\/pdf-download.png\" alt=\"\" width=\"74\" height=\"100\" \/><\/a><br \/>\nDescargue el <a href=\"https:\/\/tekamixers.com\/wp-content\/uploads\/2014\/08\/Mixomat-g.pdf\" target=\"_blank\" rel=\"noopener noreferrer\">Mixomat cat\u00e1logo de productos<\/a> en formato PDF.<\/p>\n<\/div><\/section><\/div>\n","protected":false},"excerpt":{"rendered":"","protected":false},"author":7,"featured_media":0,"parent":555,"menu_order":0,"comment_status":"closed","ping_status":"closed","template":"","meta":{"footnotes":""},"class_list":["post-581","page","type-page","status-publish","hentry"],"_links":{"self":[{"href":"https:\/\/tekamixers.com\/es\/wp-json\/wp\/v2\/pages\/581","targetHints":{"allow":["GET"]}}],"collection":[{"href":"https:\/\/tekamixers.com\/es\/wp-json\/wp\/v2\/pages"}],"about":[{"href":"https:\/\/tekamixers.com\/es\/wp-json\/wp\/v2\/types\/page"}],"author":[{"embeddable":true,"href":"https:\/\/tekamixers.com\/es\/wp-json\/wp\/v2\/users\/7"}],"replies":[{"embeddable":true,"href":"https:\/\/tekamixers.com\/es\/wp-json\/wp\/v2\/comments?post=581"}],"version-history":[{"count":6,"href":"https:\/\/tekamixers.com\/es\/wp-json\/wp\/v2\/pages\/581\/revisions"}],"predecessor-version":[{"id":5179,"href":"https:\/\/tekamixers.com\/es\/wp-json\/wp\/v2\/pages\/581\/revisions\/5179"}],"up":[{"embeddable":true,"href":"https:\/\/tekamixers.com\/es\/wp-json\/wp\/v2\/pages\/555"}],"wp:attachment":[{"href":"https:\/\/tekamixers.com\/es\/wp-json\/wp\/v2\/media?parent=581"}],"curies":[{"name":"wp","href":"https:\/\/api.w.org\/{rel}","templated":true}]}}