{"id":590,"date":"2014-08-13T17:45:44","date_gmt":"2014-08-13T21:45:44","guid":{"rendered":"http:\/\/teka.de\/mischanlagen\/werksbeton\/"},"modified":"2022-09-30T12:29:53","modified_gmt":"2022-09-30T16:29:53","slug":"werksbeton","status":"publish","type":"page","link":"https:\/\/tekamixers.com\/es\/unidades-de-mezcla\/werksbeton\/","title":{"rendered":"Hormig\u00f3n prefabricado"},"content":{"rendered":"\n<style type=\"text\/css\" data-created_by=\"avia_inline_auto\" id=\"style-css-av-av_image-c09acfe10d0d2b1e409818fdb14130b2\">\n.avia-image-container.av-av_image-c09acfe10d0d2b1e409818fdb14130b2 img.avia_image{\nbox-shadow:none;\n}\n.avia-image-container.av-av_image-c09acfe10d0d2b1e409818fdb14130b2 .av-image-caption-overlay-center{\ncolor:#ffffff;\n}\n<\/style>\n<div  class='avia-image-container av-av_image-c09acfe10d0d2b1e409818fdb14130b2 av-styling- avia-align-center  avia-builder-el-0  el_before_av_heading  avia-builder-el-first '   itemprop=\"image\" itemscope=\"itemscope\" itemtype=\"https:\/\/schema.org\/ImageObject\" ><div class=\"avia-image-container-inner\"><div class=\"avia-image-overlay-wrap\"><img decoding=\"async\" fetchpriority=\"high\" class='wp-image-1290 avia-img-lazy-loading-not-1290 avia_image ' src=\"https:\/\/tekamixers.com\/wp-content\/uploads\/2014\/08\/Banner-Werksbeton1.jpg\" alt='' title='Banner-Werksbeton'  height=\"193\" width=\"1030\"  itemprop=\"thumbnailUrl\" srcset=\"https:\/\/tekamixers.com\/wp-content\/uploads\/2014\/08\/Banner-Werksbeton1.jpg 1030w, https:\/\/tekamixers.com\/wp-content\/uploads\/2014\/08\/Banner-Werksbeton1-300x56.jpg 300w, https:\/\/tekamixers.com\/wp-content\/uploads\/2014\/08\/Banner-Werksbeton1-705x132.jpg 705w, https:\/\/tekamixers.com\/wp-content\/uploads\/2014\/08\/Banner-Werksbeton1-450x84.jpg 450w\" sizes=\"(max-width: 1030px) 100vw, 1030px\" \/><\/div><\/div><\/div>\n\n<style type=\"text\/css\" data-created_by=\"avia_inline_auto\" id=\"style-css-av-av_heading-c2134d59fb062e6042a0d73c1e51526e\">\n#top .av-special-heading.av-av_heading-c2134d59fb062e6042a0d73c1e51526e{\npadding-bottom:10px;\n}\nbody .av-special-heading.av-av_heading-c2134d59fb062e6042a0d73c1e51526e .av-special-heading-tag .heading-char{\nfont-size:25px;\n}\n.av-special-heading.av-av_heading-c2134d59fb062e6042a0d73c1e51526e .av-subheading{\nfont-size:15px;\n}\n<\/style>\n<div  class='av-special-heading av-av_heading-c2134d59fb062e6042a0d73c1e51526e av-special-heading-h3 blockquote modern-quote  avia-builder-el-1  el_after_av_image  el_before_av_one_half '><h3 class='av-special-heading-tag '  itemprop=\"headline\"  >Hormig\u00f3n prefabricado<\/h3><div class=\"special-heading-border\"><div class=\"special-heading-inner-border\"><\/div><\/div><\/div>\n<div  class='flex_column av-av_one_half-2a9015ff38129c418a3f2eafba3e9512 av_one_half  avia-builder-el-2  el_after_av_heading  el_before_av_one_half  first flex_column_div  '     ><section  class='av_textblock_section av-jlgeao6z-4ebb0b09ea70dc6c8c52b69097e15940 '   itemscope=\"itemscope\" itemtype=\"https:\/\/schema.org\/CreativeWork\" ><div class='avia_textblock'  itemprop=\"text\" ><p>TEKA planifica, dise\u00f1a, fabrica e instala unidades de mezcla y peso dirigidas a satisfacer las necesidades de nuestros clientes y a proporcionar soluciones de alta calidad a su medida. A trav\u00e9s de los a\u00f1os hemos dise\u00f1ado multitud de unidades para hormig\u00f3n prefabricado, productos de hormig\u00f3n, elementos de hormig\u00f3n y mucho m\u00e1s.<\/p>\n<p>Equipadas con turbo-mezcladoras TEKA o con mezcladoras planetarias TEKA, estas unidades constituyen el \u00faltimo modelo en mezcla e ingenier\u00eda de planta.<\/p>\n<h4>Ficha de datos<\/h4>\n<p>Descargue el <a href=\"https:\/\/tekamixers.com\/wp-content\/uploads\/2014\/08\/Teka-Dosieranlagen.pdf\" target=\"_blank\" rel=\"noopener\">cat\u00e1logo de productos<\/a> en formato PDF.<\/p>\n<\/div><\/section><\/div>\n<style type=\"text\/css\" data-created_by=\"avia_inline_auto\" id=\"style-css-av-av_one_half-862f0c8b97abc46405e90743a1c7ee0e\">\n.flex_column.av-av_one_half-862f0c8b97abc46405e90743a1c7ee0e{\nborder-radius:0px 0px 0px 0px;\npadding:0px 0px 0px 0px;\n}\n<\/style>\n<div  class='flex_column av-av_one_half-862f0c8b97abc46405e90743a1c7ee0e av_one_half  avia-builder-el-4  el_after_av_one_half  avia-builder-el-last  flex_column_div av-zero-column-padding  '     ><section  class='av_textblock_section av-av_textblock-75615b8b9d66df593b2db71c6a43b129 '   itemscope=\"itemscope\" itemtype=\"https:\/\/schema.org\/CreativeWork\" ><div class='avia_textblock'  itemprop=\"text\" ><ul>\n<li>Amplia gama de unidades de mezcla<\/li>\n<li>Soluciones probadas<\/li>\n<li>Uso excepcionalmente f\u00e1cil<\/li>\n<li>F\u00e1cil acceso a los componentes de la unidad<\/li>\n<\/ul>\n<\/div><\/section><\/div><\/p>\n","protected":false},"excerpt":{"rendered":"","protected":false},"author":7,"featured_media":0,"parent":555,"menu_order":0,"comment_status":"closed","ping_status":"closed","template":"","meta":{"footnotes":""},"class_list":["post-590","page","type-page","status-publish","hentry"],"_links":{"self":[{"href":"https:\/\/tekamixers.com\/es\/wp-json\/wp\/v2\/pages\/590","targetHints":{"allow":["GET"]}}],"collection":[{"href":"https:\/\/tekamixers.com\/es\/wp-json\/wp\/v2\/pages"}],"about":[{"href":"https:\/\/tekamixers.com\/es\/wp-json\/wp\/v2\/types\/page"}],"author":[{"embeddable":true,"href":"https:\/\/tekamixers.com\/es\/wp-json\/wp\/v2\/users\/7"}],"replies":[{"embeddable":true,"href":"https:\/\/tekamixers.com\/es\/wp-json\/wp\/v2\/comments?post=590"}],"version-history":[{"count":4,"href":"https:\/\/tekamixers.com\/es\/wp-json\/wp\/v2\/pages\/590\/revisions"}],"predecessor-version":[{"id":3741,"href":"https:\/\/tekamixers.com\/es\/wp-json\/wp\/v2\/pages\/590\/revisions\/3741"}],"up":[{"embeddable":true,"href":"https:\/\/tekamixers.com\/es\/wp-json\/wp\/v2\/pages\/555"}],"wp:attachment":[{"href":"https:\/\/tekamixers.com\/es\/wp-json\/wp\/v2\/media?parent=590"}],"curies":[{"name":"wp","href":"https:\/\/api.w.org\/{rel}","templated":true}]}}