{"id":597,"date":"2014-08-13T16:57:59","date_gmt":"2014-08-13T20:57:59","guid":{"rendered":"http:\/\/teka.de\/produkte\/mischer\/gegenstrom-planetenmischer-tpz\/"},"modified":"2022-09-30T12:29:33","modified_gmt":"2022-09-30T16:29:33","slug":"gegenstrom-planetenmischer-tpz","status":"publish","type":"page","link":"https:\/\/tekamixers.com\/es\/productos\/mischer\/gegenstrom-planetenmischer-tpz\/","title":{"rendered":"Mezcladoras Planetarias &#8211; TPZ"},"content":{"rendered":"\n<style type=\"text\/css\" data-created_by=\"avia_inline_auto\" id=\"style-css-av-jyo4yk01-449d38b8b954e2df05e5920aa531e118\">\n.avia-section.av-jyo4yk01-449d38b8b954e2df05e5920aa531e118{\nbackground-repeat:no-repeat;\nbackground-image:url(https:\/\/tekamixers.com\/wp-content\/uploads\/2019\/07\/Startbild-1.jpg);\nbackground-position:50% 50%;\nbackground-attachment:scroll;\n}\n<\/style>\n<div id='av_section_1'  class='avia-section av-jyo4yk01-449d38b8b954e2df05e5920aa531e118 main_color avia-section-default avia-no-border-styling  avia-builder-el-0  el_before_av_one_half  avia-builder-el-first  avia-full-stretch avia-bg-style-scroll av-minimum-height av-minimum-height-50 av-height-50  container_wrap fullsize'  data-section-bg-repeat='stretch' data-av_minimum_height_pc='50' data-av_min_height_opt='50'><div class='container av-section-cont-open' ><main  role=\"main\" itemprop=\"mainContentOfPage\"  class='template-page content  av-content-full alpha units'><div class='post-entry post-entry-type-page post-entry-597'><div class='entry-content-wrapper clearfix'><\/div><\/div><\/main><!-- close content main element --><\/div><\/div><div id='after_section_1'  class='main_color av_default_container_wrap container_wrap fullsize'  ><div class='container av-section-cont-open' ><div class='template-page content  av-content-full alpha units'><div class='post-entry post-entry-type-page post-entry-597'><div class='entry-content-wrapper clearfix'>\n<div class='flex_column_table av-5qxs0-7d9aee568dce85f0260ce1aa52c58af5 sc-av_one_half av-equal-height-column-flextable'>\n<style type=\"text\/css\" data-created_by=\"avia_inline_auto\" id=\"style-css-av-5qxs0-7d9aee568dce85f0260ce1aa52c58af5\">\n#top .flex_column_table.av-equal-height-column-flextable.av-5qxs0-7d9aee568dce85f0260ce1aa52c58af5{\nmargin-top:-155px;\nmargin-bottom:0px;\n}\n.flex_column.av-5qxs0-7d9aee568dce85f0260ce1aa52c58af5{\nborder-radius:0px 0px 0px 0px;\npadding:10px 10px 10px 10px;\nbackground-color:#f38431;\n}\n<\/style>\n<div  class='flex_column av-5qxs0-7d9aee568dce85f0260ce1aa52c58af5 av_one_half  avia-builder-el-1  el_after_av_section  el_before_av_one_half  avia-builder-el-first  first flex_column_table_cell av-equal-height-column av-align-top  '     ><style type=\"text\/css\" data-created_by=\"avia_inline_auto\" id=\"style-css-av-k058b32f-9d6cd3445d25bc1ef9a4b99c82ec838e\">\n#top .av-special-heading.av-k058b32f-9d6cd3445d25bc1ef9a4b99c82ec838e{\npadding-bottom:10px;\ncolor:#ffffff;\n}\nbody .av-special-heading.av-k058b32f-9d6cd3445d25bc1ef9a4b99c82ec838e .av-special-heading-tag .heading-char{\nfont-size:25px;\n}\n.av-special-heading.av-k058b32f-9d6cd3445d25bc1ef9a4b99c82ec838e .special-heading-inner-border{\nborder-color:#ffffff;\n}\n.av-special-heading.av-k058b32f-9d6cd3445d25bc1ef9a4b99c82ec838e .av-subheading{\nfont-size:15px;\n}\n<\/style>\n<div  class='av-special-heading av-k058b32f-9d6cd3445d25bc1ef9a4b99c82ec838e av-special-heading-h1 custom-color-heading blockquote modern-quote  avia-builder-el-2  avia-builder-el-no-sibling '><h1 class='av-special-heading-tag '  itemprop=\"headline\"  >Mezcladoras Planetarias &#8211; TPZ<\/h1><div class=\"special-heading-border\"><div class=\"special-heading-inner-border\"><\/div><\/div><\/div><\/div><div class='av-flex-placeholder'><\/div>\n<style type=\"text\/css\" data-created_by=\"avia_inline_auto\" id=\"style-css-av-uuyad-d3f05b00edf16350f9f4daf84ebd1b91\">\n#top .flex_column_table.av-equal-height-column-flextable.av-uuyad-d3f05b00edf16350f9f4daf84ebd1b91{\nmargin-top:-155px;\nmargin-bottom:0px;\n}\n.flex_column.av-uuyad-d3f05b00edf16350f9f4daf84ebd1b91{\nborder-radius:0px 0px 0px 0px;\npadding:0px 0px 0px 0px;\n}\n<\/style>\n<div  class='flex_column av-uuyad-d3f05b00edf16350f9f4daf84ebd1b91 av_one_half  avia-builder-el-3  el_after_av_one_half  el_before_av_one_half  flex_column_table_cell av-equal-height-column av-align-top av-zero-column-padding  '     ><\/div><\/div><!--close column table wrapper. Autoclose: 1 --><\/p>\n<div  class='flex_column av-s1pzx-f25f7f97a02cddc9dd0f16a03936b95a av_one_half  avia-builder-el-4  el_after_av_one_half  el_before_av_one_fourth  first flex_column_div  column-top-margin'     ><p><section  class='av_textblock_section av-jzjpgp5d-18bd41d925fa4b82d62ccb23ded1bf15 '   itemscope=\"itemscope\" itemtype=\"https:\/\/schema.org\/CreativeWork\" ><div class='avia_textblock'  itemprop=\"text\" ><p>Se han necesitado d\u00e9cadas de experiencia para dise\u00f1ar la TPZ, la mezcladora planetaria de contracorriente de TEKA.<\/p>\n<p>Este proceso ha llevado a concebir una mezcladora espec\u00edfica para aplicaciones de especial dificultad (como el hormig\u00f3n auto-compacto, el hormig\u00f3n de rendimiento ultra-elevado y el hormig\u00f3n con fibras) con un funcionamiento de alta seguridad, f\u00e1cil mantenimiento y gran durabilidad.<\/p>\n<p>La TPZ est\u00e1 disponible en varios tama\u00f1os con capacidades desde 250 hasta 4.500 litros.<\/p>\n<p>Todos los tama\u00f1os pueden complementarse con revestimientos resistentes al desgaste, elementos accesorios, sistemas de carga y de limpieza a alta presi\u00f3n.<\/p>\n<p>Descargue nuestro cat\u00e1logo de productos completo en formato PDF.<\/p>\n<\/div><\/section><br \/>\n<section  class='av_textblock_section av-iisbh-93f03e829b3b0ee1944be0ea2ac601cf '   itemscope=\"itemscope\" itemtype=\"https:\/\/schema.org\/CreativeWork\" ><div class='avia_textblock'  itemprop=\"text\" ><ul>\n<li>Homogenizaci\u00f3n optima de los materiales, incluso en las aplicaciones m\u00e1s dif\u00edciles<\/li>\n<li>Un desgaste y un mantenimiento m\u00ednimos<\/li>\n<li>Desperdicio m\u00ednimo<\/li>\n<li>Las estrellas mezcladoras giran alrededor de diferentes ejes<\/li>\n<li>Con solo una vuelta de las herramientas de mezcla, se hace circular todo el material<\/li>\n<\/ul>\n<\/div><\/section><\/p><\/div>\n\n<style type=\"text\/css\" data-created_by=\"avia_inline_auto\" id=\"style-css-av-11to9-8c1b5e712290613b94898ab4b771d23d\">\n.flex_column.av-11to9-8c1b5e712290613b94898ab4b771d23d{\nborder-radius:0px 0px 0px 0px;\npadding:0px 0px 0px 0px;\n}\n<\/style>\n<div  class='flex_column av-11to9-8c1b5e712290613b94898ab4b771d23d av_one_fourth  avia-builder-el-7  el_after_av_one_half  el_before_av_one_fourth  flex_column_div av-zero-column-padding  column-top-margin'     ><section  class='av_textblock_section av-1ciml-02e64e248ad1ba28e7f002e97012eff4 '   itemscope=\"itemscope\" itemtype=\"https:\/\/schema.org\/CreativeWork\" ><div class='avia_textblock'  itemprop=\"text\" ><p><a href=\"https:\/\/tekamixers.com\/wp-content\/uploads\/2015\/05\/2015-THZ.pdf\"><img loading=\"lazy\" decoding=\"async\" class=\"size-full wp-image-4658 alignnone\" src=\"https:\/\/tekamixers.com\/wp-content\/uploads\/2019\/07\/pdf-download.png\" alt=\"\" width=\"74\" height=\"100\" \/><\/a><\/p>\n<p>Descargue el <a href=\"https:\/\/tekamixers.com\/wp-content\/uploads\/2016\/02\/2016-TPZ-span.pdf\" target=\"_blank\" rel=\"noopener noreferrer\">cat\u00e1logo de productos<\/a> en formato PDF.<\/p>\n<\/div><\/section><\/div>\n\n<style type=\"text\/css\" data-created_by=\"avia_inline_auto\" id=\"style-css-av-ha0fp-06babd74f2d748c3b248195f057e7919\">\n.flex_column.av-ha0fp-06babd74f2d748c3b248195f057e7919{\nborder-radius:0px 0px 0px 0px;\npadding:0px 0px 0px 0px;\n}\n<\/style>\n<div  class='flex_column av-ha0fp-06babd74f2d748c3b248195f057e7919 av_one_fourth  avia-builder-el-9  el_after_av_one_fourth  el_before_av_section  avia-builder-el-last  flex_column_div av-zero-column-padding  column-top-margin'     ><\/div>\n<\/div><\/div><\/div><!-- close content main div --><\/div><\/div>\n<style type=\"text\/css\" data-created_by=\"avia_inline_auto\" id=\"style-css-av-jzjnba4n-50ae969492de838c30e3776dd8817be1\">\n.avia-section.av-jzjnba4n-50ae969492de838c30e3776dd8817be1{\nbackground-color:#a0a0a0;\nbackground-image:unset;\n}\n<\/style>\n<div id='av_section_2'  class='avia-section av-jzjnba4n-50ae969492de838c30e3776dd8817be1 main_color avia-section-default avia-no-border-styling  avia-builder-el-10  el_after_av_one_fourth  avia-builder-el-last  avia-bg-style-scroll container_wrap fullsize'  ><div class='container av-section-cont-open' ><div class='template-page content  av-content-full alpha units'><div class='post-entry post-entry-type-page post-entry-597'><div class='entry-content-wrapper clearfix'>\n\n<style type=\"text\/css\" data-created_by=\"avia_inline_auto\" id=\"style-css-av-ad63p-c4bebc4c9fbd7a831a4baf0e8932cb5c\">\n#top .avia-gallery.av-ad63p-c4bebc4c9fbd7a831a4baf0e8932cb5c .avia-gallery-thumb a{\nwidth:25%;\n}\n<\/style>\n<div  class='avia-gallery av-ad63p-c4bebc4c9fbd7a831a4baf0e8932cb5c avia_animate_when_visible  avia-builder-el-11  avia-builder-el-no-sibling  deactivate_avia_lazyload avia-gallery-animate avia-gallery-1'  itemprop=\"image\" itemscope=\"itemscope\" itemtype=\"https:\/\/schema.org\/ImageObject\" ><meta itemprop=\"contentURL\" content=\"https:\/\/tekamixers.com\/es\/productos\/mischer\/gegenstrom-planetenmischer-tpz\/\"><div class='avia-gallery-thumb'><a href=\"https:\/\/tekamixers.com\/wp-content\/uploads\/2014\/08\/Planetenmischer-94.jpg\" data-rel='gallery-1' data-prev-img='https:\/\/tekamixers.com\/wp-content\/uploads\/2014\/08\/Planetenmischer-94.jpg' class='first_thumb lightbox ' data-onclick='1' title='Planetenmischer-94'  itemprop=\"thumbnailUrl\"  ><img decoding=\"async\" fetchpriority=\"high\" class=\"wp-image-915 avia-img-lazy-loading-not-915\"   src=\"https:\/\/tekamixers.com\/wp-content\/uploads\/2014\/08\/Planetenmischer-94.jpg\" width=\"1\" height=\"1\"  title='Planetenmischer-94' alt='' \/><div class='big-prev-fake'><img decoding=\"async\" loading=\"lazy\" class=\"wp-image-915 avia-img-lazy-loading-915\"  width=\"1\" height=\"1\" src=\"https:\/\/tekamixers.com\/wp-content\/uploads\/2014\/08\/Planetenmischer-94.jpg\" title='Planetenmischer-94' alt='' \/><\/div><\/a><a href=\"https:\/\/tekamixers.com\/wp-content\/uploads\/2014\/08\/Planetenmischer-93.jpg\" data-rel='gallery-1' data-prev-img='https:\/\/tekamixers.com\/wp-content\/uploads\/2014\/08\/Planetenmischer-93.jpg' class='lightbox ' data-onclick='2' title='Planetenmischer-93'  itemprop=\"thumbnailUrl\"  ><img decoding=\"async\" fetchpriority=\"high\" class=\"wp-image-912 avia-img-lazy-loading-not-912\"   src=\"https:\/\/tekamixers.com\/wp-content\/uploads\/2014\/08\/Planetenmischer-93.jpg\" width=\"1\" height=\"1\"  title='Planetenmischer-93' alt='' \/><div class='big-prev-fake'><img decoding=\"async\" loading=\"lazy\" class=\"wp-image-912 avia-img-lazy-loading-912\"  width=\"1\" height=\"1\" src=\"https:\/\/tekamixers.com\/wp-content\/uploads\/2014\/08\/Planetenmischer-93.jpg\" title='Planetenmischer-93' alt='' \/><\/div><\/a><a href=\"https:\/\/tekamixers.com\/wp-content\/uploads\/2014\/08\/Planetenmischer-92.jpg\" data-rel='gallery-1' data-prev-img='https:\/\/tekamixers.com\/wp-content\/uploads\/2014\/08\/Planetenmischer-92.jpg' class='lightbox ' data-onclick='3' title='Planetenmischer-92'  itemprop=\"thumbnailUrl\"  ><img decoding=\"async\" fetchpriority=\"high\" class=\"wp-image-909 avia-img-lazy-loading-not-909\"   src=\"https:\/\/tekamixers.com\/wp-content\/uploads\/2014\/08\/Planetenmischer-92.jpg\" width=\"1\" height=\"1\"  title='Planetenmischer-92' alt='' \/><div class='big-prev-fake'><img decoding=\"async\" loading=\"lazy\" class=\"wp-image-909 avia-img-lazy-loading-909\"  width=\"1\" height=\"1\" src=\"https:\/\/tekamixers.com\/wp-content\/uploads\/2014\/08\/Planetenmischer-92.jpg\" title='Planetenmischer-92' alt='' \/><\/div><\/a><a href=\"https:\/\/tekamixers.com\/wp-content\/uploads\/2014\/08\/Planetenmischer-91.jpg\" data-rel='gallery-1' data-prev-img='https:\/\/tekamixers.com\/wp-content\/uploads\/2014\/08\/Planetenmischer-91.jpg' class='lightbox ' data-onclick='4' title='Planetenmischer-91'  itemprop=\"thumbnailUrl\"  ><img decoding=\"async\" fetchpriority=\"high\" class=\"wp-image-906 avia-img-lazy-loading-not-906\"   src=\"https:\/\/tekamixers.com\/wp-content\/uploads\/2014\/08\/Planetenmischer-91.jpg\" width=\"1\" height=\"1\"  title='Planetenmischer-91' alt='' \/><div class='big-prev-fake'><img decoding=\"async\" loading=\"lazy\" class=\"wp-image-906 avia-img-lazy-loading-906\"  width=\"1\" height=\"1\" src=\"https:\/\/tekamixers.com\/wp-content\/uploads\/2014\/08\/Planetenmischer-91.jpg\" title='Planetenmischer-91' alt='' \/><\/div><\/a><a href=\"https:\/\/tekamixers.com\/wp-content\/uploads\/2014\/08\/Planetenmischer-9.jpg\" data-rel='gallery-1' data-prev-img='https:\/\/tekamixers.com\/wp-content\/uploads\/2014\/08\/Planetenmischer-9.jpg' class='first_thumb lightbox ' data-onclick='5' title='Planetenmischer-9'  itemprop=\"thumbnailUrl\"  ><img decoding=\"async\" fetchpriority=\"high\" class=\"wp-image-903 avia-img-lazy-loading-not-903\"   src=\"https:\/\/tekamixers.com\/wp-content\/uploads\/2014\/08\/Planetenmischer-9.jpg\" width=\"1\" height=\"1\"  title='Planetenmischer-9' alt='' \/><div class='big-prev-fake'><img decoding=\"async\" loading=\"lazy\" class=\"wp-image-903 avia-img-lazy-loading-903\"  width=\"1\" height=\"1\" src=\"https:\/\/tekamixers.com\/wp-content\/uploads\/2014\/08\/Planetenmischer-9.jpg\" title='Planetenmischer-9' alt='' \/><\/div><\/a><a href=\"https:\/\/tekamixers.com\/wp-content\/uploads\/2014\/08\/Planetenmischer-8.jpg\" data-rel='gallery-1' data-prev-img='https:\/\/tekamixers.com\/wp-content\/uploads\/2014\/08\/Planetenmischer-8.jpg' class='lightbox ' data-onclick='6' title='Planetenmischer-8'  itemprop=\"thumbnailUrl\"  ><img decoding=\"async\" fetchpriority=\"high\" class=\"wp-image-900 avia-img-lazy-loading-not-900\"   src=\"https:\/\/tekamixers.com\/wp-content\/uploads\/2014\/08\/Planetenmischer-8.jpg\" width=\"1\" height=\"1\"  title='Planetenmischer-8' alt='' \/><div class='big-prev-fake'><img decoding=\"async\" loading=\"lazy\" class=\"wp-image-900 avia-img-lazy-loading-900\"  width=\"1\" height=\"1\" src=\"https:\/\/tekamixers.com\/wp-content\/uploads\/2014\/08\/Planetenmischer-8.jpg\" title='Planetenmischer-8' alt='' \/><\/div><\/a><a href=\"https:\/\/tekamixers.com\/wp-content\/uploads\/2014\/08\/Planetenmischer-7.jpg\" data-rel='gallery-1' data-prev-img='https:\/\/tekamixers.com\/wp-content\/uploads\/2014\/08\/Planetenmischer-7.jpg' class='lightbox ' data-onclick='7' title='Planetenmischer-7'  itemprop=\"thumbnailUrl\"  ><img decoding=\"async\" fetchpriority=\"high\" class=\"wp-image-897 avia-img-lazy-loading-not-897\"   src=\"https:\/\/tekamixers.com\/wp-content\/uploads\/2014\/08\/Planetenmischer-7.jpg\" width=\"1\" height=\"1\"  title='Planetenmischer-7' alt='' \/><div class='big-prev-fake'><img decoding=\"async\" loading=\"lazy\" class=\"wp-image-897 avia-img-lazy-loading-897\"  width=\"1\" height=\"1\" src=\"https:\/\/tekamixers.com\/wp-content\/uploads\/2014\/08\/Planetenmischer-7.jpg\" title='Planetenmischer-7' alt='' \/><\/div><\/a><a href=\"https:\/\/tekamixers.com\/wp-content\/uploads\/2014\/08\/Planetenmischer-6.jpg\" data-rel='gallery-1' data-prev-img='https:\/\/tekamixers.com\/wp-content\/uploads\/2014\/08\/Planetenmischer-6.jpg' class='lightbox ' data-onclick='8' title='Planetenmischer-6'  itemprop=\"thumbnailUrl\"  ><img decoding=\"async\" fetchpriority=\"high\" class=\"wp-image-894 avia-img-lazy-loading-not-894\"   src=\"https:\/\/tekamixers.com\/wp-content\/uploads\/2014\/08\/Planetenmischer-6.jpg\" width=\"1\" height=\"1\"  title='Planetenmischer-6' alt='' \/><div class='big-prev-fake'><img decoding=\"async\" loading=\"lazy\" class=\"wp-image-894 avia-img-lazy-loading-894\"  width=\"1\" height=\"1\" src=\"https:\/\/tekamixers.com\/wp-content\/uploads\/2014\/08\/Planetenmischer-6.jpg\" title='Planetenmischer-6' alt='' \/><\/div><\/a><a href=\"https:\/\/tekamixers.com\/wp-content\/uploads\/2014\/08\/Planetenmischer-5.jpg\" data-rel='gallery-1' data-prev-img='https:\/\/tekamixers.com\/wp-content\/uploads\/2014\/08\/Planetenmischer-5.jpg' class='first_thumb lightbox ' data-onclick='9' title='Planetenmischer-5'  itemprop=\"thumbnailUrl\"  ><img decoding=\"async\" fetchpriority=\"high\" class=\"wp-image-891 avia-img-lazy-loading-not-891\"   src=\"https:\/\/tekamixers.com\/wp-content\/uploads\/2014\/08\/Planetenmischer-5.jpg\" width=\"1\" height=\"1\"  title='Planetenmischer-5' alt='' \/><div class='big-prev-fake'><img decoding=\"async\" loading=\"lazy\" class=\"wp-image-891 avia-img-lazy-loading-891\"  width=\"1\" height=\"1\" src=\"https:\/\/tekamixers.com\/wp-content\/uploads\/2014\/08\/Planetenmischer-5.jpg\" title='Planetenmischer-5' alt='' \/><\/div><\/a><a href=\"https:\/\/tekamixers.com\/wp-content\/uploads\/2014\/08\/Planetenmischer-4.jpg\" data-rel='gallery-1' data-prev-img='https:\/\/tekamixers.com\/wp-content\/uploads\/2014\/08\/Planetenmischer-4.jpg' class='lightbox ' data-onclick='10' title='Planetenmischer-4'  itemprop=\"thumbnailUrl\"  ><img decoding=\"async\" fetchpriority=\"high\" class=\"wp-image-888 avia-img-lazy-loading-not-888\"   src=\"https:\/\/tekamixers.com\/wp-content\/uploads\/2014\/08\/Planetenmischer-4.jpg\" width=\"1\" height=\"1\"  title='Planetenmischer-4' alt='' \/><div class='big-prev-fake'><img decoding=\"async\" loading=\"lazy\" class=\"wp-image-888 avia-img-lazy-loading-888\"  width=\"1\" height=\"1\" src=\"https:\/\/tekamixers.com\/wp-content\/uploads\/2014\/08\/Planetenmischer-4.jpg\" title='Planetenmischer-4' alt='' \/><\/div><\/a><a href=\"https:\/\/tekamixers.com\/wp-content\/uploads\/2014\/08\/Planetenmischer-3.jpg\" data-rel='gallery-1' data-prev-img='https:\/\/tekamixers.com\/wp-content\/uploads\/2014\/08\/Planetenmischer-3.jpg' class='lightbox ' data-onclick='11' title='Planetenmischer-3'  itemprop=\"thumbnailUrl\"  ><img decoding=\"async\" fetchpriority=\"high\" class=\"wp-image-885 avia-img-lazy-loading-not-885\"   src=\"https:\/\/tekamixers.com\/wp-content\/uploads\/2014\/08\/Planetenmischer-3.jpg\" width=\"1\" height=\"1\"  title='Planetenmischer-3' alt='' \/><div class='big-prev-fake'><img decoding=\"async\" loading=\"lazy\" class=\"wp-image-885 avia-img-lazy-loading-885\"  width=\"1\" height=\"1\" src=\"https:\/\/tekamixers.com\/wp-content\/uploads\/2014\/08\/Planetenmischer-3.jpg\" title='Planetenmischer-3' alt='' \/><\/div><\/a><a href=\"https:\/\/tekamixers.com\/wp-content\/uploads\/2014\/08\/Planetenmischer-2.jpg\" data-rel='gallery-1' data-prev-img='https:\/\/tekamixers.com\/wp-content\/uploads\/2014\/08\/Planetenmischer-2.jpg' class='lightbox ' data-onclick='12' title='Planetenmischer-2'  itemprop=\"thumbnailUrl\"  ><img decoding=\"async\" fetchpriority=\"high\" class=\"wp-image-882 avia-img-lazy-loading-not-882\"   src=\"https:\/\/tekamixers.com\/wp-content\/uploads\/2014\/08\/Planetenmischer-2.jpg\" width=\"1\" height=\"1\"  title='Planetenmischer-2' alt='' \/><div class='big-prev-fake'><img decoding=\"async\" loading=\"lazy\" class=\"wp-image-882 avia-img-lazy-loading-882\"  width=\"1\" height=\"1\" src=\"https:\/\/tekamixers.com\/wp-content\/uploads\/2014\/08\/Planetenmischer-2.jpg\" title='Planetenmischer-2' alt='' \/><\/div><\/a><a href=\"https:\/\/tekamixers.com\/wp-content\/uploads\/2014\/08\/Planetenmischer-1.jpg\" data-rel='gallery-1' data-prev-img='https:\/\/tekamixers.com\/wp-content\/uploads\/2014\/08\/Planetenmischer-1.jpg' class='first_thumb lightbox ' data-onclick='13' title='Planetenmischer-1'  itemprop=\"thumbnailUrl\"  ><img decoding=\"async\" fetchpriority=\"high\" class=\"wp-image-879 avia-img-lazy-loading-not-879\"   src=\"https:\/\/tekamixers.com\/wp-content\/uploads\/2014\/08\/Planetenmischer-1.jpg\" width=\"1\" height=\"1\"  title='Planetenmischer-1' alt='' \/><div class='big-prev-fake'><img decoding=\"async\" loading=\"lazy\" class=\"wp-image-879 avia-img-lazy-loading-879\"  width=\"1\" height=\"1\" src=\"https:\/\/tekamixers.com\/wp-content\/uploads\/2014\/08\/Planetenmischer-1.jpg\" title='Planetenmischer-1' alt='' \/><\/div><\/a><\/div><\/div>\n\n","protected":false},"excerpt":{"rendered":"","protected":false},"author":7,"featured_media":0,"parent":460,"menu_order":3,"comment_status":"closed","ping_status":"closed","template":"","meta":{"footnotes":""},"class_list":["post-597","page","type-page","status-publish","hentry"],"_links":{"self":[{"href":"https:\/\/tekamixers.com\/es\/wp-json\/wp\/v2\/pages\/597","targetHints":{"allow":["GET"]}}],"collection":[{"href":"https:\/\/tekamixers.com\/es\/wp-json\/wp\/v2\/pages"}],"about":[{"href":"https:\/\/tekamixers.com\/es\/wp-json\/wp\/v2\/types\/page"}],"author":[{"embeddable":true,"href":"https:\/\/tekamixers.com\/es\/wp-json\/wp\/v2\/users\/7"}],"replies":[{"embeddable":true,"href":"https:\/\/tekamixers.com\/es\/wp-json\/wp\/v2\/comments?post=597"}],"version-history":[{"count":7,"href":"https:\/\/tekamixers.com\/es\/wp-json\/wp\/v2\/pages\/597\/revisions"}],"predecessor-version":[{"id":5249,"href":"https:\/\/tekamixers.com\/es\/wp-json\/wp\/v2\/pages\/597\/revisions\/5249"}],"up":[{"embeddable":true,"href":"https:\/\/tekamixers.com\/es\/wp-json\/wp\/v2\/pages\/460"}],"wp:attachment":[{"href":"https:\/\/tekamixers.com\/es\/wp-json\/wp\/v2\/media?parent=597"}],"curies":[{"name":"wp","href":"https:\/\/api.w.org\/{rel}","templated":true}]}}