{"id":643,"date":"2014-08-13T20:36:03","date_gmt":"2014-08-14T00:36:03","guid":{"rendered":"http:\/\/teka.de\/schrapper\/schrappgeraet-tsths\/"},"modified":"2022-09-30T12:29:47","modified_gmt":"2022-09-30T16:29:47","slug":"schrappgeraet-tsths","status":"publish","type":"page","link":"https:\/\/tekamixers.com\/es\/rascador\/schrappgeraet-tsths\/","title":{"rendered":"Sistemas con Dragalina\u2013TS\/THS"},"content":{"rendered":"\n<style type=\"text\/css\" data-created_by=\"avia_inline_auto\" id=\"style-css-av-jyo4yk01-85042ed1bb8396cbbc1939b99d9c7105\">\n.avia-section.av-jyo4yk01-85042ed1bb8396cbbc1939b99d9c7105{\nbackground-repeat:no-repeat;\nbackground-image:url(https:\/\/tekamixers.com\/wp-content\/uploads\/2019\/08\/Transportbeton.jpg);\nbackground-position:50% 50%;\nbackground-attachment:scroll;\n}\n<\/style>\n<div id='av_section_1'  class='avia-section av-jyo4yk01-85042ed1bb8396cbbc1939b99d9c7105 main_color avia-section-default avia-no-border-styling  avia-builder-el-0  el_before_av_one_half  avia-builder-el-first  avia-full-stretch avia-bg-style-scroll av-minimum-height av-minimum-height-50 av-height-50  container_wrap fullsize'  data-section-bg-repeat='stretch' data-av_minimum_height_pc='50' data-av_min_height_opt='50'><div class='container av-section-cont-open' ><main  role=\"main\" itemprop=\"mainContentOfPage\"  class='template-page content  av-content-full alpha units'><div class='post-entry post-entry-type-page post-entry-643'><div class='entry-content-wrapper clearfix'><\/div><\/div><\/main><!-- close content main element --><\/div><\/div><div id='after_section_1'  class='main_color av_default_container_wrap container_wrap fullsize'  ><div class='container av-section-cont-open' ><div class='template-page content  av-content-full alpha units'><div class='post-entry post-entry-type-page post-entry-643'><div class='entry-content-wrapper clearfix'>\n<div class='flex_column_table av-5qxs0-7d9aee568dce85f0260ce1aa52c58af5 sc-av_one_half av-equal-height-column-flextable'>\n<style type=\"text\/css\" data-created_by=\"avia_inline_auto\" id=\"style-css-av-5qxs0-7d9aee568dce85f0260ce1aa52c58af5\">\n#top .flex_column_table.av-equal-height-column-flextable.av-5qxs0-7d9aee568dce85f0260ce1aa52c58af5{\nmargin-top:-155px;\nmargin-bottom:0px;\n}\n.flex_column.av-5qxs0-7d9aee568dce85f0260ce1aa52c58af5{\nborder-radius:0px 0px 0px 0px;\npadding:10px 10px 10px 10px;\nbackground-color:#f38431;\n}\n<\/style>\n<div  class='flex_column av-5qxs0-7d9aee568dce85f0260ce1aa52c58af5 av_one_half  avia-builder-el-1  el_after_av_section  el_before_av_one_half  avia-builder-el-first  first flex_column_table_cell av-equal-height-column av-align-top  '     ><style type=\"text\/css\" data-created_by=\"avia_inline_auto\" id=\"style-css-av-jzjq4o19-382300a2ac260e26e026027bf45dd370\">\n#top .av-special-heading.av-jzjq4o19-382300a2ac260e26e026027bf45dd370{\npadding-bottom:10px;\ncolor:#ffffff;\n}\nbody .av-special-heading.av-jzjq4o19-382300a2ac260e26e026027bf45dd370 .av-special-heading-tag .heading-char{\nfont-size:25px;\n}\n.av-special-heading.av-jzjq4o19-382300a2ac260e26e026027bf45dd370 .special-heading-inner-border{\nborder-color:#ffffff;\n}\n.av-special-heading.av-jzjq4o19-382300a2ac260e26e026027bf45dd370 .av-subheading{\nfont-size:15px;\n}\n<\/style>\n<div  class='av-special-heading av-jzjq4o19-382300a2ac260e26e026027bf45dd370 av-special-heading-h1 custom-color-heading blockquote modern-quote  avia-builder-el-2  avia-builder-el-no-sibling '><h1 class='av-special-heading-tag '  itemprop=\"headline\"  >Sistemas con Dragalina\u2013TS\/THS<\/h1><div class=\"special-heading-border\"><div class=\"special-heading-inner-border\"><\/div><\/div><\/div><\/div>\n<div class='av-flex-placeholder'><\/div>\n<style type=\"text\/css\" data-created_by=\"avia_inline_auto\" id=\"style-css-av-qiqv7-4458b74cee8f74d9da5e6a45388ae8ce\">\n#top .flex_column_table.av-equal-height-column-flextable.av-qiqv7-4458b74cee8f74d9da5e6a45388ae8ce{\nmargin-top:-155px;\nmargin-bottom:0px;\n}\n.flex_column.av-qiqv7-4458b74cee8f74d9da5e6a45388ae8ce{\nborder-radius:0px 0px 0px 0px;\npadding:0px 0px 0px 0px;\n}\n<\/style>\n<div  class='flex_column av-qiqv7-4458b74cee8f74d9da5e6a45388ae8ce av_one_half  avia-builder-el-3  el_after_av_one_half  el_before_av_one_half  flex_column_table_cell av-equal-height-column av-align-top av-zero-column-padding  '     ><\/div><\/div><!--close column table wrapper. Autoclose: 1 -->\n<div  class='flex_column av-kfv8j-3aad1a1947407da478825eec591ea7c1 av_one_half  avia-builder-el-4  el_after_av_one_half  el_before_av_one_fourth  first flex_column_div  column-top-margin'     ><p><section  class='av_textblock_section av-jzjq4z37-fe019f4efd005ba0c62fa921f919aaed '   itemscope=\"itemscope\" itemtype=\"https:\/\/schema.org\/CreativeWork\" ><div class='avia_textblock'  itemprop=\"text\" ><p>Adem\u00e1s de las mezcladoras, TEKA tambi\u00e9n ofrece sistemas con rascador TS \/ THS de alto rendimiento, manuales, semi-autom\u00e1ticos y completamente autom\u00e1ticos. Gracias a su ingenier\u00eda totalmente s\u00f3lida, su uso f\u00e1cil y el escaso mantenimiento requerido, estos sistemas de alto rendimiento son ideales para un funcionamiento continuo. Los sistemas con dragalina TEKA est\u00e1n disponibles con cubetas de varias capacidades desde 40 hasta 160 m\u00b3 de material suelto y con pluma de distintas longitudes hasta 22 m.<\/p>\n<\/div><\/section><br \/>\n<section  class='av_textblock_section av-fgomb-5aa5d0ce22f04b351add8bc8f8c5a0c0 '   itemscope=\"itemscope\" itemtype=\"https:\/\/schema.org\/CreativeWork\" ><div class='avia_textblock'  itemprop=\"text\" ><ul>\n<li>En uso por todo el mundo<\/li>\n<li>Tecnolog\u00eda perfecta y confiable para un funcionamiento continuo<\/li>\n<\/ul>\n<\/div><\/section><\/p><\/div>\n\n<style type=\"text\/css\" data-created_by=\"avia_inline_auto\" id=\"style-css-av-11to9-8c1b5e712290613b94898ab4b771d23d\">\n.flex_column.av-11to9-8c1b5e712290613b94898ab4b771d23d{\nborder-radius:0px 0px 0px 0px;\npadding:0px 0px 0px 0px;\n}\n<\/style>\n<div  class='flex_column av-11to9-8c1b5e712290613b94898ab4b771d23d av_one_fourth  avia-builder-el-7  el_after_av_one_half  el_before_av_one_fourth  flex_column_div av-zero-column-padding  column-top-margin'     ><section  class='av_textblock_section av-1ciml-02e64e248ad1ba28e7f002e97012eff4 '   itemscope=\"itemscope\" itemtype=\"https:\/\/schema.org\/CreativeWork\" ><div class='avia_textblock'  itemprop=\"text\" ><p><a href=\"https:\/\/tekamixers.com\/wp-content\/uploads\/2015\/05\/2015-THZ.pdf\"><img loading=\"lazy\" decoding=\"async\" class=\"size-full wp-image-4658 alignnone\" src=\"https:\/\/tekamixers.com\/wp-content\/uploads\/2019\/07\/pdf-download.png\" alt=\"\" width=\"74\" height=\"100\" \/><\/a><\/p>\n<p>Descargue el <a href=\"https:\/\/tekamixers.com\/wp-content\/uploads\/2014\/08\/Schrapper-g.pdf\" target=\"_blank\" rel=\"noopener noreferrer\">cat\u00e1logo de productos<\/a> en formato PDF.<\/p>\n<\/div><\/section><\/div>\n\n<style type=\"text\/css\" data-created_by=\"avia_inline_auto\" id=\"style-css-av-11to9-8c1b5e712290613b94898ab4b771d23d\">\n.flex_column.av-11to9-8c1b5e712290613b94898ab4b771d23d{\nborder-radius:0px 0px 0px 0px;\npadding:0px 0px 0px 0px;\n}\n<\/style>\n<div  class='flex_column av-11to9-8c1b5e712290613b94898ab4b771d23d av_one_fourth  avia-builder-el-9  el_after_av_one_fourth  el_before_av_section  avia-builder-el-last  flex_column_div av-zero-column-padding  column-top-margin'     ><\/div>\n<\/div><\/div><\/div><!-- close content main div --><\/div><\/div>\n<style type=\"text\/css\" data-created_by=\"avia_inline_auto\" id=\"style-css-av-jzjnba4n-50ae969492de838c30e3776dd8817be1\">\n.avia-section.av-jzjnba4n-50ae969492de838c30e3776dd8817be1{\nbackground-color:#a0a0a0;\nbackground-image:unset;\n}\n<\/style>\n<div id='av_section_2'  class='avia-section av-jzjnba4n-50ae969492de838c30e3776dd8817be1 main_color avia-section-default avia-no-border-styling  avia-builder-el-10  el_after_av_one_fourth  avia-builder-el-last  avia-bg-style-scroll container_wrap fullsize'  ><div class='container av-section-cont-open' ><div class='template-page content  av-content-full alpha units'><div class='post-entry post-entry-type-page post-entry-643'><div class='entry-content-wrapper clearfix'>\n\n<style type=\"text\/css\" data-created_by=\"avia_inline_auto\" id=\"style-css-av-bme83-9e98d419b7d1b87a1690fb8de557aa5c\">\n#top .avia-gallery.av-bme83-9e98d419b7d1b87a1690fb8de557aa5c .avia-gallery-thumb a{\nwidth:20%;\n}\n<\/style>\n<div  class='avia-gallery av-bme83-9e98d419b7d1b87a1690fb8de557aa5c avia_animate_when_visible  avia-builder-el-11  avia-builder-el-no-sibling  deactivate_avia_lazyload avia-gallery-animate avia-gallery-1'  itemprop=\"image\" itemscope=\"itemscope\" itemtype=\"https:\/\/schema.org\/ImageObject\" ><meta itemprop=\"contentURL\" content=\"https:\/\/tekamixers.com\/es\/rascador\/schrappgeraet-tsths\/\"><div class='avia-gallery-thumb'><a href=\"https:\/\/tekamixers.com\/wp-content\/uploads\/2014\/08\/Schrapper-1030x772.jpg\" data-srcset=\"https:\/\/tekamixers.com\/wp-content\/uploads\/2014\/08\/Schrapper-1030x772.jpg 1030w, https:\/\/tekamixers.com\/wp-content\/uploads\/2014\/08\/Schrapper-300x225.jpg 300w, https:\/\/tekamixers.com\/wp-content\/uploads\/2014\/08\/Schrapper-705x528.jpg 705w, https:\/\/tekamixers.com\/wp-content\/uploads\/2014\/08\/Schrapper-450x337.jpg 450w, https:\/\/tekamixers.com\/wp-content\/uploads\/2014\/08\/Schrapper.jpg 1200w\" data-sizes=\"(max-width: 1030px) 100vw, 1030px\" data-rel='gallery-1' data-prev-img='https:\/\/tekamixers.com\/wp-content\/uploads\/2014\/08\/Schrapper-495x400.jpg' class='first_thumb lightbox ' data-onclick='1' title='Schrapper'  itemprop=\"thumbnailUrl\"  ><img decoding=\"async\" fetchpriority=\"high\" class=\"wp-image-1275 avia-img-lazy-loading-not-1275\"   src=\"https:\/\/tekamixers.com\/wp-content\/uploads\/2014\/08\/Schrapper-495x400.jpg\" width=\"495\" height=\"400\"  title='Schrapper' alt='' srcset=\"https:\/\/tekamixers.com\/wp-content\/uploads\/2014\/08\/Schrapper-495x400.jpg 495w, https:\/\/tekamixers.com\/wp-content\/uploads\/2014\/08\/Schrapper-710x575.jpg 710w\" sizes=\"(max-width: 495px) 100vw, 495px\" \/><div class='big-prev-fake'><img decoding=\"async\" loading=\"lazy\" class=\"wp-image-1275 avia-img-lazy-loading-1275\"  width=\"495\" height=\"400\" src=\"https:\/\/tekamixers.com\/wp-content\/uploads\/2014\/08\/Schrapper-495x400.jpg\" title='Schrapper' alt='' srcset=\"https:\/\/tekamixers.com\/wp-content\/uploads\/2014\/08\/Schrapper-495x400.jpg 495w, https:\/\/tekamixers.com\/wp-content\/uploads\/2014\/08\/Schrapper-710x575.jpg 710w\" sizes=\"auto, (max-width: 495px) 100vw, 495px\" \/><\/div><\/a><a href=\"https:\/\/tekamixers.com\/wp-content\/uploads\/2014\/08\/Schrapper-THS-Erlangen-1030x712.jpg\" data-srcset=\"https:\/\/tekamixers.com\/wp-content\/uploads\/2014\/08\/Schrapper-THS-Erlangen-1030x712.jpg 1030w, https:\/\/tekamixers.com\/wp-content\/uploads\/2014\/08\/Schrapper-THS-Erlangen-300x207.jpg 300w, https:\/\/tekamixers.com\/wp-content\/uploads\/2014\/08\/Schrapper-THS-Erlangen-705x487.jpg 705w, https:\/\/tekamixers.com\/wp-content\/uploads\/2014\/08\/Schrapper-THS-Erlangen-450x311.jpg 450w, https:\/\/tekamixers.com\/wp-content\/uploads\/2014\/08\/Schrapper-THS-Erlangen.jpg 1200w\" data-sizes=\"(max-width: 1030px) 100vw, 1030px\" data-rel='gallery-1' data-prev-img='https:\/\/tekamixers.com\/wp-content\/uploads\/2014\/08\/Schrapper-THS-Erlangen-495x400.jpg' class='lightbox ' data-onclick='2' title='Schrapper-THS-Erlangen'  itemprop=\"thumbnailUrl\"  ><img decoding=\"async\" fetchpriority=\"high\" class=\"wp-image-1272 avia-img-lazy-loading-not-1272\"   src=\"https:\/\/tekamixers.com\/wp-content\/uploads\/2014\/08\/Schrapper-THS-Erlangen-495x400.jpg\" width=\"495\" height=\"400\"  title='Schrapper-THS-Erlangen' alt='' srcset=\"https:\/\/tekamixers.com\/wp-content\/uploads\/2014\/08\/Schrapper-THS-Erlangen-495x400.jpg 495w, https:\/\/tekamixers.com\/wp-content\/uploads\/2014\/08\/Schrapper-THS-Erlangen-710x575.jpg 710w\" sizes=\"(max-width: 495px) 100vw, 495px\" \/><div class='big-prev-fake'><img decoding=\"async\" loading=\"lazy\" class=\"wp-image-1272 avia-img-lazy-loading-1272\"  width=\"495\" height=\"400\" src=\"https:\/\/tekamixers.com\/wp-content\/uploads\/2014\/08\/Schrapper-THS-Erlangen-495x400.jpg\" title='Schrapper-THS-Erlangen' alt='' srcset=\"https:\/\/tekamixers.com\/wp-content\/uploads\/2014\/08\/Schrapper-THS-Erlangen-495x400.jpg 495w, https:\/\/tekamixers.com\/wp-content\/uploads\/2014\/08\/Schrapper-THS-Erlangen-710x575.jpg 710w\" sizes=\"auto, (max-width: 495px) 100vw, 495px\" \/><\/div><\/a><a href=\"https:\/\/tekamixers.com\/wp-content\/uploads\/2014\/08\/Schrapper-THS-Erlangen-2-1030x946.jpg\" data-srcset=\"https:\/\/tekamixers.com\/wp-content\/uploads\/2014\/08\/Schrapper-THS-Erlangen-2-1030x946.jpg 1030w, https:\/\/tekamixers.com\/wp-content\/uploads\/2014\/08\/Schrapper-THS-Erlangen-2-300x275.jpg 300w, https:\/\/tekamixers.com\/wp-content\/uploads\/2014\/08\/Schrapper-THS-Erlangen-2-705x648.jpg 705w, https:\/\/tekamixers.com\/wp-content\/uploads\/2014\/08\/Schrapper-THS-Erlangen-2-450x413.jpg 450w, https:\/\/tekamixers.com\/wp-content\/uploads\/2014\/08\/Schrapper-THS-Erlangen-2.jpg 1200w\" data-sizes=\"(max-width: 1030px) 100vw, 1030px\" data-rel='gallery-1' data-prev-img='https:\/\/tekamixers.com\/wp-content\/uploads\/2014\/08\/Schrapper-THS-Erlangen-2-495x400.jpg' class='lightbox ' data-onclick='3' title='Schrapper-THS-Erlangen-2'  itemprop=\"thumbnailUrl\"  ><img decoding=\"async\" fetchpriority=\"high\" class=\"wp-image-1269 avia-img-lazy-loading-not-1269\"   src=\"https:\/\/tekamixers.com\/wp-content\/uploads\/2014\/08\/Schrapper-THS-Erlangen-2-495x400.jpg\" width=\"495\" height=\"400\"  title='Schrapper-THS-Erlangen-2' alt='' srcset=\"https:\/\/tekamixers.com\/wp-content\/uploads\/2014\/08\/Schrapper-THS-Erlangen-2-495x400.jpg 495w, https:\/\/tekamixers.com\/wp-content\/uploads\/2014\/08\/Schrapper-THS-Erlangen-2-710x575.jpg 710w\" sizes=\"(max-width: 495px) 100vw, 495px\" \/><div class='big-prev-fake'><img decoding=\"async\" loading=\"lazy\" class=\"wp-image-1269 avia-img-lazy-loading-1269\"  width=\"495\" height=\"400\" src=\"https:\/\/tekamixers.com\/wp-content\/uploads\/2014\/08\/Schrapper-THS-Erlangen-2-495x400.jpg\" title='Schrapper-THS-Erlangen-2' alt='' srcset=\"https:\/\/tekamixers.com\/wp-content\/uploads\/2014\/08\/Schrapper-THS-Erlangen-2-495x400.jpg 495w, https:\/\/tekamixers.com\/wp-content\/uploads\/2014\/08\/Schrapper-THS-Erlangen-2-710x575.jpg 710w\" sizes=\"auto, (max-width: 495px) 100vw, 495px\" \/><\/div><\/a><a href=\"https:\/\/tekamixers.com\/wp-content\/uploads\/2014\/08\/Schrapper-THS-Berger-Oschatz-1030x667.jpg\" data-srcset=\"https:\/\/tekamixers.com\/wp-content\/uploads\/2014\/08\/Schrapper-THS-Berger-Oschatz-1030x667.jpg 1030w, https:\/\/tekamixers.com\/wp-content\/uploads\/2014\/08\/Schrapper-THS-Berger-Oschatz-300x194.jpg 300w, https:\/\/tekamixers.com\/wp-content\/uploads\/2014\/08\/Schrapper-THS-Berger-Oschatz-705x457.jpg 705w, https:\/\/tekamixers.com\/wp-content\/uploads\/2014\/08\/Schrapper-THS-Berger-Oschatz-450x291.jpg 450w, https:\/\/tekamixers.com\/wp-content\/uploads\/2014\/08\/Schrapper-THS-Berger-Oschatz.jpg 1200w\" data-sizes=\"(max-width: 1030px) 100vw, 1030px\" data-rel='gallery-1' data-prev-img='https:\/\/tekamixers.com\/wp-content\/uploads\/2014\/08\/Schrapper-THS-Berger-Oschatz-495x400.jpg' class='lightbox ' data-onclick='4' title='Schrapper-THS-Berger-Oschatz'  itemprop=\"thumbnailUrl\"  ><img decoding=\"async\" fetchpriority=\"high\" class=\"wp-image-1266 avia-img-lazy-loading-not-1266\"   src=\"https:\/\/tekamixers.com\/wp-content\/uploads\/2014\/08\/Schrapper-THS-Berger-Oschatz-495x400.jpg\" width=\"495\" height=\"400\"  title='Schrapper-THS-Berger-Oschatz' alt='' srcset=\"https:\/\/tekamixers.com\/wp-content\/uploads\/2014\/08\/Schrapper-THS-Berger-Oschatz-495x400.jpg 495w, https:\/\/tekamixers.com\/wp-content\/uploads\/2014\/08\/Schrapper-THS-Berger-Oschatz-710x575.jpg 710w\" sizes=\"(max-width: 495px) 100vw, 495px\" \/><div class='big-prev-fake'><img decoding=\"async\" loading=\"lazy\" class=\"wp-image-1266 avia-img-lazy-loading-1266\"  width=\"495\" height=\"400\" src=\"https:\/\/tekamixers.com\/wp-content\/uploads\/2014\/08\/Schrapper-THS-Berger-Oschatz-495x400.jpg\" title='Schrapper-THS-Berger-Oschatz' alt='' srcset=\"https:\/\/tekamixers.com\/wp-content\/uploads\/2014\/08\/Schrapper-THS-Berger-Oschatz-495x400.jpg 495w, https:\/\/tekamixers.com\/wp-content\/uploads\/2014\/08\/Schrapper-THS-Berger-Oschatz-710x575.jpg 710w\" sizes=\"auto, (max-width: 495px) 100vw, 495px\" \/><\/div><\/a><a href=\"https:\/\/tekamixers.com\/wp-content\/uploads\/2014\/08\/Schrapper-THS-Berger-Eggenf-1030x778.jpg\" data-srcset=\"https:\/\/tekamixers.com\/wp-content\/uploads\/2014\/08\/Schrapper-THS-Berger-Eggenf-1030x778.jpg 1030w, https:\/\/tekamixers.com\/wp-content\/uploads\/2014\/08\/Schrapper-THS-Berger-Eggenf-300x226.jpg 300w, https:\/\/tekamixers.com\/wp-content\/uploads\/2014\/08\/Schrapper-THS-Berger-Eggenf-705x532.jpg 705w, https:\/\/tekamixers.com\/wp-content\/uploads\/2014\/08\/Schrapper-THS-Berger-Eggenf-450x340.jpg 450w, https:\/\/tekamixers.com\/wp-content\/uploads\/2014\/08\/Schrapper-THS-Berger-Eggenf.jpg 1200w\" data-sizes=\"(max-width: 1030px) 100vw, 1030px\" data-rel='gallery-1' data-prev-img='https:\/\/tekamixers.com\/wp-content\/uploads\/2014\/08\/Schrapper-THS-Berger-Eggenf-495x400.jpg' class='lightbox ' data-onclick='5' title='Schrapper-THS-Berger-Eggenf'  itemprop=\"thumbnailUrl\"  ><img decoding=\"async\" fetchpriority=\"high\" class=\"wp-image-1263 avia-img-lazy-loading-not-1263\"   src=\"https:\/\/tekamixers.com\/wp-content\/uploads\/2014\/08\/Schrapper-THS-Berger-Eggenf-495x400.jpg\" width=\"495\" height=\"400\"  title='Schrapper-THS-Berger-Eggenf' alt='' srcset=\"https:\/\/tekamixers.com\/wp-content\/uploads\/2014\/08\/Schrapper-THS-Berger-Eggenf-495x400.jpg 495w, https:\/\/tekamixers.com\/wp-content\/uploads\/2014\/08\/Schrapper-THS-Berger-Eggenf-710x575.jpg 710w\" sizes=\"(max-width: 495px) 100vw, 495px\" \/><div class='big-prev-fake'><img decoding=\"async\" loading=\"lazy\" class=\"wp-image-1263 avia-img-lazy-loading-1263\"  width=\"495\" height=\"400\" src=\"https:\/\/tekamixers.com\/wp-content\/uploads\/2014\/08\/Schrapper-THS-Berger-Eggenf-495x400.jpg\" title='Schrapper-THS-Berger-Eggenf' alt='' srcset=\"https:\/\/tekamixers.com\/wp-content\/uploads\/2014\/08\/Schrapper-THS-Berger-Eggenf-495x400.jpg 495w, https:\/\/tekamixers.com\/wp-content\/uploads\/2014\/08\/Schrapper-THS-Berger-Eggenf-710x575.jpg 710w\" sizes=\"auto, (max-width: 495px) 100vw, 495px\" \/><\/div><\/a><a href=\"https:\/\/tekamixers.com\/wp-content\/uploads\/2014\/08\/Schrapper-THS-Amberg-1030x706.jpg\" data-srcset=\"https:\/\/tekamixers.com\/wp-content\/uploads\/2014\/08\/Schrapper-THS-Amberg-1030x706.jpg 1030w, https:\/\/tekamixers.com\/wp-content\/uploads\/2014\/08\/Schrapper-THS-Amberg-300x205.jpg 300w, https:\/\/tekamixers.com\/wp-content\/uploads\/2014\/08\/Schrapper-THS-Amberg-705x483.jpg 705w, https:\/\/tekamixers.com\/wp-content\/uploads\/2014\/08\/Schrapper-THS-Amberg-450x308.jpg 450w, https:\/\/tekamixers.com\/wp-content\/uploads\/2014\/08\/Schrapper-THS-Amberg.jpg 1200w\" data-sizes=\"(max-width: 1030px) 100vw, 1030px\" data-rel='gallery-1' data-prev-img='https:\/\/tekamixers.com\/wp-content\/uploads\/2014\/08\/Schrapper-THS-Amberg-495x400.jpg' class='first_thumb lightbox ' data-onclick='6' title='Schrapper-THS-Amberg'  itemprop=\"thumbnailUrl\"  ><img decoding=\"async\" fetchpriority=\"high\" class=\"wp-image-1260 avia-img-lazy-loading-not-1260\"   src=\"https:\/\/tekamixers.com\/wp-content\/uploads\/2014\/08\/Schrapper-THS-Amberg-495x400.jpg\" width=\"495\" height=\"400\"  title='Schrapper-THS-Amberg' alt='' srcset=\"https:\/\/tekamixers.com\/wp-content\/uploads\/2014\/08\/Schrapper-THS-Amberg-495x400.jpg 495w, https:\/\/tekamixers.com\/wp-content\/uploads\/2014\/08\/Schrapper-THS-Amberg-710x575.jpg 710w\" sizes=\"(max-width: 495px) 100vw, 495px\" \/><div class='big-prev-fake'><img decoding=\"async\" loading=\"lazy\" class=\"wp-image-1260 avia-img-lazy-loading-1260\"  width=\"495\" height=\"400\" src=\"https:\/\/tekamixers.com\/wp-content\/uploads\/2014\/08\/Schrapper-THS-Amberg-495x400.jpg\" title='Schrapper-THS-Amberg' alt='' srcset=\"https:\/\/tekamixers.com\/wp-content\/uploads\/2014\/08\/Schrapper-THS-Amberg-495x400.jpg 495w, https:\/\/tekamixers.com\/wp-content\/uploads\/2014\/08\/Schrapper-THS-Amberg-710x575.jpg 710w\" sizes=\"auto, (max-width: 495px) 100vw, 495px\" \/><\/div><\/a><\/div><\/div>\n\n","protected":false},"excerpt":{"rendered":"","protected":false},"author":7,"featured_media":0,"parent":638,"menu_order":0,"comment_status":"closed","ping_status":"closed","template":"","meta":{"footnotes":""},"class_list":["post-643","page","type-page","status-publish","hentry"],"_links":{"self":[{"href":"https:\/\/tekamixers.com\/es\/wp-json\/wp\/v2\/pages\/643","targetHints":{"allow":["GET"]}}],"collection":[{"href":"https:\/\/tekamixers.com\/es\/wp-json\/wp\/v2\/pages"}],"about":[{"href":"https:\/\/tekamixers.com\/es\/wp-json\/wp\/v2\/types\/page"}],"author":[{"embeddable":true,"href":"https:\/\/tekamixers.com\/es\/wp-json\/wp\/v2\/users\/7"}],"replies":[{"embeddable":true,"href":"https:\/\/tekamixers.com\/es\/wp-json\/wp\/v2\/comments?post=643"}],"version-history":[{"count":6,"href":"https:\/\/tekamixers.com\/es\/wp-json\/wp\/v2\/pages\/643\/revisions"}],"predecessor-version":[{"id":5089,"href":"https:\/\/tekamixers.com\/es\/wp-json\/wp\/v2\/pages\/643\/revisions\/5089"}],"up":[{"embeddable":true,"href":"https:\/\/tekamixers.com\/es\/wp-json\/wp\/v2\/pages\/638"}],"wp:attachment":[{"href":"https:\/\/tekamixers.com\/es\/wp-json\/wp\/v2\/media?parent=643"}],"curies":[{"name":"wp","href":"https:\/\/api.w.org\/{rel}","templated":true}]}}