{"id":658,"date":"2014-08-14T19:23:50","date_gmt":"2014-08-14T23:23:50","guid":{"rendered":"http:\/\/teka.de\/unternehmen\/teka-international\/"},"modified":"2022-09-30T12:29:30","modified_gmt":"2022-09-30T16:29:30","slug":"teka-international","status":"publish","type":"page","link":"https:\/\/tekamixers.com\/es\/la-empresa\/teka-international\/","title":{"rendered":"TEKA-Internacional"},"content":{"rendered":"\n<style type=\"text\/css\" data-created_by=\"avia_inline_auto\" id=\"style-css-av-jyo4yk01-7750282703b5b0171d387c45c68fac94\">\n.avia-section.av-jyo4yk01-7750282703b5b0171d387c45c68fac94{\nbackground-repeat:no-repeat;\nbackground-image:url(https:\/\/tekamixers.com\/wp-content\/uploads\/2019\/07\/Startbild-1-1.jpg);\nbackground-position:50% 50%;\nbackground-attachment:scroll;\n}\n<\/style>\n<div id='av_section_1'  class='avia-section av-jyo4yk01-7750282703b5b0171d387c45c68fac94 main_color avia-section-default avia-no-border-styling  avia-builder-el-0  el_before_av_one_half  avia-builder-el-first  avia-full-stretch avia-bg-style-scroll av-minimum-height av-minimum-height-50 av-height-50  container_wrap fullsize'  data-section-bg-repeat='stretch' data-av_minimum_height_pc='50' data-av_min_height_opt='50'><div class='container av-section-cont-open' ><main  role=\"main\" itemprop=\"mainContentOfPage\"  class='template-page content  av-content-full alpha units'><div class='post-entry post-entry-type-page post-entry-658'><div class='entry-content-wrapper clearfix'><\/div><\/div><\/main><!-- close content main element --><\/div><\/div><div id='after_section_1'  class='main_color av_default_container_wrap container_wrap fullsize'  ><div class='container av-section-cont-open' ><div class='template-page content  av-content-full alpha units'><div class='post-entry post-entry-type-page post-entry-658'><div class='entry-content-wrapper clearfix'>\n<div class='flex_column_table av-5qxs0-5759a3ecf15e40888d529cc50655aaa6 sc-av_one_half av-equal-height-column-flextable'>\n<style type=\"text\/css\" data-created_by=\"avia_inline_auto\" id=\"style-css-av-5qxs0-5759a3ecf15e40888d529cc50655aaa6\">\n#top .flex_column_table.av-equal-height-column-flextable.av-5qxs0-5759a3ecf15e40888d529cc50655aaa6{\nmargin-top:-118px;\nmargin-bottom:0px;\n}\n.flex_column.av-5qxs0-5759a3ecf15e40888d529cc50655aaa6{\nborder-radius:0px 0px 0px 0px;\npadding:10px 10px 10px 10px;\nbackground-color:#f38431;\n}\n<\/style>\n<div  class='flex_column av-5qxs0-5759a3ecf15e40888d529cc50655aaa6 av_one_half  avia-builder-el-1  el_after_av_section  el_before_av_one_half  avia-builder-el-first  first flex_column_table_cell av-equal-height-column av-align-top  '     ><style type=\"text\/css\" data-created_by=\"avia_inline_auto\" id=\"style-css-av-jzjoysy4-34b8888e18fe2dd966b9e6faef1d9f2b\">\n#top .av-special-heading.av-jzjoysy4-34b8888e18fe2dd966b9e6faef1d9f2b{\npadding-bottom:10px;\ncolor:#ffffff;\n}\nbody .av-special-heading.av-jzjoysy4-34b8888e18fe2dd966b9e6faef1d9f2b .av-special-heading-tag .heading-char{\nfont-size:25px;\n}\n.av-special-heading.av-jzjoysy4-34b8888e18fe2dd966b9e6faef1d9f2b .special-heading-inner-border{\nborder-color:#ffffff;\n}\n.av-special-heading.av-jzjoysy4-34b8888e18fe2dd966b9e6faef1d9f2b .av-subheading{\nfont-size:15px;\n}\n<\/style>\n<div  class='av-special-heading av-jzjoysy4-34b8888e18fe2dd966b9e6faef1d9f2b av-special-heading-h1 custom-color-heading blockquote modern-quote  avia-builder-el-2  avia-builder-el-no-sibling '><h1 class='av-special-heading-tag '  itemprop=\"headline\"  >TEKA-Internacional<\/h1><div class=\"special-heading-border\"><div class=\"special-heading-inner-border\"><\/div><\/div><\/div><\/div>\n<div class='av-flex-placeholder'><\/div>\n<style type=\"text\/css\" data-created_by=\"avia_inline_auto\" id=\"style-css-av-8e6le-a9030fb4266f588cd7a86c989672d16c\">\n#top .flex_column_table.av-equal-height-column-flextable.av-8e6le-a9030fb4266f588cd7a86c989672d16c{\nmargin-top:-118px;\nmargin-bottom:0px;\n}\n.flex_column.av-8e6le-a9030fb4266f588cd7a86c989672d16c{\nborder-radius:0px 0px 0px 0px;\npadding:0px 0px 0px 0px;\n}\n<\/style>\n<div  class='flex_column av-8e6le-a9030fb4266f588cd7a86c989672d16c av_one_half  avia-builder-el-3  el_after_av_one_half  el_before_av_one_half  flex_column_table_cell av-equal-height-column av-align-top av-zero-column-padding  '     ><\/div><\/div><!--close column table wrapper. Autoclose: 1 -->\n<div  class='flex_column av-xlb8a-81f104ae5cd2bd8d3adc0fbb1763103d av_one_half  avia-builder-el-4  el_after_av_one_half  el_before_av_one_half  first flex_column_div  column-top-margin'     ><style type=\"text\/css\" data-created_by=\"avia_inline_auto\" id=\"style-css-av-ji2utkeb-94b2167965e5b6500204e820af8a7a08\">\n.avia_message_box.av-ji2utkeb-94b2167965e5b6500204e820af8a7a08{\nbackground-color:#ff9a1f;\ncolor:#ffffff;\n}\n.avia_message_box.av-ji2utkeb-94b2167965e5b6500204e820af8a7a08 .avia_message_box_icon.avia-svg-icon svg:first-child{\nfill:#ffffff;\nstroke:#ffffff;\n}\n<\/style>\n<div id='avia-messagebox-' class='avia_message_box av_notification av-ji2utkeb-94b2167965e5b6500204e820af8a7a08 avia-color-custom avia-size-large avia-icon_select-yes avia-border-  avia-builder-el-5  avia-builder-el-no-sibling ' ><div class=\"avia_message_box_content\"><span class='avia_message_box_icon avia-iconfont avia-font-entypo-fontello' data-av_icon='\ue812' data-av_iconfont='entypo-fontello' ><\/span><p>Contamos con empresas filiales en China, Francia, Polonia, Espa\u00f1a y Norteam\u00e9rica, as\u00ed como distribuidores y oficinas representantes por todo el mundo.<\/p>\n<\/div><\/div><\/div>\n\n<style type=\"text\/css\" data-created_by=\"avia_inline_auto\" id=\"style-css-av-av_one_half-da852e3ef3e55b029d2629c41a20524d\">\n.flex_column.av-av_one_half-da852e3ef3e55b029d2629c41a20524d{\nborder-radius:0px 0px 0px 0px;\npadding:0px 0px 0px 0px;\n}\n<\/style>\n<div  class='flex_column av-av_one_half-da852e3ef3e55b029d2629c41a20524d av_one_half  avia-builder-el-6  el_after_av_one_half  el_before_av_one_half  flex_column_div av-zero-column-padding  column-top-margin'     ><\/div>\n<div  class='flex_column av-ov3i2-44d377993de5e7d004f03378d9bc8cc5 av_one_half  avia-builder-el-7  el_after_av_one_half  el_before_av_one_half  first flex_column_div  column-top-margin'     ><section  class='av_textblock_section av-m6esi-b8b55c8d1079995dad0cf659c6da5566 '   itemscope=\"itemscope\" itemtype=\"https:\/\/schema.org\/CreativeWork\" ><div class='avia_textblock'  itemprop=\"text\" ><h5>TEKA Espana S.A.,<\/h5>\n<p>c\/. Gaudi, 34, Poligono Industrial<br \/>\n08120 La Llagosta &#8211; Barcelona<br \/>\nEspana<\/p>\n<p>Tel. 0034 935 743 900<br \/>\nFax 0034 935 605 061<\/p>\n<p>E-mail: <a href=\"mailto:tekaspain@tekaspain.net\">tekaspain(at)tekaspain.net<\/a><br \/>\nInternet: <a href=\"http:\/\/www.teka.de\">www.teka.de<\/a><\/p>\n<h5>TEKA France s.a.r.l.<\/h5>\n<p>19, Ave. de la Gare<br \/>\nF-67160 Wissembourg<br \/>\nFrance<\/p>\n<p>Tel. 0033 388 949 588<br \/>\nFax 0033 388 543 218<\/p>\n<p>E-mail: <a href=\"mailto:info@teka-france.fr\">info(at)teka-france.fr<\/a><br \/>\nInternet: <a href=\"http:\/\/www.teka-france.fr\">www.teka-france.fr<\/a><\/p>\n<\/div><\/section><\/div>\n\n<style type=\"text\/css\" data-created_by=\"avia_inline_auto\" id=\"style-css-av-d2jju-a13f166e20a578815a64e742370916b5\">\n.flex_column.av-d2jju-a13f166e20a578815a64e742370916b5{\nborder-radius:0px 0px 0px 0px;\npadding:0px 0px 0px 0px;\n}\n<\/style>\n<div  class='flex_column av-d2jju-a13f166e20a578815a64e742370916b5 av_one_half  avia-builder-el-9  el_after_av_one_half  avia-builder-el-last  flex_column_div av-zero-column-padding  column-top-margin'     ><section  class='av_textblock_section av-b58ya-843f4a878ad34a95f83c043b256074e7 '   itemscope=\"itemscope\" itemtype=\"https:\/\/schema.org\/CreativeWork\" ><div class='avia_textblock'  itemprop=\"text\" ><h5>TEKA Maszyny Budowlane SP.Z.O.O.<\/h5>\n<p>ul. G\u00f3rczewska 137<br \/>\n01 &#8211; 459 Warszawa<br \/>\nPoland<\/p>\n<p>Tel. 0048 228 773 895<br \/>\nFax 0048 228 772 001<\/p>\n<p>E-mail: <a href=\"mailto:tekapolska@tekapolska.pl\">tekapolska(at)tekapolska.pl<br \/>\n<\/a>Internet:<a href=\"http:\/\/www.tekapolska.pl\"> www.tekapolska.pl<\/a><\/p>\n<h5>TEKA Machinery (Taicang) Co., Ltd.<\/h5>\n<p>Lou Jiang Bei Lu 8 Hao<br \/>\nCN-215400 Taicang, Jiangsu<br \/>\nChina<\/p>\n<p>Tel. 0086 512 535 76 251<br \/>\nFax 0086 512 535 76 252<br \/>\nMobil 0086 13 37 21 16 696<\/p>\n<p>E-mail: <a href=\"mailto:info@teka-maschinenbau.cn\">info(at)teka-maschinenbau.cn<\/a><br \/>\nInternet: <a href=\"http:\/\/www.teka-maschinenbau.cn\">www.teka-maschinenbau.cn<\/a><\/p>\n<h5>TEKA North America Inc.<\/h5>\n<p>1009 Scenic Parkway, Unit F<br \/>\nChesapeake, VA 23323<\/p>\n<p>Tel.\u00a0757 558 8846<br \/>\nFax 757 558 8847<\/p>\n<p>E-mail:<a href=\"mailto:%20info@tekamixers.com\"> info(at)tekamixers.com<\/a><br \/>\nInternet: <a href=\"https:\/\/tekamixers.com\">www.tekamixers.com<\/a><\/p>\n<\/div><\/section><\/div>\n","protected":false},"excerpt":{"rendered":"","protected":false},"author":7,"featured_media":0,"parent":648,"menu_order":0,"comment_status":"closed","ping_status":"closed","template":"","meta":{"footnotes":""},"class_list":["post-658","page","type-page","status-publish","hentry"],"_links":{"self":[{"href":"https:\/\/tekamixers.com\/es\/wp-json\/wp\/v2\/pages\/658","targetHints":{"allow":["GET"]}}],"collection":[{"href":"https:\/\/tekamixers.com\/es\/wp-json\/wp\/v2\/pages"}],"about":[{"href":"https:\/\/tekamixers.com\/es\/wp-json\/wp\/v2\/types\/page"}],"author":[{"embeddable":true,"href":"https:\/\/tekamixers.com\/es\/wp-json\/wp\/v2\/users\/7"}],"replies":[{"embeddable":true,"href":"https:\/\/tekamixers.com\/es\/wp-json\/wp\/v2\/comments?post=658"}],"version-history":[{"count":8,"href":"https:\/\/tekamixers.com\/es\/wp-json\/wp\/v2\/pages\/658\/revisions"}],"predecessor-version":[{"id":5057,"href":"https:\/\/tekamixers.com\/es\/wp-json\/wp\/v2\/pages\/658\/revisions\/5057"}],"up":[{"embeddable":true,"href":"https:\/\/tekamixers.com\/es\/wp-json\/wp\/v2\/pages\/648"}],"wp:attachment":[{"href":"https:\/\/tekamixers.com\/es\/wp-json\/wp\/v2\/media?parent=658"}],"curies":[{"name":"wp","href":"https:\/\/api.w.org\/{rel}","templated":true}]}}